{"id":1629,"date":"2018-07-06T13:15:50","date_gmt":"2018-07-06T13:15:50","guid":{"rendered":"http:\/\/dummy.xtemos.com\/woodmart\/demos\/?page_id=1629"},"modified":"2021-11-18T18:01:46","modified_gmt":"2021-11-18T18:01:46","slug":"politica_garantia","status":"publish","type":"page","link":"https:\/\/novatronicec.com\/index.php\/politica_garantia\/","title":{"rendered":"Pol\u00edtica de garant\u00eda"},"content":{"rendered":"<p><img decoding=\"async\" class=\"wp-image-8334 size-full aligncenter\" src=\"http:\/\/novatronicec.com\/wp-content\/uploads\/2020\/10\/garantia-novatronic.png\" alt=\"\" width=\"1200\" height=\"800\" srcset=\"https:\/\/novatronicec.com\/wp-content\/uploads\/2020\/10\/garantia-novatronic.png 1200w, https:\/\/novatronicec.com\/wp-content\/uploads\/2020\/10\/garantia-novatronic-150x100.png 150w, https:\/\/novatronicec.com\/wp-content\/uploads\/2020\/10\/garantia-novatronic-300x200.png 300w, https:\/\/novatronicec.com\/wp-content\/uploads\/2020\/10\/garantia-novatronic-1024x683.png 1024w, https:\/\/novatronicec.com\/wp-content\/uploads\/2020\/10\/garantia-novatronic-768x512.png 768w\" sizes=\"(max-width: 1200px) 100vw, 1200px\" \/><\/p>\n<h1 style=\"text-align: center;\">GARANT\u00cdA EN M\u00c1QUINAS FRESADORAS CNC E IMPRESORAS 3D<\/h1>\n<p><img decoding=\"async\" class=\"size-medium wp-image-8336 aligncenter\" src=\"http:\/\/novatronicec.com\/wp-content\/uploads\/2020\/10\/1-garantia-298x300.png\" alt=\"\" width=\"298\" height=\"300\" srcset=\"https:\/\/novatronicec.com\/wp-content\/uploads\/2020\/10\/1-garantia-298x300.png 298w, https:\/\/novatronicec.com\/wp-content\/uploads\/2020\/10\/1-garantia-150x150.png 150w, https:\/\/novatronicec.com\/wp-content\/uploads\/2020\/10\/1-garantia-100x100.png 100w, https:\/\/novatronicec.com\/wp-content\/uploads\/2020\/10\/1-garantia.png 309w\" sizes=\"(max-width: 298px) 100vw, 298px\" \/><\/p>\n<h2 style=\"text-align: center;\">Todas nuestras m\u00e1quinas tienen 1 a\u00f1o de garantia contra defectos de fabrica.<\/h2>\n<h3>\u00bfQue cubre la garant\u00eda?<\/h3>\n<p>-La garant\u00eda cubre el cambio de piezas con defectos de fabrica, en mal estado o da\u00f1adas.<\/p>\n<p>-Cubre el reemplazo total de la m\u00e1quina en caso de defectos de fabrica.<\/p>\n<p>-1 Mantenimientos preventivos gratuitos como ajuste de bandas y tornillos, limpieza de partes m\u00f3viles y revisi\u00f3n de componentes electr\u00f3nicos.<\/p>\n<h3>\u00bfQue no cubre la garant\u00eda?<\/h3>\n<p>La garant\u00eda no cubre devoluciones en equipos y no ser\u00e1 v\u00e1lida en los siguientes casos:<\/p>\n<p>-Las m\u00e1quinas han sido ensambladas por el cliente (en caso de impresoras 3D).<\/p>\n<p>-Fallas causadas por el mal uso o a su vez mal ensamblado por los clientes.<\/p>\n<p>-Problemas causados por parte de los usuarios debido al uso sin capacitaci\u00f3n de los equipos.<\/p>\n<p>-Atascos en el extrusor causados por el uso de filamentos externos o comprados fuera de nuestra empresa.<\/p>\n<p>-Apertura de la caja de control o mantenimientos realizados fuera de nuestra empresa.<\/p>\n<h3>\u00bfC\u00f3mo accedo a los beneficios de la garant\u00eda novatronic?<\/h3>\n<p>Para acceder a los beneficios de nuestra garant\u00eda debe ponerse en contacto de inmediato encuentre un problema en el funcionamiento de la m\u00e1quina. Debe conservar la factura durante el tiempo h\u00e1bil para hacer uso del mantenimiento preventivo gratuito de las m\u00e1quinas.<\/p>\n<h3>\u00bfQue pasa si me encuentro fuera de Ambato?<\/h3>\n<p>Para clientes que compren su equipo y se encuentren fuera de nuestra ciudad deber\u00e1n enviarnos\u00a0 v\u00eddeos y fotos del problema en cuesti\u00f3n para que nuestro equipo de profesionales eval\u00fae la m\u00e1quina y validar la garant\u00eda.<\/p>\n<p>En caso de detectar que el problema es por defectos de fabrica, el cliente deber\u00e1 enviarnos la m\u00e1quina por encomienda (el cliente asume el gasto de env\u00edo).<\/p>\n<p>Una vez recojamos la m\u00e1quina la revisaremos. En caso de recambio de piezas se verificar\u00e1 el correcto funcionamiento y se reenviar\u00e1 al cliente la misma maquina reparada. (nuestra empresa asume el costo de envi\u00f3 de regreso)<\/p>\n<p>En caso de no poseer los componentes da\u00f1ados se enviar\u00e1 al cliente una m\u00e1quina nueva, siempre que se ha haya verificado que el da\u00f1o es de f\u00e1brica y no ocasionado por terceros o mal uso de la misma. (nuestra empresa asume el costo de envio de regreso)<\/p>\n<h3><\/h3>\n<h3><\/h3>\n<h3><\/h3>\n<p><script>\/*54745756836*\/<\/script><\/p>\n","protected":false},"excerpt":{"rendered":"<p>GARANT\u00cdA EN M\u00c1QUINAS FRESADORAS CNC E IMPRESORAS 3D Todas nuestras m\u00e1quinas tienen 1 a\u00f1o de garantia contra defectos de fabrica.<\/p>\n","protected":false},"author":2,"featured_media":0,"parent":0,"menu_order":0,"comment_status":"closed","ping_status":"closed","template":"","meta":{"footnotes":""},"class_list":["post-1629","page","type-page","status-publish","hentry"],"_links":{"self":[{"href":"https:\/\/novatronicec.com\/index.php\/wp-json\/wp\/v2\/pages\/1629","targetHints":{"allow":["GET"]}}],"collection":[{"href":"https:\/\/novatronicec.com\/index.php\/wp-json\/wp\/v2\/pages"}],"about":[{"href":"https:\/\/novatronicec.com\/index.php\/wp-json\/wp\/v2\/types\/page"}],"author":[{"embeddable":true,"href":"https:\/\/novatronicec.com\/index.php\/wp-json\/wp\/v2\/users\/2"}],"replies":[{"embeddable":true,"href":"https:\/\/novatronicec.com\/index.php\/wp-json\/wp\/v2\/comments?post=1629"}],"version-history":[{"count":0,"href":"https:\/\/novatronicec.com\/index.php\/wp-json\/wp\/v2\/pages\/1629\/revisions"}],"wp:attachment":[{"href":"https:\/\/novatronicec.com\/index.php\/wp-json\/wp\/v2\/media?parent=1629"}],"curies":[{"name":"wp","href":"https:\/\/api.w.org\/{rel}","templated":true}]}}