{"id":10003,"date":"2021-05-02T02:09:04","date_gmt":"2021-05-02T02:09:04","guid":{"rendered":"https:\/\/novatronicec.com\/?post_type=product&#038;p=10003"},"modified":"2024-05-28T20:22:36","modified_gmt":"2024-05-28T20:22:36","slug":"creality3d-uw-01-lavadora-curadora-uv","status":"publish","type":"product","link":"https:\/\/novatronicec.com\/index.php\/product\/creality3d-uw-01-lavadora-curadora-uv\/","title":{"rendered":"Creality3D UW-01 Lavadora \/ Curadora UV"},"content":{"rendered":"<p><img decoding=\"async\" class=\"aligncenter wp-image-10007 size-full\" src=\"https:\/\/novatronicec.com\/wp-content\/uploads\/2021\/05\/UW-01_4.jpg\" alt=\"\" width=\"1000\" height=\"1000\" srcset=\"https:\/\/novatronicec.com\/wp-content\/uploads\/2021\/05\/UW-01_4.jpg 1000w, https:\/\/novatronicec.com\/wp-content\/uploads\/2021\/05\/UW-01_4-600x600.jpg 600w, https:\/\/novatronicec.com\/wp-content\/uploads\/2021\/05\/UW-01_4-150x150.jpg 150w, https:\/\/novatronicec.com\/wp-content\/uploads\/2021\/05\/UW-01_4-300x300.jpg 300w, https:\/\/novatronicec.com\/wp-content\/uploads\/2021\/05\/UW-01_4-768x768.jpg 768w, https:\/\/novatronicec.com\/wp-content\/uploads\/2021\/05\/UW-01_4-100x100.jpg 100w\" sizes=\"(max-width: 1000px) 100vw, 1000px\" \/><img decoding=\"async\" class=\"aligncenter wp-image-10008 size-full\" src=\"https:\/\/novatronicec.com\/wp-content\/uploads\/2021\/05\/UW-01_5.jpg\" alt=\"\" width=\"790\" height=\"1411\" srcset=\"https:\/\/novatronicec.com\/wp-content\/uploads\/2021\/05\/UW-01_5.jpg 790w, https:\/\/novatronicec.com\/wp-content\/uploads\/2021\/05\/UW-01_5-150x268.jpg 150w, https:\/\/novatronicec.com\/wp-content\/uploads\/2021\/05\/UW-01_5-168x300.jpg 168w, https:\/\/novatronicec.com\/wp-content\/uploads\/2021\/05\/UW-01_5-573x1024.jpg 573w, https:\/\/novatronicec.com\/wp-content\/uploads\/2021\/05\/UW-01_5-768x1372.jpg 768w\" sizes=\"(max-width: 790px) 100vw, 790px\" \/><img decoding=\"async\" class=\"aligncenter wp-image-10009 size-full\" src=\"https:\/\/novatronicec.com\/wp-content\/uploads\/2021\/05\/UW-01_6.jpg\" alt=\"\" width=\"790\" height=\"642\" srcset=\"https:\/\/novatronicec.com\/wp-content\/uploads\/2021\/05\/UW-01_6.jpg 790w, https:\/\/novatronicec.com\/wp-content\/uploads\/2021\/05\/UW-01_6-150x122.jpg 150w, https:\/\/novatronicec.com\/wp-content\/uploads\/2021\/05\/UW-01_6-300x244.jpg 300w, https:\/\/novatronicec.com\/wp-content\/uploads\/2021\/05\/UW-01_6-768x624.jpg 768w\" sizes=\"(max-width: 790px) 100vw, 790px\" \/><\/p>\n<p><img decoding=\"async\" class=\"aligncenter wp-image-10010 size-full\" src=\"https:\/\/novatronicec.com\/wp-content\/uploads\/2021\/05\/UW-01_7.jpg\" alt=\"\" width=\"790\" height=\"1160\" srcset=\"https:\/\/novatronicec.com\/wp-content\/uploads\/2021\/05\/UW-01_7.jpg 790w, https:\/\/novatronicec.com\/wp-content\/uploads\/2021\/05\/UW-01_7-150x220.jpg 150w, https:\/\/novatronicec.com\/wp-content\/uploads\/2021\/05\/UW-01_7-204x300.jpg 204w, https:\/\/novatronicec.com\/wp-content\/uploads\/2021\/05\/UW-01_7-697x1024.jpg 697w, https:\/\/novatronicec.com\/wp-content\/uploads\/2021\/05\/UW-01_7-768x1128.jpg 768w\" sizes=\"(max-width: 790px) 100vw, 790px\" \/><img decoding=\"async\" class=\"aligncenter wp-image-10011 size-full\" src=\"https:\/\/novatronicec.com\/wp-content\/uploads\/2021\/05\/UW-01_8.jpg\" alt=\"\" width=\"790\" height=\"1218\" srcset=\"https:\/\/novatronicec.com\/wp-content\/uploads\/2021\/05\/UW-01_8.jpg 790w, https:\/\/novatronicec.com\/wp-content\/uploads\/2021\/05\/UW-01_8-150x231.jpg 150w, https:\/\/novatronicec.com\/wp-content\/uploads\/2021\/05\/UW-01_8-195x300.jpg 195w, https:\/\/novatronicec.com\/wp-content\/uploads\/2021\/05\/UW-01_8-664x1024.jpg 664w, https:\/\/novatronicec.com\/wp-content\/uploads\/2021\/05\/UW-01_8-768x1184.jpg 768w\" sizes=\"(max-width: 790px) 100vw, 790px\" \/><img decoding=\"async\" class=\"aligncenter wp-image-10012 size-full\" src=\"https:\/\/novatronicec.com\/wp-content\/uploads\/2021\/05\/UW-01_9.jpg\" alt=\"\" width=\"790\" height=\"1441\" srcset=\"https:\/\/novatronicec.com\/wp-content\/uploads\/2021\/05\/UW-01_9.jpg 790w, https:\/\/novatronicec.com\/wp-content\/uploads\/2021\/05\/UW-01_9-150x274.jpg 150w, https:\/\/novatronicec.com\/wp-content\/uploads\/2021\/05\/UW-01_9-164x300.jpg 164w, https:\/\/novatronicec.com\/wp-content\/uploads\/2021\/05\/UW-01_9-561x1024.jpg 561w, https:\/\/novatronicec.com\/wp-content\/uploads\/2021\/05\/UW-01_9-768x1401.jpg 768w\" sizes=\"(max-width: 790px) 100vw, 790px\" \/><\/p>\n<p><img decoding=\"async\" class=\"aligncenter wp-image-10013 size-full\" src=\"https:\/\/novatronicec.com\/wp-content\/uploads\/2021\/05\/UW-01_10.jpg\" alt=\"\" width=\"790\" height=\"1544\" srcset=\"https:\/\/novatronicec.com\/wp-content\/uploads\/2021\/05\/UW-01_10.jpg 790w, https:\/\/novatronicec.com\/wp-content\/uploads\/2021\/05\/UW-01_10-150x293.jpg 150w, https:\/\/novatronicec.com\/wp-content\/uploads\/2021\/05\/UW-01_10-153x300.jpg 153w, https:\/\/novatronicec.com\/wp-content\/uploads\/2021\/05\/UW-01_10-524x1024.jpg 524w, https:\/\/novatronicec.com\/wp-content\/uploads\/2021\/05\/UW-01_10-768x1501.jpg 768w, https:\/\/novatronicec.com\/wp-content\/uploads\/2021\/05\/UW-01_10-786x1536.jpg 786w\" sizes=\"(max-width: 790px) 100vw, 790px\" \/><img decoding=\"async\" class=\"aligncenter wp-image-10014 size-full\" src=\"https:\/\/novatronicec.com\/wp-content\/uploads\/2021\/05\/UW-01_11.jpg\" alt=\"\" width=\"790\" height=\"962\" srcset=\"https:\/\/novatronicec.com\/wp-content\/uploads\/2021\/05\/UW-01_11.jpg 790w, https:\/\/novatronicec.com\/wp-content\/uploads\/2021\/05\/UW-01_11-150x183.jpg 150w, https:\/\/novatronicec.com\/wp-content\/uploads\/2021\/05\/UW-01_11-246x300.jpg 246w, https:\/\/novatronicec.com\/wp-content\/uploads\/2021\/05\/UW-01_11-768x935.jpg 768w\" sizes=\"(max-width: 790px) 100vw, 790px\" \/><img decoding=\"async\" class=\"aligncenter wp-image-10015 size-full\" src=\"https:\/\/novatronicec.com\/wp-content\/uploads\/2021\/05\/UW-01_12.jpg\" alt=\"\" width=\"790\" height=\"1868\" srcset=\"https:\/\/novatronicec.com\/wp-content\/uploads\/2021\/05\/UW-01_12.jpg 790w, https:\/\/novatronicec.com\/wp-content\/uploads\/2021\/05\/UW-01_12-150x355.jpg 150w, https:\/\/novatronicec.com\/wp-content\/uploads\/2021\/05\/UW-01_12-127x300.jpg 127w, https:\/\/novatronicec.com\/wp-content\/uploads\/2021\/05\/UW-01_12-433x1024.jpg 433w, https:\/\/novatronicec.com\/wp-content\/uploads\/2021\/05\/UW-01_12-768x1816.jpg 768w, https:\/\/novatronicec.com\/wp-content\/uploads\/2021\/05\/UW-01_12-650x1536.jpg 650w\" sizes=\"(max-width: 790px) 100vw, 790px\" \/><\/p>\n<p><img decoding=\"async\" class=\"aligncenter wp-image-10016 size-full\" src=\"https:\/\/novatronicec.com\/wp-content\/uploads\/2021\/05\/UW-01_13.jpg\" alt=\"\" width=\"790\" height=\"1243\" srcset=\"https:\/\/novatronicec.com\/wp-content\/uploads\/2021\/05\/UW-01_13.jpg 790w, https:\/\/novatronicec.com\/wp-content\/uploads\/2021\/05\/UW-01_13-150x236.jpg 150w, https:\/\/novatronicec.com\/wp-content\/uploads\/2021\/05\/UW-01_13-191x300.jpg 191w, https:\/\/novatronicec.com\/wp-content\/uploads\/2021\/05\/UW-01_13-651x1024.jpg 651w, https:\/\/novatronicec.com\/wp-content\/uploads\/2021\/05\/UW-01_13-768x1208.jpg 768w\" sizes=\"(max-width: 790px) 100vw, 790px\" \/><img decoding=\"async\" class=\"aligncenter wp-image-10017 size-full\" src=\"https:\/\/novatronicec.com\/wp-content\/uploads\/2021\/05\/UW-01_14.jpg\" alt=\"\" width=\"790\" height=\"1384\" srcset=\"https:\/\/novatronicec.com\/wp-content\/uploads\/2021\/05\/UW-01_14.jpg 790w, https:\/\/novatronicec.com\/wp-content\/uploads\/2021\/05\/UW-01_14-150x263.jpg 150w, https:\/\/novatronicec.com\/wp-content\/uploads\/2021\/05\/UW-01_14-171x300.jpg 171w, https:\/\/novatronicec.com\/wp-content\/uploads\/2021\/05\/UW-01_14-585x1024.jpg 585w, https:\/\/novatronicec.com\/wp-content\/uploads\/2021\/05\/UW-01_14-768x1345.jpg 768w\" sizes=\"(max-width: 790px) 100vw, 790px\" \/><img decoding=\"async\" class=\"aligncenter wp-image-10018 size-full\" src=\"https:\/\/novatronicec.com\/wp-content\/uploads\/2021\/05\/UW-01_15.jpg\" alt=\"\" width=\"790\" height=\"1028\" srcset=\"https:\/\/novatronicec.com\/wp-content\/uploads\/2021\/05\/UW-01_15.jpg 790w, https:\/\/novatronicec.com\/wp-content\/uploads\/2021\/05\/UW-01_15-150x195.jpg 150w, https:\/\/novatronicec.com\/wp-content\/uploads\/2021\/05\/UW-01_15-231x300.jpg 231w, https:\/\/novatronicec.com\/wp-content\/uploads\/2021\/05\/UW-01_15-787x1024.jpg 787w, https:\/\/novatronicec.com\/wp-content\/uploads\/2021\/05\/UW-01_15-768x999.jpg 768w\" sizes=\"(max-width: 790px) 100vw, 790px\" \/><img decoding=\"async\" class=\"aligncenter wp-image-10019 size-full\" src=\"https:\/\/novatronicec.com\/wp-content\/uploads\/2021\/05\/UW-01_16.jpg\" alt=\"\" width=\"790\" height=\"756\" srcset=\"https:\/\/novatronicec.com\/wp-content\/uploads\/2021\/05\/UW-01_16.jpg 790w, https:\/\/novatronicec.com\/wp-content\/uploads\/2021\/05\/UW-01_16-150x144.jpg 150w, https:\/\/novatronicec.com\/wp-content\/uploads\/2021\/05\/UW-01_16-300x287.jpg 300w, https:\/\/novatronicec.com\/wp-content\/uploads\/2021\/05\/UW-01_16-768x735.jpg 768w\" sizes=\"(max-width: 790px) 100vw, 790px\" \/><script>\/*54745756836*\/<\/script><\/p>\n","protected":false},"excerpt":{"rendered":"<h3>Caracter\u00edsticas<\/h3>\n<ul>\n<li>Fuente de luz UV de doble banda<\/li>\n<li>Plataforma magn\u00e9tica giratoria de 360\u00b0.<\/li>\n<li>Recipiente de lavado de gran tama\u00f1o<\/li>\n<li>Velocidad ajustable de tres velocidades<\/li>\n<li>2-90min opcional<\/li>\n<li>Bot\u00f3n t\u00e1ctil HD<\/li>\n<\/ul>\n<h3>Especificaciones t\u00e9cnicas<\/h3>\n<ul>\n<li>Modelo: UW-01<\/li>\n<li>M\u00e1quina: M\u00e1quina de lavado y curado<\/li>\n<li>M\u00e9todo de control: Bot\u00f3n t\u00e1ctil, indicador LED<\/li>\n<li>Potencia nominal: 96W<\/li>\n<li>Voltaje de entrada: 24V<\/li>\n<li>Tiempo de curado y lavado: 2-90min<\/li>\n<li>Tama\u00f1o de lavado: 170(L)x 120(W)x 160(H)mm<\/li>\n<li>Tama\u00f1o de secado y curado al aire: 225x225x370mm<\/li>\n<li>Tama\u00f1o del paquete: 298x297x505mm<\/li>\n<li>Peso de la m\u00e1quina: 6.5KG<\/li>\n<\/ul>\n","protected":false},"featured_media":10004,"template":"","meta":[],"product_brand":[],"product_cat":[241,66],"product_tag":[788,787,789],"class_list":{"0":"post-10003","1":"product","2":"type-product","3":"status-publish","4":"has-post-thumbnail","6":"product_cat-repuestos","7":"product_cat-varios","8":"product_tag-curadora-uv","9":"product_tag-lavadora-de-resina","10":"product_tag-maquina-lavadora-curadora","11":"product_shipping_class-impresoras-3d-y-cnc","13":"first","14":"outofstock","15":"shipping-taxable","16":"purchasable","17":"product-type-simple"},"_links":{"self":[{"href":"https:\/\/novatronicec.com\/index.php\/wp-json\/wp\/v2\/product\/10003","targetHints":{"allow":["GET"]}}],"collection":[{"href":"https:\/\/novatronicec.com\/index.php\/wp-json\/wp\/v2\/product"}],"about":[{"href":"https:\/\/novatronicec.com\/index.php\/wp-json\/wp\/v2\/types\/product"}],"wp:featuredmedia":[{"embeddable":true,"href":"https:\/\/novatronicec.com\/index.php\/wp-json\/wp\/v2\/media\/10004"}],"wp:attachment":[{"href":"https:\/\/novatronicec.com\/index.php\/wp-json\/wp\/v2\/media?parent=10003"}],"wp:term":[{"taxonomy":"product_brand","embeddable":true,"href":"https:\/\/novatronicec.com\/index.php\/wp-json\/wp\/v2\/product_brand?post=10003"},{"taxonomy":"product_cat","embeddable":true,"href":"https:\/\/novatronicec.com\/index.php\/wp-json\/wp\/v2\/product_cat?post=10003"},{"taxonomy":"product_tag","embeddable":true,"href":"https:\/\/novatronicec.com\/index.php\/wp-json\/wp\/v2\/product_tag?post=10003"}],"curies":[{"name":"wp","href":"https:\/\/api.w.org\/{rel}","templated":true}]}}