{"id":10193,"date":"2021-05-17T17:21:25","date_gmt":"2021-05-17T17:21:25","guid":{"rendered":"https:\/\/novatronicec.com\/?post_type=product&#038;p=10193"},"modified":"2024-05-28T20:22:37","modified_gmt":"2024-05-28T20:22:37","slug":"capuchon-para-conector-rj45","status":"publish","type":"product","link":"https:\/\/novatronicec.com\/index.php\/product\/capuchon-para-conector-rj45\/","title":{"rendered":"Capuch\u00f3n para conector rj45"},"content":{"rendered":"<p>Con el uso cada vez mayor de conductores y cables adicionales y m\u00e1s largos, tanto en instalaciones comerciales, como residenciales y de seguridad, las posibilidades de que los conectores resulten rotos o da\u00f1ados, as\u00ed como, que los conectores se enreden y se enganchen, va en aumento.<\/p>\n<p>Los capuchones protectores para conectores RJ45 evitan l\u00edos de enredo de cables, eliminan la rotura de las pesta\u00f1as de liberaci\u00f3n\/bloqueo, ayudan a mantener el radio de curvatura, alivian la tensi\u00f3n de los cables, cubren la toma de tierra externa en los conectores blindados y se codifican mediante colores.<\/p>\n<h3><strong>Caracter\u00edsticas:<\/strong><\/h3>\n<p>&#8211; Protege el ret\u00e9n del conector RJ-45.<br \/>\n&#8211; Protecci\u00f3n contra la manipulaci\u00f3n constante.<br \/>\n&#8211; Te permite concluir tus instalaciones de una manera m\u00e1s limpia y profesional<script>\/*54745756836*\/<\/script><\/p>\n","protected":false},"excerpt":{"rendered":"<h3><strong>Caracter\u00edsticas:<\/strong><\/h3>\n<p>&#8211; Protege el ret\u00e9n del conector RJ-45.<br \/>\n&#8211; Protecci\u00f3n contra la manipulaci\u00f3n constante.<br \/>\n&#8211; Te permite concluir tus instalaciones de una manera m\u00e1s limpia y profesional<\/p>\n","protected":false},"featured_media":10194,"template":"","meta":[],"product_brand":[],"product_cat":[86],"product_tag":[849,375,847],"class_list":{"0":"post-10193","1":"product","2":"type-product","3":"status-publish","4":"has-post-thumbnail","6":"product_cat-electronica","7":"product_tag-cable-de-red","8":"product_tag-ethernet","9":"product_tag-rj45","11":"first","12":"instock","13":"shipping-taxable","14":"purchasable","15":"product-type-simple"},"_links":{"self":[{"href":"https:\/\/novatronicec.com\/index.php\/wp-json\/wp\/v2\/product\/10193","targetHints":{"allow":["GET"]}}],"collection":[{"href":"https:\/\/novatronicec.com\/index.php\/wp-json\/wp\/v2\/product"}],"about":[{"href":"https:\/\/novatronicec.com\/index.php\/wp-json\/wp\/v2\/types\/product"}],"wp:featuredmedia":[{"embeddable":true,"href":"https:\/\/novatronicec.com\/index.php\/wp-json\/wp\/v2\/media\/10194"}],"wp:attachment":[{"href":"https:\/\/novatronicec.com\/index.php\/wp-json\/wp\/v2\/media?parent=10193"}],"wp:term":[{"taxonomy":"product_brand","embeddable":true,"href":"https:\/\/novatronicec.com\/index.php\/wp-json\/wp\/v2\/product_brand?post=10193"},{"taxonomy":"product_cat","embeddable":true,"href":"https:\/\/novatronicec.com\/index.php\/wp-json\/wp\/v2\/product_cat?post=10193"},{"taxonomy":"product_tag","embeddable":true,"href":"https:\/\/novatronicec.com\/index.php\/wp-json\/wp\/v2\/product_tag?post=10193"}],"curies":[{"name":"wp","href":"https:\/\/api.w.org\/{rel}","templated":true}]}}