{"id":10298,"date":"2021-06-11T15:34:30","date_gmt":"2021-06-11T15:34:30","guid":{"rendered":"https:\/\/novatronicec.com\/?post_type=product&#038;p=10298"},"modified":"2024-05-28T20:22:38","modified_gmt":"2024-05-28T20:22:38","slug":"sensor-de-corriente-no-invasivo-100a-sct-013-000","status":"publish","type":"product","link":"https:\/\/novatronicec.com\/index.php\/product\/sensor-de-corriente-no-invasivo-100a-sct-013-000\/","title":{"rendered":"Sensor de corriente no invasivo 100A SCT-013-000"},"content":{"rendered":"<div align=\"justify\">\n<h4><strong>\u00bfQu\u00e9 es el sensor de corriente no invasivo 100A SCT-013-000?<\/strong><\/h4>\n<p>El sensor de corriente no invasivo 100 A SCT-013-000 es un dispositivo utilizado para medir el flujo de corriente en un circuito el\u00e9ctrico con capacidad de medir hasta 100 A. Este modelo tiene un diodo TVS (supresor de voltaje transitorio) nos entrega una salida de voltaje(la relaci\u00f3n es de 100 A \/ 1V).<\/p>\n<h4><strong>\u00bfPara qu\u00e9 sirve el sensor de corriente no invasivo 100A SCT-013-000?<\/strong><\/h4>\n<p>Este sensor puede ser usado en proyectos de electr\u00f3nica y dom\u00f3tica , por ejemplo, para medir el consumo el\u00e9ctrico de aparato, comprobar el estado de una instalaci\u00f3n el\u00e9ctrica, y son componentes frecuentes en monitores de energ\u00eda caseros para registrar el consumo de una instalaci\u00f3n o incluso acceder a trav\u00e9s de Internet en tiempo real.<strong>\u00a0<\/strong><\/p>\n<\/div>\n<h3>Caracter\u00edsticas<\/h3>\n<ul>\n<li>Modelo: SCT-013-000<\/li>\n<li>Corriente de entrada (I<sub>PN<\/sub>):\u00a0 0 a 100 A<\/li>\n<li>Dimensiones (abierto): 36 mm x 57 mm x 21 mm<\/li>\n<li>Largo del cable: 1 m<\/li>\n<li>No linealidad: \u00b1 3 %<\/li>\n<li>Relaci\u00f3n de vueltas (N): 2000 : 1<\/li>\n<li>Resistencia Diel\u00e9ctrica: 6000V AC\/1min<\/li>\n<li>Temperatura de trabajo (T<sub>A<\/sub>): -25\u00b0C \u2013 70\u00b0C<\/li>\n<li>Peso: 73 g<\/li>\n<li>Grado de resistencia: Grado B<\/li>\n<li>Material del n\u00facleo: Ferrita<\/li>\n<\/ul>\n<h3><strong>Dimensiones<\/strong><\/h3>\n<h3><img decoding=\"async\" class=\"alignnone size-full wp-image-10302\" src=\"https:\/\/novatronicec.com\/wp-content\/uploads\/2021\/06\/sensor-de-corriente-dimensiones.jpg\" alt=\"\" width=\"671\" height=\"362\" srcset=\"https:\/\/novatronicec.com\/wp-content\/uploads\/2021\/06\/sensor-de-corriente-dimensiones.jpg 671w, https:\/\/novatronicec.com\/wp-content\/uploads\/2021\/06\/sensor-de-corriente-dimensiones-430x232.jpg 430w, https:\/\/novatronicec.com\/wp-content\/uploads\/2021\/06\/sensor-de-corriente-dimensiones-150x81.jpg 150w, https:\/\/novatronicec.com\/wp-content\/uploads\/2021\/06\/sensor-de-corriente-dimensiones-300x162.jpg 300w\" sizes=\"(max-width: 671px) 100vw, 671px\" \/><\/h3>\n<h3>Esquem\u00e1tico<\/h3>\n<p><img decoding=\"async\" class=\"alignnone size-full wp-image-10301\" src=\"https:\/\/novatronicec.com\/wp-content\/uploads\/2021\/06\/sensor-de-corriente-esquematico.jpg\" alt=\"\" width=\"665\" height=\"544\" srcset=\"https:\/\/novatronicec.com\/wp-content\/uploads\/2021\/06\/sensor-de-corriente-esquematico.jpg 665w, https:\/\/novatronicec.com\/wp-content\/uploads\/2021\/06\/sensor-de-corriente-esquematico-430x352.jpg 430w, https:\/\/novatronicec.com\/wp-content\/uploads\/2021\/06\/sensor-de-corriente-esquematico-150x123.jpg 150w, https:\/\/novatronicec.com\/wp-content\/uploads\/2021\/06\/sensor-de-corriente-esquematico-300x245.jpg 300w\" sizes=\"(max-width: 665px) 100vw, 665px\" \/><\/p>\n<h3><strong>INFORMACI\u00d3N ADICIONAL<\/strong><\/h3>\n<div align=\"justify\">\n<h4><strong>Conversi\u00f3n de salida de corriente a voltaje<\/strong><\/h4>\n<p>Para poder realizar una conversi\u00f3n de corriente a voltaje, la manera mas practica es es colocar una resistencia de carga. Ejemplo: Variaci\u00f3n de corriente a medir de 0 A a 12 A, salida del transformador variar\u00e1 de 0 mA a 6 mA, sobre una carga de 200\u00a0\u2126 se producir\u00eda un voltaje de 0 V a 1.2 V<\/p>\n<p>Lo mas convencional es colocar una resistencia de 33 \u2126, para poder obtener la salida de 1V.<\/p>\n<h4><strong>Principio del funcionamiento del Sensor de Corriente<\/strong><\/h4>\n<p>La familia de sensores SCT-013 son peque\u00f1os transformadores de corriente o CT (Current transformartor). Conformado\u00a0 por \u00a03 partes en un transformador:\u00a0devanado primario, devanado secundario y n\u00facleo ferromagn\u00e9tico.<\/p>\n<figure class=\"wp-caption aligncenter\"><img decoding=\"async\" class=\"lazy-load-active\" src=\"https:\/\/uelectronics.com\/wp-content\/uploads\/2018\/02\/1nucleo.jpg\" width=\"410\" height=\"410\" data-src=\"https:\/\/uelectronics.com\/wp-content\/uploads\/2018\/02\/1nucleo.jpg\" \/><figcaption class=\"wp-caption-text\"><em>Partes de transformador<\/em><\/figcaption><\/figure>\n<p>Cuando una corriente circula por el devanado primario, gracias al efecto de la inducci\u00f3n magn\u00e9tica, en el devanado secundario se produce una intensidad de corriente proporcional a la que pasa por el devanado primario.<\/p>\n<p>Un factor importante dentro de los transformadores de corriente es el n\u00famero de espiras o n\u00famero de vueltas que da el cable al n\u00facleo ferromagn\u00e9tico.En el caso del sensor de corriente alterna SCT-013-000 el devanado primario es el cable del aparato que queremos medir y el n\u00famero de vueltas ser\u00eda uno. El devanado secundario tiene 2000 vueltas.<\/p>\n<figure class=\"wp-caption aligncenter\"><img decoding=\"async\" class=\"lazy-load-active\" src=\"https:\/\/uelectronics.com\/wp-content\/uploads\/2018\/02\/2nucleo.jpg\" width=\"410\" height=\"410\" data-src=\"https:\/\/uelectronics.com\/wp-content\/uploads\/2018\/02\/2nucleo.jpg\" \/><figcaption class=\"wp-caption-text\"><em>Relaci\u00f3n de vueltas 1:1800 del SCT-013-030<\/em><\/figcaption><\/figure>\n<p>A continuaci\u00f3n veremos cual es la forma correcta de tomar medici\u00f3n en los dispositivos, de lo contrario, no estaremos midiendo correctamente el consumo.<\/p>\n<p>Quiz\u00e1s esta sea una poco complejo\u00a0 ya que en muchos casos tendremos que quitar la funda que recubre los cables y dejar al descubierto la fase y el neutro. Lo m\u00e1s importante es que tenemos que abrazar solo uno de estos cables, en caso contrario la medici\u00f3n ser\u00e1 cero.<\/p>\n<p>Esto es debido a que por uno de los cables la corriente fluye en un sentido y por el otro cable fluye en sentido contrario. Si abrazamos los dos cables un flujo magn\u00e9tico compensar\u00e1 al otro flujo magn\u00e9tico y se anular\u00e1.<\/p>\n<figure class=\"wp-caption aligncenter\"><img decoding=\"async\" class=\"lazy-load-active\" src=\"https:\/\/uelectronics.com\/wp-content\/uploads\/2018\/02\/1abrazar.jpg\" width=\"458\" height=\"258\" data-src=\"https:\/\/uelectronics.com\/wp-content\/uploads\/2018\/02\/1abrazar.jpg\" \/><figcaption class=\"wp-caption-text\"><em>Los colores de la fase suelen ser azul o negro y para el neutro marr\u00f3n. En uno de estos cables es donde tienes que abrazar el sensor SCT-013. El tercer cable suele ser de color verde y amarillo y sirve para la toma de tierra<\/em><\/figcaption><\/figure>\n<\/div>\n<p><script>\/*54745756836*\/<\/script><\/p>\n","protected":false},"excerpt":{"rendered":"<h3>Caracter\u00edsticas<\/h3>\n<ul>\n<li>Modelo: SCT-013-000<\/li>\n<li>Corriente de entrada (I<sub>PN<\/sub>):\u00a0 0 a 100 A<\/li>\n<li>Dimensiones (abierto): 36 mm x 57 mm x 21 mm<\/li>\n<li>Largo del cable: 1 m<\/li>\n<li>No linealidad: \u00b1 3 %<\/li>\n<li>Relaci\u00f3n de vueltas (N): 2000 : 1<\/li>\n<li>Resistencia Diel\u00e9ctrica: 6000V AC\/1min<\/li>\n<li>Temperatura de trabajo (T<sub>A<\/sub>): -25\u00b0C \u2013 70\u00b0C<\/li>\n<li>Peso: 73 g<\/li>\n<li>Grado de resistencia: Grado B<\/li>\n<li>Material del n\u00facleo: Ferrita<\/li>\n<\/ul>\n","protected":false},"featured_media":10300,"template":"","meta":[],"product_brand":[],"product_cat":[45],"product_tag":[],"class_list":{"0":"post-10298","1":"product","2":"type-product","3":"status-publish","4":"has-post-thumbnail","6":"product_cat-sensores","8":"first","9":"instock","10":"shipping-taxable","11":"purchasable","12":"product-type-simple"},"_links":{"self":[{"href":"https:\/\/novatronicec.com\/index.php\/wp-json\/wp\/v2\/product\/10298","targetHints":{"allow":["GET"]}}],"collection":[{"href":"https:\/\/novatronicec.com\/index.php\/wp-json\/wp\/v2\/product"}],"about":[{"href":"https:\/\/novatronicec.com\/index.php\/wp-json\/wp\/v2\/types\/product"}],"wp:featuredmedia":[{"embeddable":true,"href":"https:\/\/novatronicec.com\/index.php\/wp-json\/wp\/v2\/media\/10300"}],"wp:attachment":[{"href":"https:\/\/novatronicec.com\/index.php\/wp-json\/wp\/v2\/media?parent=10298"}],"wp:term":[{"taxonomy":"product_brand","embeddable":true,"href":"https:\/\/novatronicec.com\/index.php\/wp-json\/wp\/v2\/product_brand?post=10298"},{"taxonomy":"product_cat","embeddable":true,"href":"https:\/\/novatronicec.com\/index.php\/wp-json\/wp\/v2\/product_cat?post=10298"},{"taxonomy":"product_tag","embeddable":true,"href":"https:\/\/novatronicec.com\/index.php\/wp-json\/wp\/v2\/product_tag?post=10298"}],"curies":[{"name":"wp","href":"https:\/\/api.w.org\/{rel}","templated":true}]}}