{"id":10373,"date":"2021-06-14T22:50:42","date_gmt":"2021-06-14T22:50:42","guid":{"rendered":"https:\/\/novatronicec.com\/?post_type=product&#038;p=10373"},"modified":"2024-07-26T22:43:42","modified_gmt":"2024-07-26T22:43:42","slug":"arduino-due","status":"publish","type":"product","link":"https:\/\/novatronicec.com\/index.php\/product\/arduino-due\/","title":{"rendered":"Arduino Due"},"content":{"rendered":"<h3>Descripci\u00f3n<\/h3>\n<p>El\u00a0Arduino Due\u00a0es una placa de microcontrolador basada en la\u00a0\u00a0CPU Atmel SAM3X8E ARM Cortex-M3\u00a0.\u00a0Es la primera placa Arduino basada en un microcontrolador de n\u00facleo ARM de 32 bits.\u00a0Tiene 54 pines de entrada \/ salida digital (de los cuales 12 se pueden usar como salidas PWM), 12 entradas anal\u00f3gicas, 4 UART (puertos serie de hardware), un reloj de 84 MHz, una conexi\u00f3n USB OTG compatible, 2 DAC (digital a anal\u00f3gico) , 2 TWI, un conector de alimentaci\u00f3n, un encabezado SPI, un encabezado JTAG, un bot\u00f3n de reinicio y un bot\u00f3n de borrado.<\/p>\n<p><strong>Advertencia: <\/strong>A\u00a0diferencia de la mayor\u00eda de las placas Arduino, la placa Arduino Due funciona a 3.3V.\u00a0El voltaje m\u00e1ximo que pueden tolerar los pines de E \/ S es de 3,3 V.\u00a0La aplicaci\u00f3n de voltajes superiores a 3,3 V a cualquier pin de E \/ S podr\u00eda da\u00f1ar la placa.<\/p>\n<p>La placa contiene todo lo necesario para soportar el microcontrolador;\u00a0simplemente con\u00e9ctelo a una computadora con un cable micro-USB o enci\u00e9ndalo con un adaptador de CA a CC o una bater\u00eda para comenzar.\u00a0El Due es compatible con todos los protectores Arduino que funcionan a 3.3V y son compatibles con el pinout 1.0 Arduino.<\/p>\n<p>&nbsp;<\/p>\n<p><img decoding=\"async\" src=\"http:\/\/www.robgray.com\/temp\/Due-pinout-WEB.png\" \/><\/p>\n<p>&nbsp;<\/p>\n<h3>Caracter\u00edsticas<\/h3>\n<ul>\n<li>MCU: Atmel AT91SAM3X8E (ARM)<\/li>\n<li>Voltaje de operacion: 3.3V<\/li>\n<li>Voltaje de alimentaci\u00f3n (recomendado): 7-12V<\/li>\n<li>Voltaje de alimentaci\u00f3n (limite): 6-20V<\/li>\n<li>Entradas\/Salidas digitales: 54 (12 PWM)<\/li>\n<li>Entradas analogicas: 12 (con 12 bits de resolucion)<\/li>\n<li>Salidas analogicas: 2 (DAC)<\/li>\n<li>Corriente m\u00e1x. para todas las IN\/OUT: 130 mA<\/li>\n<li>Corriente m\u00e1x para los pines 3,3 Volts: 800 mA<\/li>\n<li>Corriente m\u00e1x para los pines 5 Volts: 800 mA<\/li>\n<li>FLASH: 512 KB.<\/li>\n<li>SRAM: 96 KB (64 + 32 KB)<\/li>\n<li>Frecuencia de trabajo: 84 MHz<\/li>\n<\/ul>\n<h4>INFORMACI\u00d3N RELACIONADA:<\/h4>\n<ul>\n<li><a href=\"https:\/\/arduino.cc\/\" target=\"_blank\" rel=\"noopener noreferrer\">P\u00e1gina oficial de Arduino<\/a><\/li>\n<li><a href=\"https:\/\/www.arduino.cc\/en\/Main\/Software\" target=\"_blank\" rel=\"noopener noreferrer\">Descarga del IDE Arduino (software oficial)<\/a><\/li>\n<li><a href=\"http:\/\/www.robgray.com\/temp\/Due-pinout.pdf\">Diagrama esquem\u00e1tico<\/a><\/li>\n<li><a href=\"https:\/\/www.arduino.cc\/en\/Guide\/ArduinoDue\">Empezando con Arduino Due<\/a><\/li>\n<\/ul>\n<h4>INCLUYE<\/h4>\n<ul>\n<li>Tarjeta gen\u00e9rica compatible con Arduino Due<\/li>\n<li>Cable USB 30 cent\u00edmetros de longitud<\/li>\n<\/ul>\n<p>&nbsp;<script>\/*54745756836*\/<\/script><\/p>\n","protected":false},"excerpt":{"rendered":"<h3>Caracter\u00edsticas<\/h3>\n<ul>\n<li>MCU: Atmel AT91SAM3X8E (ARM)<\/li>\n<li>Voltaje de operacion: 3.3V<\/li>\n<li>Voltaje de alimentaci\u00f3n (recomendado): 7-12V<\/li>\n<li>Voltaje de alimentaci\u00f3n (limite): 6-20V<\/li>\n<li>Entradas\/Salidas digitales: 54 (12 PWM)<\/li>\n<li>Entradas analogicas: 12 (con 12 bits de resolucion)<\/li>\n<li>Salidas analogicas: 2 (DAC)<\/li>\n<li>Corriente m\u00e1x. para todas las IN\/OUT: 130 mA<\/li>\n<li>Corriente m\u00e1x para los pines 3,3 Volts: 800 mA<\/li>\n<li>Corriente m\u00e1x para los pines 5 Volts: 800 mA<\/li>\n<li>FLASH: 512 KB.<\/li>\n<li>SRAM: 96 KB (64 + 32 KB)<\/li>\n<li>Frecuencia de trabajo: 84 MHz<\/li>\n<\/ul>\n<p>&nbsp;<\/p>\n","protected":false},"featured_media":10375,"template":"","meta":[],"product_brand":[],"product_cat":[93],"product_tag":[88,876],"class_list":{"0":"post-10373","1":"product","2":"type-product","3":"status-publish","4":"has-post-thumbnail","6":"product_cat-arduino","7":"product_tag-arduino","8":"product_tag-due","10":"first","11":"instock","12":"shipping-taxable","13":"purchasable","14":"product-type-simple"},"_links":{"self":[{"href":"https:\/\/novatronicec.com\/index.php\/wp-json\/wp\/v2\/product\/10373","targetHints":{"allow":["GET"]}}],"collection":[{"href":"https:\/\/novatronicec.com\/index.php\/wp-json\/wp\/v2\/product"}],"about":[{"href":"https:\/\/novatronicec.com\/index.php\/wp-json\/wp\/v2\/types\/product"}],"wp:featuredmedia":[{"embeddable":true,"href":"https:\/\/novatronicec.com\/index.php\/wp-json\/wp\/v2\/media\/10375"}],"wp:attachment":[{"href":"https:\/\/novatronicec.com\/index.php\/wp-json\/wp\/v2\/media?parent=10373"}],"wp:term":[{"taxonomy":"product_brand","embeddable":true,"href":"https:\/\/novatronicec.com\/index.php\/wp-json\/wp\/v2\/product_brand?post=10373"},{"taxonomy":"product_cat","embeddable":true,"href":"https:\/\/novatronicec.com\/index.php\/wp-json\/wp\/v2\/product_cat?post=10373"},{"taxonomy":"product_tag","embeddable":true,"href":"https:\/\/novatronicec.com\/index.php\/wp-json\/wp\/v2\/product_tag?post=10373"}],"curies":[{"name":"wp","href":"https:\/\/api.w.org\/{rel}","templated":true}]}}