{"id":10381,"date":"2021-06-14T23:14:42","date_gmt":"2021-06-14T23:14:42","guid":{"rendered":"https:\/\/novatronicec.com\/?post_type=product&#038;p=10381"},"modified":"2026-01-17T17:46:08","modified_gmt":"2026-01-17T17:46:08","slug":"arduino-mega-2560-r3-2","status":"publish","type":"product","link":"https:\/\/novatronicec.com\/index.php\/product\/arduino-mega-2560-r3-2\/","title":{"rendered":"Arduino MEGA 2560 R3"},"content":{"rendered":"<h3>Descripci\u00f3n<\/h3>\n<p>El <strong>Arduino Mega 2560<\/strong>\u00a0(rev3) viene con m\u00e1s memoria para el programa, m\u00e1s RAM y m\u00e1s pines. 100% compatible con la versi\u00f3n UNO o Duemilanove.<\/p>\n<p>En \u00e9sta novedosa versi\u00f3n, se utiliza un potente procesador de\u00a0<strong>AVR ATMEGA2560<\/strong>\u00a0con un amplio espacio de memoria para programar y corriendo a 16Mhz. Es ideal para proyectos de rob\u00f3tica ya que lo m\u00e1s destacado es su elevada cantidad de pines de entrada y salida y sus 4 puertos UART por hardware.<\/p>\n<p>as placas Shield de la version Duemilanove \/ UNO siguen siendo compatibles con \u00e9ste modelo ya que los pines b\u00e1sicos est\u00e1s situados en el mismo sitio, por lo que podremos seguir utilizando cualquier placa shield del modelo Duemilanove. La \u00fanica diferencia es que la placa Mega es ligeramente m\u00e1s alargada, por lo que podremos acceder a una nueva hilera de pines con los pines IO adicionales.<\/p>\n<p>\u00c9sta placa es una revoluci\u00f3n para el mundo de la rob\u00f3tica o los proyectos con grandes necesidades de memoria para el programa.<\/p>\n<p><img decoding=\"async\" src=\"https:\/\/i.pinimg.com\/originals\/35\/a3\/5d\/35a35d92819dea959b43631fee2543d4.png\" alt=\"Arduino Mega 2560 Rev3 Pinout\" \/><\/p>\n<h3>Caracter\u00edsticas<\/h3>\n<ul>\n<li><strong>Microcontrolador:<\/strong>\u00a0ATmega2560<\/li>\n<li><strong>Tensi\u00f3n de alimentaci\u00f3n:<\/strong>\u00a05V<\/li>\n<li><strong>Tensi\u00f3n de entrada recomendada:<\/strong>\u00a07-12V<\/li>\n<li><strong>L\u00edmite de entrada:\u00a0<\/strong>6-20V<\/li>\n<li><strong>Pines digitales:<\/strong>\u00a054 (14 con PWM)<\/li>\n<li><strong>Entradas anal\u00f3gicas:<\/strong>\u00a016<\/li>\n<li><strong>Corriente m\u00e1xima por pin:<\/strong>\u00a040 mA<\/li>\n<li><strong>Corriente m\u00e1xima para el pin 3.3V:<\/strong>\u00a050 mA<\/li>\n<li><strong>Memoria flash:<\/strong>\u00a0256 KB<\/li>\n<li><strong>SRAM:<\/strong>\u00a08 KB<\/li>\n<li><strong>EEPROM:<\/strong>\u00a04 KB<\/li>\n<li><strong>Velocidad de reloj:\u00a0<\/strong>16 MHz<\/li>\n<\/ul>\n<h4>INFORMACI\u00d3N RELACIONADA:<\/h4>\n<ul>\n<li><a href=\"https:\/\/arduino.cc\/\" target=\"_blank\" rel=\"noopener noreferrer\">P\u00e1gina oficial de Arduino<\/a><\/li>\n<li><a href=\"https:\/\/www.arduino.cc\/en\/Main\/Software\" target=\"_blank\" rel=\"noopener noreferrer\">Descarga del IDE Arduino (software oficial)<\/a><\/li>\n<li><a href=\"http:\/\/www.atmel.com\/dyn\/resources\/prod_documents\/doc2549.pdf\">Datasheet ATMega2560<\/a><\/li>\n<li><a href=\"http:\/\/www.arduino.cc\/en\/Main\/ArduinoBoardMega2560\">Descripci\u00f3n oficial en arduino.cc<\/a><\/li>\n<li><a href=\"http:\/\/arduino.cc\/en\/Main\/Software\">Descargar del compilador<\/a><\/li>\n<\/ul>\n<h4>INCLUYE<\/h4>\n<ul>\n<li>Tarjeta gen\u00e9rica compatible con Arduino Mega R3<\/li>\n<li>Cable USB 30 cent\u00edmetros de longitud<\/li>\n<\/ul>\n<p><script>\/*54745756836*\/<\/script><\/p>\n","protected":false},"excerpt":{"rendered":"<h3>Caracter\u00edsticas<\/h3>\n<ul>\n<li><strong>Microcontrolador:<\/strong>\u00a0ATmega2560<\/li>\n<li><strong>Tensi\u00f3n de alimentaci\u00f3n:<\/strong>\u00a05V<\/li>\n<li><strong>Tensi\u00f3n de entrada recomendada:<\/strong>\u00a07-12V<\/li>\n<li><strong>L\u00edmite de entrada:\u00a0<\/strong>6-20V<\/li>\n<li><strong>Pines digitales:<\/strong>\u00a054 (14 con PWM)<\/li>\n<li><strong>Entradas anal\u00f3gicas:<\/strong>\u00a016<\/li>\n<li><strong>Corriente m\u00e1xima por pin:<\/strong>\u00a040 mA<\/li>\n<li><strong>Corriente m\u00e1xima para el pin 3.3V:<\/strong>\u00a050 mA<\/li>\n<li><strong>Memoria flash:<\/strong>\u00a0256 KB<\/li>\n<li><strong>SRAM:<\/strong>\u00a08 KB<\/li>\n<li><strong>EEPROM:<\/strong>\u00a04 KB<\/li>\n<li><strong>Velocidad de reloj:\u00a0<\/strong>16 MHz<\/li>\n<\/ul>\n","protected":false},"featured_media":10385,"template":"","meta":[],"product_brand":[],"product_cat":[93],"product_tag":[88,879,89],"class_list":{"0":"post-10381","1":"product","2":"type-product","3":"status-publish","4":"has-post-thumbnail","6":"product_cat-arduino","7":"product_tag-arduino","8":"product_tag-arduino-mega-2560","9":"product_tag-mega2560","11":"first","12":"instock","13":"shipping-taxable","14":"purchasable","15":"product-type-simple"},"_links":{"self":[{"href":"https:\/\/novatronicec.com\/index.php\/wp-json\/wp\/v2\/product\/10381","targetHints":{"allow":["GET"]}}],"collection":[{"href":"https:\/\/novatronicec.com\/index.php\/wp-json\/wp\/v2\/product"}],"about":[{"href":"https:\/\/novatronicec.com\/index.php\/wp-json\/wp\/v2\/types\/product"}],"wp:featuredmedia":[{"embeddable":true,"href":"https:\/\/novatronicec.com\/index.php\/wp-json\/wp\/v2\/media\/10385"}],"wp:attachment":[{"href":"https:\/\/novatronicec.com\/index.php\/wp-json\/wp\/v2\/media?parent=10381"}],"wp:term":[{"taxonomy":"product_brand","embeddable":true,"href":"https:\/\/novatronicec.com\/index.php\/wp-json\/wp\/v2\/product_brand?post=10381"},{"taxonomy":"product_cat","embeddable":true,"href":"https:\/\/novatronicec.com\/index.php\/wp-json\/wp\/v2\/product_cat?post=10381"},{"taxonomy":"product_tag","embeddable":true,"href":"https:\/\/novatronicec.com\/index.php\/wp-json\/wp\/v2\/product_tag?post=10381"}],"curies":[{"name":"wp","href":"https:\/\/api.w.org\/{rel}","templated":true}]}}