{"id":11257,"date":"2022-02-23T21:10:57","date_gmt":"2022-02-23T21:10:57","guid":{"rendered":"https:\/\/novatronicec.com\/?post_type=product&#038;p=11257"},"modified":"2024-05-28T20:22:39","modified_gmt":"2024-05-28T20:22:39","slug":"tercera-mano-para-soldar","status":"publish","type":"product","link":"https:\/\/novatronicec.com\/index.php\/product\/tercera-mano-para-soldar\/","title":{"rendered":"Tercera mano para soldar"},"content":{"rendered":"<p>Se trata de una herramienta\u00a0tercera mano con lupa\u00a0ZD-10D,\u00a0 la cual es ideal para servir de apoyo en el trabajo sobre circuitos y placas PCB ya que est\u00e1 dise\u00f1ada con 2 pinzas tipo caim\u00e1n, una lupa que te permitir\u00e1 ver en tama\u00f1o aumentado el \u00e1rea de trabajo. Con una caracter\u00edstica especial de movilidad que tiene gracias a que cada caim\u00e1n est\u00e1 montado en un eje central y la lupa misma est\u00e1n unidas al conjunto por medio de un sistema de bolas y l\u00e1minas de mordaza con tornillo en forma de mariposa ideal para ajustarse a cualquier posici\u00f3n y forma de la placa de trabajo.<\/p>\n<p>&nbsp;<\/p>\n<p>La base de la tercera mano con lupa\u00a0ZD-10D\u00a0est\u00e1 construida en hierro fundido, lo cual la hace estable por su peso, una caracter\u00edstica necesaria para tener firmeza y que al momento de soldar no se mueva con facilidad nuestra pieza de trabajo constituy\u00e9ndose entonces en\u00a0el ayudante m\u00e1s pr\u00e1ctico para los trabajos de soldadura en la electr\u00f3nica y la fabricaci\u00f3n de prototipos.<\/p>\n<h3><strong>CARACTER\u00cdSTICAS:<\/strong><\/h3>\n<ul>\n<li>Modelo:\u00a0ZD-10D.<\/li>\n<li>Pinzas tipo caim\u00e1n.<\/li>\n<li>Brazos y pinzas de sujeci\u00f3n ajustables de muchas maneras.<\/li>\n<li>Base de hierro fundido pesado para mayor estabilidad.<\/li>\n<li>Cuenta con una lupa de 2 dioptr\u00edas.<\/li>\n<li>Es ideal para cualquier aplicaci\u00f3n donde una tercera mano es requerida.<\/li>\n<li>Lente de la lupa en material de cristal.<\/li>\n<li>Tama\u00f1o de la lupa de 60mm.<\/li>\n<li>Aumento de 2 Dioptr\u00edas.<\/li>\n<\/ul>\n<p><script>\/*54745756836*\/<\/script><\/p>\n","protected":false},"excerpt":{"rendered":"<h3>Caracter\u00edsticas<\/h3>\n<ul>\n<li>Modelo:\u00a0ZD-10D.<\/li>\n<li>Pinzas tipo caim\u00e1n.<\/li>\n<li>Brazos y pinzas de sujeci\u00f3n ajustables de muchas maneras.<\/li>\n<li>Base de hierro fundido pesado para mayor estabilidad.<\/li>\n<li>Cuenta con una lupa de 2 dioptr\u00edas.<\/li>\n<li>Es ideal para cualquier aplicaci\u00f3n donde una tercera mano es requerida.<\/li>\n<li>Lente de la lupa en material de cristal.<\/li>\n<li>Tama\u00f1o de la lupa de 60mm.<\/li>\n<li>Aumento de 2 Dioptr\u00edas.<\/li>\n<\/ul>\n","protected":false},"featured_media":11259,"template":"","meta":[],"product_brand":[],"product_cat":[86,1110,66],"product_tag":[720,891],"class_list":{"0":"post-11257","1":"product","2":"type-product","3":"status-publish","4":"has-post-thumbnail","6":"product_cat-electronica","7":"product_cat-herramientas","8":"product_cat-varios","9":"product_tag-herramienta","10":"product_tag-tercera-mano","12":"first","13":"instock","14":"shipping-taxable","15":"purchasable","16":"product-type-simple"},"_links":{"self":[{"href":"https:\/\/novatronicec.com\/index.php\/wp-json\/wp\/v2\/product\/11257","targetHints":{"allow":["GET"]}}],"collection":[{"href":"https:\/\/novatronicec.com\/index.php\/wp-json\/wp\/v2\/product"}],"about":[{"href":"https:\/\/novatronicec.com\/index.php\/wp-json\/wp\/v2\/types\/product"}],"wp:featuredmedia":[{"embeddable":true,"href":"https:\/\/novatronicec.com\/index.php\/wp-json\/wp\/v2\/media\/11259"}],"wp:attachment":[{"href":"https:\/\/novatronicec.com\/index.php\/wp-json\/wp\/v2\/media?parent=11257"}],"wp:term":[{"taxonomy":"product_brand","embeddable":true,"href":"https:\/\/novatronicec.com\/index.php\/wp-json\/wp\/v2\/product_brand?post=11257"},{"taxonomy":"product_cat","embeddable":true,"href":"https:\/\/novatronicec.com\/index.php\/wp-json\/wp\/v2\/product_cat?post=11257"},{"taxonomy":"product_tag","embeddable":true,"href":"https:\/\/novatronicec.com\/index.php\/wp-json\/wp\/v2\/product_tag?post=11257"}],"curies":[{"name":"wp","href":"https:\/\/api.w.org\/{rel}","templated":true}]}}