{"id":11292,"date":"2022-02-24T22:54:30","date_gmt":"2022-02-24T22:54:30","guid":{"rendered":"https:\/\/novatronicec.com\/?post_type=product&#038;p=11292"},"modified":"2024-05-28T20:22:40","modified_gmt":"2024-05-28T20:22:40","slug":"bateria-lipo-turnigy-3s-111v-2200mah-40-50c","status":"publish","type":"product","link":"https:\/\/novatronicec.com\/index.php\/product\/bateria-lipo-turnigy-3s-111v-2200mah-40-50c\/","title":{"rendered":"Bater\u00eda lipo Turnigy 3s 11,1V 2200mAh 40-50C"},"content":{"rendered":"<p>Las bater\u00edas Turnigy son conocidas en todo el mundo por su rendimiento, fiabilidad y precio.\u00a0No nos sorprende que los paquetes Turnigy Lipo sean el paquete ideal para los que lo saben. Las bater\u00edas Turnigy ofrecen la capacidad nominal completa a un precio que todos pueden pagar.<\/p>\n<p>Las bater\u00edas Turnigy est\u00e1n equipadas con cables de descarga de alta resistencia para minimizar la resistencia y soportar cargas de alta corriente.\u00a0Las bater\u00edas Turnigy resisten los extremos castigos del vuelo acrob\u00e1tico y los veh\u00edculos RC. Cada paquete est\u00e1 equipado con conectores chapados en oro y conectores de equilibrio estilo JST-XH.<\/p>\n<h2><strong>Especificaciones<\/strong><\/h2>\n<ul>\n<li>Capacidad m\u00ednima:\u00a0 <strong>2200mAh<\/strong><\/li>\n<li>Configuraci\u00f3n:\u00a0 <strong>3S1P \/ 11.1v \/ 3Cell<\/strong><\/li>\n<li>Constante de descarga:\u00a0 <strong>40C<\/strong><\/li>\n<li>Pico de descarga (10 seg):\u00a0 <strong>50C<\/strong><\/li>\n<li>Peso:\u00a0 <strong>204g<\/strong><\/li>\n<li>Tama\u00f1o: <strong>104 x\u00a027 x 35mm<\/strong><\/li>\n<li>Conector de carga: <strong>JST-XH<\/strong><\/li>\n<li>Conector de descarga:\u00a0 <b>XT60<\/b><\/li>\n<\/ul>\n<p>&nbsp;<script>\/*54745756836*\/<\/script><\/p>\n","protected":false},"excerpt":{"rendered":"<h2>Caracter\u00edsticas<\/h2>\n<ul>\n<li>Capacidad m\u00ednima:\u00a0 <strong>2200mAh<\/strong><\/li>\n<li>Configuraci\u00f3n:\u00a0 <strong>3S1P \/ 11.1v \/ 3Cell<\/strong><\/li>\n<li>Constante de descarga:\u00a0 <strong>40C<\/strong><\/li>\n<li>Pico de descarga (10 seg):\u00a0 <strong>50C<\/strong><\/li>\n<li>Peso:\u00a0 <strong>204g<\/strong><\/li>\n<li>Tama\u00f1o: <strong>104 x\u00a027 x 35mm<\/strong><\/li>\n<li>Conector de carga: <strong>JST-XH<\/strong><\/li>\n<li>Conector de descarga:\u00a0 <b>XT60<\/b><\/li>\n<\/ul>\n","protected":false},"featured_media":11293,"template":"","meta":[],"product_brand":[],"product_cat":[128],"product_tag":[131,130,132,129,133,137],"class_list":{"0":"post-11292","1":"product","2":"type-product","3":"status-publish","4":"has-post-thumbnail","6":"product_cat-baterias","7":"product_tag-bateria","8":"product_tag-baterialipo","9":"product_tag-baterias","10":"product_tag-lipo","11":"product_tag-polimero-de-litio","12":"product_tag-turnigy","14":"first","15":"outofstock","16":"shipping-taxable","17":"purchasable","18":"product-type-simple"},"_links":{"self":[{"href":"https:\/\/novatronicec.com\/index.php\/wp-json\/wp\/v2\/product\/11292","targetHints":{"allow":["GET"]}}],"collection":[{"href":"https:\/\/novatronicec.com\/index.php\/wp-json\/wp\/v2\/product"}],"about":[{"href":"https:\/\/novatronicec.com\/index.php\/wp-json\/wp\/v2\/types\/product"}],"wp:featuredmedia":[{"embeddable":true,"href":"https:\/\/novatronicec.com\/index.php\/wp-json\/wp\/v2\/media\/11293"}],"wp:attachment":[{"href":"https:\/\/novatronicec.com\/index.php\/wp-json\/wp\/v2\/media?parent=11292"}],"wp:term":[{"taxonomy":"product_brand","embeddable":true,"href":"https:\/\/novatronicec.com\/index.php\/wp-json\/wp\/v2\/product_brand?post=11292"},{"taxonomy":"product_cat","embeddable":true,"href":"https:\/\/novatronicec.com\/index.php\/wp-json\/wp\/v2\/product_cat?post=11292"},{"taxonomy":"product_tag","embeddable":true,"href":"https:\/\/novatronicec.com\/index.php\/wp-json\/wp\/v2\/product_tag?post=11292"}],"curies":[{"name":"wp","href":"https:\/\/api.w.org\/{rel}","templated":true}]}}