{"id":11354,"date":"2022-03-02T14:48:51","date_gmt":"2022-03-02T14:48:51","guid":{"rendered":"https:\/\/novatronicec.com\/?post_type=product&#038;p=11354"},"modified":"2024-05-28T20:22:40","modified_gmt":"2024-05-28T20:22:40","slug":"conector-xt30-hembra","status":"publish","type":"product","link":"https:\/\/novatronicec.com\/index.php\/product\/conector-xt30-hembra\/","title":{"rendered":"Conector XT30 Hembra"},"content":{"rendered":"<p style=\"font-weight: 400;\">Este dise\u00f1o de conector, por su construcci\u00f3n evita la posibilidad de invertir la polaridad por error en las conexiones de las bater\u00edas de LiPo, Plomo, NiMh, NiCd. Disponen tambi\u00e9n de marcas de polaridad continua ( + y &#8211; ) en los laterales de ambos conectores.<\/p>\n<p style=\"font-weight: 400;\">Proporcionan conexiones s\u00f3lidas para amperajes altos en usos dispares como radio control, aeromodelismo, car, moto, autocaravaning, industria, etc.<\/p>\n<p style=\"font-weight: 400;\">\n<p><script>\/*54745756836*\/<\/script><\/p>\n","protected":false},"excerpt":{"rendered":"<p>Este dise\u00f1o de conector, por su construcci\u00f3n evita la posibilidad de invertir la polaridad por error en las conexiones de<\/p>\n","protected":false},"featured_media":11352,"template":"","meta":[],"product_brand":[],"product_cat":[128,98,69],"product_tag":[131,129,533],"class_list":{"0":"post-11354","1":"product","2":"type-product","3":"status-publish","4":"has-post-thumbnail","6":"product_cat-baterias","7":"product_cat-drones-componentes","8":"product_cat-robotica","9":"product_tag-bateria","10":"product_tag-lipo","11":"product_tag-xt60","13":"first","14":"instock","15":"shipping-taxable","16":"purchasable","17":"product-type-simple"},"_links":{"self":[{"href":"https:\/\/novatronicec.com\/index.php\/wp-json\/wp\/v2\/product\/11354","targetHints":{"allow":["GET"]}}],"collection":[{"href":"https:\/\/novatronicec.com\/index.php\/wp-json\/wp\/v2\/product"}],"about":[{"href":"https:\/\/novatronicec.com\/index.php\/wp-json\/wp\/v2\/types\/product"}],"wp:featuredmedia":[{"embeddable":true,"href":"https:\/\/novatronicec.com\/index.php\/wp-json\/wp\/v2\/media\/11352"}],"wp:attachment":[{"href":"https:\/\/novatronicec.com\/index.php\/wp-json\/wp\/v2\/media?parent=11354"}],"wp:term":[{"taxonomy":"product_brand","embeddable":true,"href":"https:\/\/novatronicec.com\/index.php\/wp-json\/wp\/v2\/product_brand?post=11354"},{"taxonomy":"product_cat","embeddable":true,"href":"https:\/\/novatronicec.com\/index.php\/wp-json\/wp\/v2\/product_cat?post=11354"},{"taxonomy":"product_tag","embeddable":true,"href":"https:\/\/novatronicec.com\/index.php\/wp-json\/wp\/v2\/product_tag?post=11354"}],"curies":[{"name":"wp","href":"https:\/\/api.w.org\/{rel}","templated":true}]}}