{"id":11385,"date":"2022-03-02T16:43:29","date_gmt":"2022-03-02T16:43:29","guid":{"rendered":"https:\/\/novatronicec.com\/?post_type=product&#038;p=11385"},"modified":"2024-05-28T20:22:40","modified_gmt":"2024-05-28T20:22:40","slug":"eje-acero-cromado-o-8mm","status":"publish","type":"product","link":"https:\/\/novatronicec.com\/index.php\/product\/eje-acero-cromado-o-8mm\/","title":{"rendered":"Eje acero cromado \u00d8 8mm"},"content":{"rendered":"<p>La superficie dura de cromo de las barras confiere resistencia a la corrosi\u00f3n y desgaste. Reduce la fricci\u00f3n, mejora la durabilidad y la tolerancia a la abrasi\u00f3n tambi\u00e9n asegura una buena retenci\u00f3n de aceite.<\/p>\n<h3>Caracter\u00edsticas<\/h3>\n<ul>\n<li>Eje acerado liso.<\/li>\n<li>Di\u00e1metro: 8mm<\/li>\n<li>Longitud: 1 metro<\/li>\n<\/ul>\n<p>&nbsp;<script>\/*54745756836*\/<\/script><\/p>\n","protected":false},"excerpt":{"rendered":"<h3>Caracter\u00edsticas<\/h3>\n<ul>\n<li>Eje acerado liso.<\/li>\n<li>Di\u00e1metro: 8mm<\/li>\n<li>Longitud: 1 metro<\/li>\n<\/ul>\n","protected":false},"featured_media":11384,"template":"","meta":[],"product_brand":[],"product_cat":[241],"product_tag":[149,906,283,284],"class_list":{"0":"post-11385","1":"product","2":"type-product","3":"status-publish","4":"has-post-thumbnail","6":"product_cat-repuestos","7":"product_tag-cnc","8":"product_tag-eje","9":"product_tag-fresadora-cnc","10":"product_tag-maquina-cnc","12":"first","13":"instock","14":"shipping-taxable","15":"purchasable","16":"product-type-simple"},"_links":{"self":[{"href":"https:\/\/novatronicec.com\/index.php\/wp-json\/wp\/v2\/product\/11385","targetHints":{"allow":["GET"]}}],"collection":[{"href":"https:\/\/novatronicec.com\/index.php\/wp-json\/wp\/v2\/product"}],"about":[{"href":"https:\/\/novatronicec.com\/index.php\/wp-json\/wp\/v2\/types\/product"}],"wp:featuredmedia":[{"embeddable":true,"href":"https:\/\/novatronicec.com\/index.php\/wp-json\/wp\/v2\/media\/11384"}],"wp:attachment":[{"href":"https:\/\/novatronicec.com\/index.php\/wp-json\/wp\/v2\/media?parent=11385"}],"wp:term":[{"taxonomy":"product_brand","embeddable":true,"href":"https:\/\/novatronicec.com\/index.php\/wp-json\/wp\/v2\/product_brand?post=11385"},{"taxonomy":"product_cat","embeddable":true,"href":"https:\/\/novatronicec.com\/index.php\/wp-json\/wp\/v2\/product_cat?post=11385"},{"taxonomy":"product_tag","embeddable":true,"href":"https:\/\/novatronicec.com\/index.php\/wp-json\/wp\/v2\/product_tag?post=11385"}],"curies":[{"name":"wp","href":"https:\/\/api.w.org\/{rel}","templated":true}]}}