{"id":11391,"date":"2022-03-02T16:52:05","date_gmt":"2022-03-02T16:52:05","guid":{"rendered":"https:\/\/novatronicec.com\/?post_type=product&#038;p=11391"},"modified":"2024-05-28T20:22:40","modified_gmt":"2024-05-28T20:22:40","slug":"espadines-hembra-1x40pin-2-54mm-mecanizado","status":"publish","type":"product","link":"https:\/\/novatronicec.com\/index.php\/product\/espadines-hembra-1x40pin-2-54mm-mecanizado\/","title":{"rendered":"Espadines hembra 1x40pin 2.54mm Mecanizado"},"content":{"rendered":"<p>Este producto se trata de una regleta de 40 pines redondos hembra con una separaci\u00f3n entre ellos de 2,54mm, para soldar en placas PCB o en diversos componentes como pantallas LCD, amplificadores de audio y muchos otros sensores y componentes que vienen con los pines para ser montado y desmontado de un circuito. Este producto permite f\u00e1cilmente hacer corte en la gu\u00eda pl\u00e1stica para dividir la regleta en el n\u00famero de pines de su necesidad.<\/p>\n<h3><strong>Caracter\u00edsticas<\/strong><\/h3>\n<ul>\n<li>\n<div>Gu\u00edas de aislamiento: material termopl\u00e1stico (UL94V-0).<\/div>\n<\/li>\n<li>\n<div>Pines hembras de contacto: Bronce fosforado.<\/div>\n<\/li>\n<li>\n<div>Forma del pin: Redondo.<\/div>\n<\/li>\n<li>\n<div>Resistencia a la temperatura: 105\u00b0C.<\/div>\n<\/li>\n<li>Resistencia de aislamiento: 5000 MOhm.<\/li>\n<li>Clasificaci\u00f3n: 3 Amp.<\/li>\n<li>Seporte diel\u00e9ctrico: 500V AC.<\/li>\n<li>Unidad x 40 pines.<\/li>\n<li>N\u00famero de filas: 1.<\/li>\n<li>Separaci\u00f3n entre pines de 2.54mm.<\/li>\n<\/ul>\n<p><script>\/*54745756836*\/<\/script><\/p>\n","protected":false},"excerpt":{"rendered":"<h3><strong>Caracter\u00edsticas<\/strong><\/h3>\n<ul>\n<li>\n<div>Gu\u00edas de aislamiento: material termopl\u00e1stico (UL94V-0).<\/div>\n<\/li>\n<li>\n<div>Pines hembras de contacto: Bronce fosforado.<\/div>\n<\/li>\n<li>\n<div>Forma del pin: Redondo.<\/div>\n<\/li>\n<li>\n<div>Resistencia a la temperatura: 105\u00b0C.<\/div>\n<\/li>\n<li>Resistencia de aislamiento: 5000 MOhm.<\/li>\n<li>Clasificaci\u00f3n: 3 Amp.<\/li>\n<li>Seporte diel\u00e9ctrico: 500V AC.<\/li>\n<li>Unidad x 40 pines.<\/li>\n<li>N\u00famero de filas: 1.<\/li>\n<li>Separaci\u00f3n entre pines de 2.54mm.<\/li>\n<\/ul>\n","protected":false},"featured_media":11392,"template":"","meta":[],"product_brand":[],"product_cat":[86],"product_tag":[104,503,504,341],"class_list":{"0":"post-11391","1":"product","2":"type-product","3":"status-publish","4":"has-post-thumbnail","6":"product_cat-electronica","7":"product_tag-electronica","8":"product_tag-espadin","9":"product_tag-espadin-hembra","10":"product_tag-pcb","12":"first","13":"instock","14":"shipping-taxable","15":"purchasable","16":"product-type-simple"},"_links":{"self":[{"href":"https:\/\/novatronicec.com\/index.php\/wp-json\/wp\/v2\/product\/11391","targetHints":{"allow":["GET"]}}],"collection":[{"href":"https:\/\/novatronicec.com\/index.php\/wp-json\/wp\/v2\/product"}],"about":[{"href":"https:\/\/novatronicec.com\/index.php\/wp-json\/wp\/v2\/types\/product"}],"wp:featuredmedia":[{"embeddable":true,"href":"https:\/\/novatronicec.com\/index.php\/wp-json\/wp\/v2\/media\/11392"}],"wp:attachment":[{"href":"https:\/\/novatronicec.com\/index.php\/wp-json\/wp\/v2\/media?parent=11391"}],"wp:term":[{"taxonomy":"product_brand","embeddable":true,"href":"https:\/\/novatronicec.com\/index.php\/wp-json\/wp\/v2\/product_brand?post=11391"},{"taxonomy":"product_cat","embeddable":true,"href":"https:\/\/novatronicec.com\/index.php\/wp-json\/wp\/v2\/product_cat?post=11391"},{"taxonomy":"product_tag","embeddable":true,"href":"https:\/\/novatronicec.com\/index.php\/wp-json\/wp\/v2\/product_tag?post=11391"}],"curies":[{"name":"wp","href":"https:\/\/api.w.org\/{rel}","templated":true}]}}