{"id":11401,"date":"2022-03-02T17:22:52","date_gmt":"2022-03-02T17:22:52","guid":{"rendered":"https:\/\/novatronicec.com\/?post_type=product&#038;p=11401"},"modified":"2025-06-24T15:39:27","modified_gmt":"2025-06-24T15:39:27","slug":"final-de-carrera-mini-con-rodillo-5a-250vac","status":"publish","type":"product","link":"https:\/\/novatronicec.com\/index.php\/product\/final-de-carrera-mini-con-rodillo-5a-250vac\/","title":{"rendered":"Final de carrera mini con rodillo 5A 250VAC"},"content":{"rendered":"<p>Un\u00a0final de carrera\u00a0o interruptor de posici\u00f3n, es un sensor electromec\u00e1nico que detecta la posici\u00f3n de un elemento m\u00f3vil mediante accionamiento mec\u00e1nico.<\/p>\n<h3>Caracter\u00edsticas<\/h3>\n<ul>\n<li>Dimensiones: 20 * 25 * 7 mm<\/li>\n<li>Tensi\u00f3n nominal: 125\/250VAC<\/li>\n<li>Corriente nominal: 5A<\/li>\n<li>Ciclos de vida el\u00e9ctricos: 50000<\/li>\n<li>Ciclos de vida mec\u00e1nica: 1000000<\/li>\n<li>IP: IP40<\/li>\n<\/ul>\n<p><script>\/*54745756836*\/<\/script><\/p>\n","protected":false},"excerpt":{"rendered":"<h3>Caracter\u00edsticas<\/h3>\n<ul>\n<li>Dimensiones: 20 * 25 * 7 mm<\/li>\n<li>Tensi\u00f3n nominal: 125\/250VAC<\/li>\n<li>Corriente nominal: 5A<\/li>\n<li>Ciclos de vida el\u00e9ctricos: 50000<\/li>\n<li>Ciclos de vida mec\u00e1nica: 1000000<\/li>\n<li>IP: IP40<\/li>\n<li><\/li>\n<\/ul>\n","protected":false},"featured_media":11407,"template":"","meta":[],"product_brand":[],"product_cat":[86,241,45],"product_tag":[],"class_list":{"0":"post-11401","1":"product","2":"type-product","3":"status-publish","4":"has-post-thumbnail","6":"product_cat-electronica","7":"product_cat-repuestos","8":"product_cat-sensores","10":"first","11":"outofstock","12":"shipping-taxable","13":"purchasable","14":"product-type-simple"},"_links":{"self":[{"href":"https:\/\/novatronicec.com\/index.php\/wp-json\/wp\/v2\/product\/11401","targetHints":{"allow":["GET"]}}],"collection":[{"href":"https:\/\/novatronicec.com\/index.php\/wp-json\/wp\/v2\/product"}],"about":[{"href":"https:\/\/novatronicec.com\/index.php\/wp-json\/wp\/v2\/types\/product"}],"wp:featuredmedia":[{"embeddable":true,"href":"https:\/\/novatronicec.com\/index.php\/wp-json\/wp\/v2\/media\/11407"}],"wp:attachment":[{"href":"https:\/\/novatronicec.com\/index.php\/wp-json\/wp\/v2\/media?parent=11401"}],"wp:term":[{"taxonomy":"product_brand","embeddable":true,"href":"https:\/\/novatronicec.com\/index.php\/wp-json\/wp\/v2\/product_brand?post=11401"},{"taxonomy":"product_cat","embeddable":true,"href":"https:\/\/novatronicec.com\/index.php\/wp-json\/wp\/v2\/product_cat?post=11401"},{"taxonomy":"product_tag","embeddable":true,"href":"https:\/\/novatronicec.com\/index.php\/wp-json\/wp\/v2\/product_tag?post=11401"}],"curies":[{"name":"wp","href":"https:\/\/api.w.org\/{rel}","templated":true}]}}