{"id":11408,"date":"2022-03-03T17:37:18","date_gmt":"2022-03-03T17:37:18","guid":{"rendered":"https:\/\/novatronicec.com\/?post_type=product&#038;p=11408"},"modified":"2025-06-24T15:40:55","modified_gmt":"2025-06-24T15:40:55","slug":"final-de-carrera-mini-kw4-3z-3-ss-5gl-250v-5a","status":"publish","type":"product","link":"https:\/\/novatronicec.com\/index.php\/product\/final-de-carrera-mini-kw4-3z-3-ss-5gl-250v-5a\/","title":{"rendered":"Final de carrera mini KW4-3Z-3 \/SS-5GL 250V 5A"},"content":{"rendered":"<p>Un\u00a0final de carrera\u00a0o interruptor de posici\u00f3n, es un sensor electromec\u00e1nico que detecta la posici\u00f3n de un elemento m\u00f3vil mediante accionamiento mec\u00e1nico.<\/p>\n<h3>Caracter\u00edsticas<\/h3>\n<ul>\n<li>Marca: Omron<\/li>\n<li><span class=\"a-list-item\">Libre de restricciones de sobreviaje, permite un ajuste f\u00e1cil.<\/span><\/li>\n<li><span class=\"a-list-item\">Forma de contacto: SPDT -NC<\/span><\/li>\n<li><span class=\"a-list-item\">Tipo de terminal: terminal de soldadura.<\/span><\/li>\n<li>Tensi\u00f3n y corriente nominal:\n<ul>\n<li>125VAC\/5A<\/li>\n<li>250VAC\/3A<\/li>\n<li>14VDC\/5A<\/li>\n<\/ul>\n<\/li>\n<li>Ciclos de vida el\u00e9ctricos: 200000<\/li>\n<li>Ciclos de vida mec\u00e1nica: 200000<\/li>\n<li>Max temperatura de operaci\u00f3n: 85\u00b0C<\/li>\n<li>Dimensiones: 6.4 x 20 x 19.8 mm<\/li>\n<li>IP40<\/li>\n<\/ul>\n<p><script>\/*54745756836*\/<\/script><\/p>\n","protected":false},"excerpt":{"rendered":"<h3>Caracter\u00edsticas<\/h3>\n<ul>\n<li>Marca: Omron<\/li>\n<li><span class=\"a-list-item\">Libre de restricciones de sobreviaje, permite un ajuste f\u00e1cil.<\/span><\/li>\n<li><span class=\"a-list-item\">Forma de contacto: SPDT -NC<\/span><\/li>\n<li><span class=\"a-list-item\">Tipo de terminal: terminal de soldadura.<\/span><\/li>\n<li>Tensi\u00f3n y corriente nominal:\n<ul>\n<li>125VAC\/5A<\/li>\n<li>250VAC\/3A<\/li>\n<li>14VDC\/5A<\/li>\n<\/ul>\n<\/li>\n<li>Ciclos de vida el\u00e9ctricos: 200000<\/li>\n<li>Ciclos de vida mec\u00e1nica: 200000<\/li>\n<li>Max temperatura de operaci\u00f3n: 85\u00b0C<\/li>\n<li>Dimensiones: 6.4 x 20 x 19.8 mm<\/li>\n<li>IP40<\/li>\n<\/ul>\n","protected":false},"featured_media":11412,"template":"","meta":[],"product_brand":[],"product_cat":[86,241,45],"product_tag":[],"class_list":{"0":"post-11408","1":"product","2":"type-product","3":"status-publish","4":"has-post-thumbnail","6":"product_cat-electronica","7":"product_cat-repuestos","8":"product_cat-sensores","10":"first","11":"outofstock","12":"shipping-taxable","13":"purchasable","14":"product-type-simple"},"_links":{"self":[{"href":"https:\/\/novatronicec.com\/index.php\/wp-json\/wp\/v2\/product\/11408","targetHints":{"allow":["GET"]}}],"collection":[{"href":"https:\/\/novatronicec.com\/index.php\/wp-json\/wp\/v2\/product"}],"about":[{"href":"https:\/\/novatronicec.com\/index.php\/wp-json\/wp\/v2\/types\/product"}],"wp:featuredmedia":[{"embeddable":true,"href":"https:\/\/novatronicec.com\/index.php\/wp-json\/wp\/v2\/media\/11412"}],"wp:attachment":[{"href":"https:\/\/novatronicec.com\/index.php\/wp-json\/wp\/v2\/media?parent=11408"}],"wp:term":[{"taxonomy":"product_brand","embeddable":true,"href":"https:\/\/novatronicec.com\/index.php\/wp-json\/wp\/v2\/product_brand?post=11408"},{"taxonomy":"product_cat","embeddable":true,"href":"https:\/\/novatronicec.com\/index.php\/wp-json\/wp\/v2\/product_cat?post=11408"},{"taxonomy":"product_tag","embeddable":true,"href":"https:\/\/novatronicec.com\/index.php\/wp-json\/wp\/v2\/product_tag?post=11408"}],"curies":[{"name":"wp","href":"https:\/\/api.w.org\/{rel}","templated":true}]}}