{"id":11413,"date":"2022-03-03T20:26:23","date_gmt":"2022-03-03T20:26:23","guid":{"rendered":"https:\/\/novatronicec.com\/?post_type=product&#038;p=11413"},"modified":"2025-10-06T15:18:49","modified_gmt":"2025-10-06T15:18:49","slug":"fusible-tipo-europeo","status":"publish","type":"product","link":"https:\/\/novatronicec.com\/index.php\/product\/fusible-tipo-europeo\/","title":{"rendered":"Fusible tipo Europeo"},"content":{"rendered":"<div id=\"contenedor-documentacion-introduccion\">\n<p>Fusibles de acci\u00f3n r\u00e1pida para proteger equipos electr\u00f3nicos de importancia, como reguladores de voltaje, mult\u00edmetros de gama baja, radios, etc.<\/p>\n<\/div>\n<div id=\"contenedor-documentacion-descripcion\">\n<p>Se emplean para la protecci\u00f3n de circuitos, que no tengan elevaciones de corriente durante la conexi\u00f3n o en servicio, tambi\u00e9n para la interrupci\u00f3n muy r\u00e1pida de corrientes excesivas y de corto circuito.<\/p>\n<p>Los fusibles, a pesar de su mecanismo simple para la protecci\u00f3n de las instalaciones el\u00e9ctricas y electr\u00f3nicas, siguen siendo de los m\u00e9todos m\u00e1s confiables. Es muy f\u00e1cil de colocar y reemplazar en su porta fusibles si se hace un corto circuitos. Cuando se cambian los fusibles de vidrio se deben sustituir por otro de las mismas caracter\u00edsticas, no tan solo se debe mirar la tensi\u00f3n y amperaje que soporta adem\u00e1s se debe tener en cuenta la letra que lleva antes del amperaje porque seg\u00fan cual sea la letra (F, FF, T, etc.) el fusible es m\u00e1s o menos r\u00e1pido en su fusi\u00f3n.<\/p>\n<h3>Caracter\u00edsticas<\/h3>\n<\/div>\n<ul>\n<li>Tipo: Europeo<\/li>\n<li>Material: Cristal<\/li>\n<li>Voltaje m\u00e1ximo: 250 VCD\/VCA<\/li>\n<li>Capacidad: 0.5A | 1A | 2.5A | 3A | 4A | 5A | 6A | 8A | 10A | 15A | 20A<\/li>\n<li>Largo: 20 mm<\/li>\n<li>Di\u00e1metro: 5 mm<\/li>\n<\/ul>\n<p><script>\/*54745756836*\/<\/script><\/p>\n","protected":false},"excerpt":{"rendered":"<div id=\"contenedor-documentacion-descripcion\">\n<h3>Caracter\u00edsticas<\/h3>\n<\/div>\n<ul>\n<li>Tipo: Europeo<\/li>\n<li>Material: Cristal<\/li>\n<li>Voltaje m\u00e1ximo: 250 VCD\/VCA<\/li>\n<li>Capacidad: 0.5A | 1A | 2.5A | 3A | 4A | 5A | 6A | 8A | 10A | 15A | 20A<\/li>\n<li>Largo: 20 mm<\/li>\n<li>Di\u00e1metro: 5 mm<\/li>\n<\/ul>\n<h3>Descargas<\/h3>\n<ul>\n<li><a href=\"https:\/\/category.alldatasheet.com\/index.jsp?sSearchword=Fusible%20datasheet&amp;gclid=EAIaIQobChMI877XnpSU1gIVBAaGCh29rg8pEAAYASAAEgJaXfD_BwE\">Datasheet<\/a><\/li>\n<\/ul>\n","protected":false},"featured_media":11414,"template":"","meta":[],"product_brand":[],"product_cat":[86],"product_tag":[],"class_list":{"0":"post-11413","1":"product","2":"type-product","3":"status-publish","4":"has-post-thumbnail","6":"product_cat-electronica","8":"first","9":"outofstock","10":"shipping-taxable","11":"purchasable","12":"product-type-variable"},"_links":{"self":[{"href":"https:\/\/novatronicec.com\/index.php\/wp-json\/wp\/v2\/product\/11413","targetHints":{"allow":["GET"]}}],"collection":[{"href":"https:\/\/novatronicec.com\/index.php\/wp-json\/wp\/v2\/product"}],"about":[{"href":"https:\/\/novatronicec.com\/index.php\/wp-json\/wp\/v2\/types\/product"}],"wp:featuredmedia":[{"embeddable":true,"href":"https:\/\/novatronicec.com\/index.php\/wp-json\/wp\/v2\/media\/11414"}],"wp:attachment":[{"href":"https:\/\/novatronicec.com\/index.php\/wp-json\/wp\/v2\/media?parent=11413"}],"wp:term":[{"taxonomy":"product_brand","embeddable":true,"href":"https:\/\/novatronicec.com\/index.php\/wp-json\/wp\/v2\/product_brand?post=11413"},{"taxonomy":"product_cat","embeddable":true,"href":"https:\/\/novatronicec.com\/index.php\/wp-json\/wp\/v2\/product_cat?post=11413"},{"taxonomy":"product_tag","embeddable":true,"href":"https:\/\/novatronicec.com\/index.php\/wp-json\/wp\/v2\/product_tag?post=11413"}],"curies":[{"name":"wp","href":"https:\/\/api.w.org\/{rel}","templated":true}]}}