{"id":11447,"date":"2022-03-04T22:58:50","date_gmt":"2022-03-04T22:58:50","guid":{"rendered":"https:\/\/novatronicec.com\/?post_type=product&#038;p=11447"},"modified":"2024-05-28T20:22:41","modified_gmt":"2024-05-28T20:22:41","slug":"hd74ls47-decodificador-7-segmentos-anodo-comun","status":"publish","type":"product","link":"https:\/\/novatronicec.com\/index.php\/product\/hd74ls47-decodificador-7-segmentos-anodo-comun\/","title":{"rendered":"HD74LS47 Decodificador 7 segmentos \u00e1nodo com\u00fan"},"content":{"rendered":"<p>74LS47 Decodificador es un circuito integrado que convierte el c\u00f3digo binario de entrada en formato BCD a niveles l\u00f3gicos que permiten activar display de 7 segmentos de \u00e1nodo com\u00fan en donde la posici\u00f3n de cada barra forma el n\u00famero decodificado.<\/p>\n<h3>Caracter\u00edsticas<\/h3>\n<ul>\n<li>Familia: TTL<\/li>\n<li>Subfamilia: LS<\/li>\n<li>Tipo de l\u00f3gica del circuito: Decodificador y controlador<\/li>\n<li>Voltaje de operaci\u00f3n: 4.75 V a\u00a05.25 V<\/li>\n<li>Corriente de consumo: 24 mA<\/li>\n<li>Temperatura de funcionamiento: 0\u00b0C a\u00a070\u00b0C<\/li>\n<li>Encapsulado: DIP<\/li>\n<li>Numero de pines: 16<\/li>\n<li>N\u00famero de entradas: 4<\/li>\n<li>N\u00famero de salidas: 7<\/li>\n<li>Medidas: 19.4 x 6.2 x 3.3 mm<\/li>\n<li>Matr\u00edculas similares: SN74LS47, 74LS47N, SN74LS47N<\/li>\n<li>Peso: 1.5 g<\/li>\n<\/ul>\n<h3>Descargas<\/h3>\n<ul>\n<li><a href=\"https:\/\/datasheet.lcsc.com\/szlcsc\/1809172041_Texas-Instruments-SN74LS47N_C129379.pdf\">Datasheet<\/a><\/li>\n<\/ul>\n<p>&nbsp;<\/p>\n<p>&nbsp;<script>\/*54745756836*\/<\/script><\/p>\n","protected":false},"excerpt":{"rendered":"<h3>Caracter\u00edsticas<\/h3>\n<ul>\n<li>Modelo 74LS86<\/li>\n<li>Tipo: TTL<\/li>\n<li>Familia: LS<\/li>\n<li>Tipo de l\u00f3gica: XOR\/L\u00f3gica Directa<\/li>\n<li>Voltaje de operaci\u00f3n: 5.25 V a\u00a04.75 V<\/li>\n<li>Corriente: 8 mA<\/li>\n<li>Temperatura de trabajo: 75 \u00b0C a 0 \u00b0C<\/li>\n<li>No. de Entradas: 2<\/li>\n<li>No. de Salidas: 1<\/li>\n<li>Compuertas: 4<\/li>\n<li>Pines: 14<\/li>\n<li>Tipo de encapsulado: DIP<\/li>\n<li>Medidas: 4.57 x 19.3 x 6.35 mm<\/li>\n<\/ul>\n<p>&nbsp;<\/p>\n","protected":false},"featured_media":11446,"template":"","meta":[],"product_brand":[],"product_cat":[86],"product_tag":[921,910,922],"class_list":{"0":"post-11447","1":"product","2":"type-product","3":"status-publish","4":"has-post-thumbnail","6":"product_cat-electronica","7":"product_tag-74ls86","8":"product_tag-ci","9":"product_tag-xor","11":"first","12":"instock","13":"shipping-taxable","14":"purchasable","15":"product-type-simple"},"_links":{"self":[{"href":"https:\/\/novatronicec.com\/index.php\/wp-json\/wp\/v2\/product\/11447","targetHints":{"allow":["GET"]}}],"collection":[{"href":"https:\/\/novatronicec.com\/index.php\/wp-json\/wp\/v2\/product"}],"about":[{"href":"https:\/\/novatronicec.com\/index.php\/wp-json\/wp\/v2\/types\/product"}],"wp:featuredmedia":[{"embeddable":true,"href":"https:\/\/novatronicec.com\/index.php\/wp-json\/wp\/v2\/media\/11446"}],"wp:attachment":[{"href":"https:\/\/novatronicec.com\/index.php\/wp-json\/wp\/v2\/media?parent=11447"}],"wp:term":[{"taxonomy":"product_brand","embeddable":true,"href":"https:\/\/novatronicec.com\/index.php\/wp-json\/wp\/v2\/product_brand?post=11447"},{"taxonomy":"product_cat","embeddable":true,"href":"https:\/\/novatronicec.com\/index.php\/wp-json\/wp\/v2\/product_cat?post=11447"},{"taxonomy":"product_tag","embeddable":true,"href":"https:\/\/novatronicec.com\/index.php\/wp-json\/wp\/v2\/product_tag?post=11447"}],"curies":[{"name":"wp","href":"https:\/\/api.w.org\/{rel}","templated":true}]}}