{"id":11492,"date":"2022-03-21T20:02:21","date_gmt":"2022-03-21T20:02:21","guid":{"rendered":"https:\/\/novatronicec.com\/?post_type=product&#038;p=11492"},"modified":"2024-07-01T21:27:50","modified_gmt":"2024-07-01T21:27:50","slug":"sensor-de-temperatura-infrarrojo-gy-906-mlx90614","status":"publish","type":"product","link":"https:\/\/novatronicec.com\/index.php\/product\/sensor-de-temperatura-infrarrojo-gy-906-mlx90614\/","title":{"rendered":"Sensor de Temperatura Infrarrojo GY-906 MLX90614"},"content":{"rendered":"<h3><strong>INFORMACI\u00d3N<\/strong><\/h3>\n<div align=\"justify\">\n<p>Es un sensor de temperatura infrarrojo MLX90614, permite medir temperatura de un objeto a distancia (sin contacto), el cual est\u00e1 dise\u00f1ado para ser sensible a la radiaci\u00f3n infrarroja emitida por un objeto a distancia, puede obtener lecturas desde los -70\u00b0C hasta 380\u00b0C, con una precisi\u00f3n de 0.5\u00b0C. La salida del sensor es lineal y se compensa de acuerdo a las variaciones de la temperatura ambiente.<\/p>\n<p>El MLX90614 sirve para obtener mediciones de temperatura sin contacto de alta precisi\u00f3n y es aplicado en sistemas de control de aire acondicionado m\u00f3vil, control de temperatura en piezas industriales o en electrodom\u00e9sticos o control de temperatura mediante m\u00faltiples sensores.<\/p>\n<\/div>\n<h3><strong>CARACTER\u00cdSTICAS<\/strong><\/h3>\n<ul>\n<li>Tipo: Sensor de temperatura sin contacto<\/li>\n<li>Modulo: GY-906<\/li>\n<li>Sensor: MLX90614ESF-BAA<\/li>\n<li>Voltaje de Operaci\u00f3n: 3.3V \u2013 5V DC<\/li>\n<li>Rango de temperatura ambiente de trabajo: \u00a0-40\u2103 hasta +170\u2103<\/li>\n<li>Rango de temperatura de objeto: -70\u2103 hasta +380\u2103<\/li>\n<li>Precisi\u00f3n: \u00b10.5\u00b0C<\/li>\n<li>Angulo de visi\u00f3n: 90\u00b0 (FOV)<\/li>\n<li>Distancia para temperatura de objeto: Min. 2cm y Max. 3cm<\/li>\n<li>ADC incorporado de 17\u00a0bits<\/li>\n<li>Salida de PWM: 10 bits<\/li>\n<li>Protocolo de comunicaci\u00f3n SMBUS (I2C)<\/li>\n<li>No necesita componentes adicionales<\/li>\n<\/ul>\n<p><strong>*Nota:<\/strong>\u00a0Este sensor no es para aplicaciones medicas o de salud, no utilizar para medir temperatura corporal ya que tendr\u00e1s lecturas no reales. Para medir temperatura corporal te recomendamos el sensor MLX90614ESF-DCI.<script>\/*54745756836*\/<\/script><\/p>\n","protected":false},"excerpt":{"rendered":"<h3><strong>CARACTER\u00cdSTICAS<\/strong><\/h3>\n<ul>\n<li>Tipo: Sensor de temperatura sin contacto<\/li>\n<li>Modulo: GY-906<\/li>\n<li>Sensor: MLX90614ESF-BAA<\/li>\n<li>Voltaje de Operaci\u00f3n: 3.3V \u2013 5V DC<\/li>\n<li>Rango de temperatura ambiente de trabajo: \u00a0-40\u2103 hasta +170\u2103<\/li>\n<li>Rango de temperatura de objeto: -70\u2103 hasta +380\u2103<\/li>\n<li>Precisi\u00f3n: \u00b10.5\u00b0C<\/li>\n<li>Angulo de visi\u00f3n: 90\u00b0 (FOV)<\/li>\n<li>Distancia para temperatura de objeto: Min. 2cm y Max. 3cm<\/li>\n<li>ADC incorporado de 17\u00a0bits<\/li>\n<li>Salida de PWM: 10 bits<\/li>\n<li>Protocolo de comunicaci\u00f3n SMBUS (I2C)<\/li>\n<li>No necesita componentes adicionales<\/li>\n<\/ul>\n","protected":false},"featured_media":11497,"template":"","meta":[],"product_brand":[],"product_cat":[86,45],"product_tag":[924,214,925,926,927,215],"class_list":{"0":"post-11492","1":"product","2":"type-product","3":"status-publish","4":"has-post-thumbnail","6":"product_cat-electronica","7":"product_cat-sensores","8":"product_tag-gy-906","9":"product_tag-infrarrojo","10":"product_tag-mlx90614","11":"product_tag-sensor-de-temperatura-infrarrojo","12":"product_tag-smbus","13":"product_tag-temperatura","15":"first","16":"instock","17":"shipping-taxable","18":"purchasable","19":"product-type-simple"},"_links":{"self":[{"href":"https:\/\/novatronicec.com\/index.php\/wp-json\/wp\/v2\/product\/11492","targetHints":{"allow":["GET"]}}],"collection":[{"href":"https:\/\/novatronicec.com\/index.php\/wp-json\/wp\/v2\/product"}],"about":[{"href":"https:\/\/novatronicec.com\/index.php\/wp-json\/wp\/v2\/types\/product"}],"wp:featuredmedia":[{"embeddable":true,"href":"https:\/\/novatronicec.com\/index.php\/wp-json\/wp\/v2\/media\/11497"}],"wp:attachment":[{"href":"https:\/\/novatronicec.com\/index.php\/wp-json\/wp\/v2\/media?parent=11492"}],"wp:term":[{"taxonomy":"product_brand","embeddable":true,"href":"https:\/\/novatronicec.com\/index.php\/wp-json\/wp\/v2\/product_brand?post=11492"},{"taxonomy":"product_cat","embeddable":true,"href":"https:\/\/novatronicec.com\/index.php\/wp-json\/wp\/v2\/product_cat?post=11492"},{"taxonomy":"product_tag","embeddable":true,"href":"https:\/\/novatronicec.com\/index.php\/wp-json\/wp\/v2\/product_tag?post=11492"}],"curies":[{"name":"wp","href":"https:\/\/api.w.org\/{rel}","templated":true}]}}