{"id":11499,"date":"2022-03-21T20:58:31","date_gmt":"2022-03-21T20:58:31","guid":{"rendered":"https:\/\/novatronicec.com\/?post_type=product&#038;p=11499"},"modified":"2025-12-10T21:21:41","modified_gmt":"2025-12-10T21:21:41","slug":"lj12a3-4-z-bx-npn-sensor-de-proximidad-inductivo","status":"publish","type":"product","link":"https:\/\/novatronicec.com\/index.php\/product\/lj12a3-4-z-bx-npn-sensor-de-proximidad-inductivo\/","title":{"rendered":"LJ12A3-4-Z\/BX NPN Sensor de Proximidad Inductivo"},"content":{"rendered":"<h3><strong>INFORMACI\u00d3N\u00a0<\/strong><\/h3>\n<p>Es un sensor que permite detectar la proximidad de objetos met\u00e1licos a una distancia de detecci\u00f3n de 4mm, esta distancia puede variar dependiendo de la forma, tama\u00f1o y tipo de metal del que est\u00e1 fabricado el objeto.<\/p>\n<p>El sensor LJ12A3-4-Z\/BX NPN tiene led indicador que se enciende al detectar un objeto met\u00e1lico dentro de su rango de detecci\u00f3n.<\/p>\n<p>El sensor de proximidad inductivo LJ12A3-4-Z\/BX (NPN-NO) te permite detectar objetos met\u00e1licos en un rango de 4mm. De f\u00e1cil integraci\u00f3n con sistemas digitales como Arduino, Pics o PLCs. Solo es necesario conectar la salida del sensor a una entrada digital del microcontrolador. La salida de este sensor es de tipo NPN normalmente abierto, por lo que al detectar un objeto la salida ser\u00e1 GND y en estado de reposo VCC.<\/p>\n<h3><strong>CARACTER\u00cdSTICAS<\/strong><\/h3>\n<ul>\n<li>Tipo: Interruptor inductivo de proximidad<\/li>\n<li>Modelo: LJ12A3-4-Z\/BX<\/li>\n<li>Apariencia: Tipo de cilindro<\/li>\n<li>Longitud del cable: 1m<\/li>\n<li>Voltaje de Operaci\u00f3n: 6 \u2013 36V DC<\/li>\n<li>Corriente de salida: 300mA<\/li>\n<li>Distancia de detecci\u00f3n: 4mm \u00b1 10%<\/li>\n<li>Tipo de salida: NPN<\/li>\n<li>Salida: Normalmente Abierto NO<\/li>\n<li>Materiales detectables: Hierro\/aleaciones de acero<\/li>\n<li>Led indicador de estado, prende al detectar el objeto met\u00e1lico de lo contrario estar\u00e1 apagado<\/li>\n<li>Temperatura de funcionamiento: -25 \u00b0C a + 55 \u00b0C (sin congelaci\u00f3n)<\/li>\n<\/ul>\n<p><strong>Pines:<\/strong><\/p>\n<ul>\n<li><strong>Marr\u00f3n<\/strong>: (VCC) 6 \u2013 36V DC<\/li>\n<li><strong>Negro<\/strong>: Salida NPN NO<\/li>\n<li><strong>Azul<\/strong>: GND<\/li>\n<\/ul>\n<p><script>\/*54745756836*\/<\/script><\/p>\n","protected":false},"excerpt":{"rendered":"<h3><strong>CARACTER\u00cdSTICAS<\/strong><\/h3>\n<ul>\n<li>Tipo: Interruptor inductivo de proximidad<\/li>\n<li>Modelo: LJ12A3-4-Z\/BX<\/li>\n<li>Apariencia: Tipo de cilindro<\/li>\n<li>Longitud del cable: 1m<\/li>\n<li>Voltaje de Operaci\u00f3n: 6 \u2013 36V DC<\/li>\n<li>Corriente de salida: 300mA<\/li>\n<li>Distancia de detecci\u00f3n: 4mm \u00b1 10%<\/li>\n<li>Tipo de salida: NPN<\/li>\n<li>Salida: Normalmente Abierto NO<\/li>\n<li>Materiales detectables: Hierro\/aleaciones de acero<\/li>\n<li>Led indicador de estado, prende al detectar el objeto met\u00e1lico de lo contrario estar\u00e1 apagado<\/li>\n<li>Temperatura de funcionamiento: -25 \u00b0C a + 55 \u00b0C (sin congelaci\u00f3n)<\/li>\n<\/ul>\n","protected":false},"featured_media":11501,"template":"","meta":[],"product_brand":[],"product_cat":[86,45],"product_tag":[928,929,930,443,931,932],"class_list":{"0":"post-11499","1":"product","2":"type-product","3":"status-publish","4":"has-post-thumbnail","6":"product_cat-electronica","7":"product_cat-sensores","8":"product_tag-inductivo","9":"product_tag-lj12a3","10":"product_tag-lj12a3-4-z-bx","11":"product_tag-npn","12":"product_tag-npn-no","13":"product_tag-sensor-de-proximidad","15":"first","16":"outofstock","17":"shipping-taxable","18":"purchasable","19":"product-type-simple"},"_links":{"self":[{"href":"https:\/\/novatronicec.com\/index.php\/wp-json\/wp\/v2\/product\/11499","targetHints":{"allow":["GET"]}}],"collection":[{"href":"https:\/\/novatronicec.com\/index.php\/wp-json\/wp\/v2\/product"}],"about":[{"href":"https:\/\/novatronicec.com\/index.php\/wp-json\/wp\/v2\/types\/product"}],"wp:featuredmedia":[{"embeddable":true,"href":"https:\/\/novatronicec.com\/index.php\/wp-json\/wp\/v2\/media\/11501"}],"wp:attachment":[{"href":"https:\/\/novatronicec.com\/index.php\/wp-json\/wp\/v2\/media?parent=11499"}],"wp:term":[{"taxonomy":"product_brand","embeddable":true,"href":"https:\/\/novatronicec.com\/index.php\/wp-json\/wp\/v2\/product_brand?post=11499"},{"taxonomy":"product_cat","embeddable":true,"href":"https:\/\/novatronicec.com\/index.php\/wp-json\/wp\/v2\/product_cat?post=11499"},{"taxonomy":"product_tag","embeddable":true,"href":"https:\/\/novatronicec.com\/index.php\/wp-json\/wp\/v2\/product_tag?post=11499"}],"curies":[{"name":"wp","href":"https:\/\/api.w.org\/{rel}","templated":true}]}}