{"id":11508,"date":"2022-03-21T21:03:35","date_gmt":"2022-03-21T21:03:35","guid":{"rendered":"https:\/\/novatronicec.com\/?post_type=product&#038;p=11508"},"modified":"2026-01-16T15:29:26","modified_gmt":"2026-01-16T15:29:26","slug":"sensor-de-proximidad-inductivo-lj18a3-5-z-bx-npn-no","status":"publish","type":"product","link":"https:\/\/novatronicec.com\/index.php\/product\/sensor-de-proximidad-inductivo-lj18a3-5-z-bx-npn-no\/","title":{"rendered":"SENSOR DE PROXIMIDAD INDUCTIVO LJ18A3-5-Z\/BX (NPN-NO)"},"content":{"rendered":"<h3><strong>INFORMACI\u00d3N\u00a0<\/strong><\/h3>\n<p>El sensor de proximidad inductivo LJ18A3-5-Z\/BX (NPN-NO) te permite detectar objetos met\u00e1licos en un rango de 5mm. De f\u00e1cil integraci\u00f3n con sistemas digitales como Arduino, Pics o PLCs. Solo es necesario conectar la salida del sensor a una entrada digital del microcontrolador. La salida de este sensor es de tipo NPN normalmente cerrado, por lo que al detectar un objeto la salida ser\u00e1 GND y en estado de reposo VCC. Puede ser alimentado con 5V y trabajar directamente con Arduino. Si se desea extender el rango de detecci\u00f3n se recomienda alimentar con 12V o 24V y utilizar un optoacoplador para la conexi\u00f3n con Arduino.<\/p>\n<h3><strong>CARACTER\u00cdSTICAS<\/strong><\/h3>\n<ul>\n<li>Voltaje de Operaci\u00f3n: 6 &#8211; 36 V DC<\/li>\n<li>Consumo corriente: 300 mA<\/li>\n<li>Modelo: LJ18A3-5-Z\/BX<\/li>\n<li>Conexi\u00f3n por cable de 3 hilos (VCC, GND, Salida)<\/li>\n<li>Tipo de salida: NPN NO (ON:GND \/ OFF:VCC)<\/li>\n<li>Salida: Normalmente\u00a0abierto (NO: Normally Open)<\/li>\n<li>Indicador de salida con led<\/li>\n<li>Frecuencia de respuesta: 500Hz<\/li>\n<li>Rango de detecci\u00f3n: 5mm +-10% (probado con un bloque de hierro de 18x18x1mm)<\/li>\n<li>Protecci\u00f3n: IP65<\/li>\n<li>Temperatura de operaci\u00f3n: -10 &#8211; +70\u00baC<\/li>\n<li>Longitud del cable: 1.2m de PVC<\/li>\n<li>Materiales detectables: Hierro\/aleaciones de acero<\/li>\n<li>Di\u00e1metro: 18mm<\/li>\n<li>Longitud: 68mm<\/li>\n<\/ul>\n<p><strong>Pines:<\/strong><\/p>\n<ul>\n<li>Marr\u00f3n: 6-36V DC (VCC)<\/li>\n<li>Negro: Salida NPN NC (Detecci\u00f3n: GND, Reposo: VCC)<\/li>\n<li>Azul: GND<\/li>\n<\/ul>\n<p><script>\/*54745756836*\/<\/script><\/p>\n","protected":false},"excerpt":{"rendered":"<h3><strong>CARACTER\u00cdSTICAS<\/strong><\/h3>\n<ul>\n<li>Voltaje de Operaci\u00f3n: 6 &#8211; 36 V DC<\/li>\n<li>Consumo corriente: 300 mA<\/li>\n<li>Modelo: LJ18A3-5-Z\/BX<\/li>\n<li>Conexi\u00f3n por cable de 3 hilos (VCC, GND, Salida)<\/li>\n<li>Tipo de salida: NPN NO (ON:GND \/ OFF:VCC)<\/li>\n<li>Salida: Normalmente\u00a0abierto (NO: Normally Open)<\/li>\n<li>Indicador de salida con led<\/li>\n<li>Frecuencia de respuesta: 500Hz<\/li>\n<li>Rango de detecci\u00f3n: 5mm +-10% (probado con un bloque de hierro de 18x18x1mm)<\/li>\n<li>Protecci\u00f3n: IP65<\/li>\n<li>Temperatura de operaci\u00f3n: -10 &#8211; +70\u00baC<\/li>\n<li>Longitud del cable: 1.2m de PVC<\/li>\n<li>Materiales detectables: Hierro\/aleaciones de acero<\/li>\n<li>Di\u00e1metro: 18mm<\/li>\n<li>Longitud: 68mm<\/li>\n<\/ul>\n","protected":false},"featured_media":11510,"template":"","meta":[],"product_brand":[],"product_cat":[86,45],"product_tag":[928,933,934,443,931,932],"class_list":{"0":"post-11508","1":"product","2":"type-product","3":"status-publish","4":"has-post-thumbnail","6":"product_cat-electronica","7":"product_cat-sensores","8":"product_tag-inductivo","9":"product_tag-lj18a3","10":"product_tag-lj18a3-5-z-bx","11":"product_tag-npn","12":"product_tag-npn-no","13":"product_tag-sensor-de-proximidad","15":"first","16":"outofstock","17":"shipping-taxable","18":"purchasable","19":"product-type-simple"},"_links":{"self":[{"href":"https:\/\/novatronicec.com\/index.php\/wp-json\/wp\/v2\/product\/11508","targetHints":{"allow":["GET"]}}],"collection":[{"href":"https:\/\/novatronicec.com\/index.php\/wp-json\/wp\/v2\/product"}],"about":[{"href":"https:\/\/novatronicec.com\/index.php\/wp-json\/wp\/v2\/types\/product"}],"wp:featuredmedia":[{"embeddable":true,"href":"https:\/\/novatronicec.com\/index.php\/wp-json\/wp\/v2\/media\/11510"}],"wp:attachment":[{"href":"https:\/\/novatronicec.com\/index.php\/wp-json\/wp\/v2\/media?parent=11508"}],"wp:term":[{"taxonomy":"product_brand","embeddable":true,"href":"https:\/\/novatronicec.com\/index.php\/wp-json\/wp\/v2\/product_brand?post=11508"},{"taxonomy":"product_cat","embeddable":true,"href":"https:\/\/novatronicec.com\/index.php\/wp-json\/wp\/v2\/product_cat?post=11508"},{"taxonomy":"product_tag","embeddable":true,"href":"https:\/\/novatronicec.com\/index.php\/wp-json\/wp\/v2\/product_tag?post=11508"}],"curies":[{"name":"wp","href":"https:\/\/api.w.org\/{rel}","templated":true}]}}