{"id":11516,"date":"2022-03-21T21:17:12","date_gmt":"2022-03-21T21:17:12","guid":{"rendered":"https:\/\/novatronicec.com\/?post_type=product&#038;p=11516"},"modified":"2026-01-05T14:49:56","modified_gmt":"2026-01-05T14:49:56","slug":"fuente-conmutada-12v-10a","status":"publish","type":"product","link":"https:\/\/novatronicec.com\/index.php\/product\/fuente-conmutada-12v-10a\/","title":{"rendered":"Fuente de poder 12V 10A"},"content":{"rendered":"<h3><strong>INFORMACI\u00d3N<\/strong><\/h3>\n<div align=\"justify\">\n<p>Fuente conmutada 12V 10A es un dispositivo electr\u00f3nico com\u00fanmente llamado fuente de alimentaci\u00f3n, fuente de poder o fuente conmutada. En electr\u00f3nica se define como el instrumento que transforma corriente alterna en corriente continua en una o varias salidas.<\/p>\n<div style=\"display: none;\">How To Train For Maximum Muscle Growth <a title=\"how to buy anabolic steroids in usa\" href=\"https:\/\/gearstore.biz\/\">how to buy anabolic steroids in usa<\/a> RSP AminoLean All-in-One Pre Workout | Bodybuilding.com<\/div>\n<p>Fuente conmutada 12V 10A permite transformar la energ\u00eda el\u00e9ctrica de VCA a VCD puede alimentar a diferentes dispositivos electr\u00f3nicos por ejemplo: motor de CD, leds de potencia, tira de leds, c\u00e1maras de CCTV, M\u00f3dulos PWM, tarjetas o m\u00f3dulos Arduino, sensores, actuadores, amplificadores, circuitos integrados, etc.<\/p>\n<\/div>\n<h3><strong>CARACTER\u00cdSTICAS<\/strong><\/h3>\n<ul>\n<li>Tipo:\u00a0 Fuente conmutada de 12 VCD\u00a0 a\u00a0 10A<\/li>\n<li>Voltaje de entrada: AC110-220V 50\/60Hz<\/li>\n<li>Potencia M\u00e1xima de Salida: 120W<\/li>\n<li>Dimensiones : 19.8x10x4.2cm (L * W * H)<\/li>\n<li>Protecci\u00f3n: cortocircuito \/ sobrecarga \/ sobretensi\u00f3n<\/li>\n<li>Temperatura de trabajo: -10 ~ + 50 y el grado; c<\/li>\n<li>Temperatura de almacenamiento: -20 ~ 85 y el grado; c<\/li>\n<li>Humedad ambiente: 20% ~ 95 % sin condensaci\u00f3n<\/li>\n<li>Peso: 396 g<\/li>\n<li>Material de Shell: metal \/ base de aluminio<\/li>\n<\/ul>\n<p>Conexi\u00f3n en regleta para toma de VCD :<\/p>\n<ul>\n<li>\u00a0-V: terminal negativa<\/li>\n<li>+V: terminal positiva<\/li>\n<li>ADJ: ajuste del voltaje de salida al \u00b1 0.05 volts<\/li>\n<\/ul>\n<p>Conexi\u00f3n en regleta para ingresar\u00a0 VCA\u00a0 :<\/p>\n<ul>\n<li>T : terminal\u00a0 a Tierra f\u00edsica del toma corriente<\/li>\n<li>N: terminal\u00a0 Neutra del toma corriente<\/li>\n<li>L : terminal\u00a0 L\u00ednea\u00a0 o fase del toma corriente<\/li>\n<\/ul>\n<p><script>\/*54745756836*\/<\/script><\/p>\n","protected":false},"excerpt":{"rendered":"<h3><strong>CARACTER\u00cdSTICAS<\/strong><\/h3>\n<ul>\n<li>Tipo:\u00a0 Fuente conmutada de 12 VCD\u00a0 a\u00a0 10A<\/li>\n<li>Voltaje de entrada: AC110-220V 50\/60Hz<\/li>\n<li>Potencia M\u00e1xima de Salida: 120W<\/li>\n<li>Dimensiones : 19.8x10x4.2cm (L * W * H)<\/li>\n<li>Protecci\u00f3n: cortocircuito \/ sobrecarga \/ sobretensi\u00f3n<\/li>\n<li>Temperatura de trabajo: -10 ~ + 50 y el grado; c<\/li>\n<li>Temperatura de almacenamiento: -20 ~ 85 y el grado; c<\/li>\n<li>Humedad ambiente: 20% ~ 95 % sin condensaci\u00f3n<\/li>\n<li>Peso: 396 g<\/li>\n<li>Material de Shell: metal \/ base de aluminio<\/li>\n<\/ul>\n","protected":false},"featured_media":11517,"template":"","meta":[],"product_brand":[],"product_cat":[86,46],"product_tag":[938,435,939,940,428,941,942,943,944,945],"class_list":{"0":"post-11516","1":"product","2":"type-product","3":"status-publish","4":"has-post-thumbnail","6":"product_cat-electronica","7":"product_cat-fuentes-y-adaptadores-de-voltaje","8":"product_tag-120w","9":"product_tag-12v","10":"product_tag-12v-120w","11":"product_tag-conmutada","12":"product_tag-fuente","13":"product_tag-fuente-10a","14":"product_tag-fuente-120w","15":"product_tag-fuente-12v-10a","16":"product_tag-fuente-conmutada","17":"product_tag-fuente-conmutada-12v","19":"first","20":"outofstock","21":"shipping-taxable","22":"purchasable","23":"product-type-simple"},"_links":{"self":[{"href":"https:\/\/novatronicec.com\/index.php\/wp-json\/wp\/v2\/product\/11516","targetHints":{"allow":["GET"]}}],"collection":[{"href":"https:\/\/novatronicec.com\/index.php\/wp-json\/wp\/v2\/product"}],"about":[{"href":"https:\/\/novatronicec.com\/index.php\/wp-json\/wp\/v2\/types\/product"}],"wp:featuredmedia":[{"embeddable":true,"href":"https:\/\/novatronicec.com\/index.php\/wp-json\/wp\/v2\/media\/11517"}],"wp:attachment":[{"href":"https:\/\/novatronicec.com\/index.php\/wp-json\/wp\/v2\/media?parent=11516"}],"wp:term":[{"taxonomy":"product_brand","embeddable":true,"href":"https:\/\/novatronicec.com\/index.php\/wp-json\/wp\/v2\/product_brand?post=11516"},{"taxonomy":"product_cat","embeddable":true,"href":"https:\/\/novatronicec.com\/index.php\/wp-json\/wp\/v2\/product_cat?post=11516"},{"taxonomy":"product_tag","embeddable":true,"href":"https:\/\/novatronicec.com\/index.php\/wp-json\/wp\/v2\/product_tag?post=11516"}],"curies":[{"name":"wp","href":"https:\/\/api.w.org\/{rel}","templated":true}]}}