{"id":11549,"date":"2022-03-23T15:36:35","date_gmt":"2022-03-23T15:36:35","guid":{"rendered":"https:\/\/novatronicec.com\/?post_type=product&#038;p=11549"},"modified":"2024-07-26T22:42:09","modified_gmt":"2024-07-26T22:42:09","slug":"adaptador-micro-hdmi-a-vga","status":"publish","type":"product","link":"https:\/\/novatronicec.com\/index.php\/product\/adaptador-micro-hdmi-a-vga\/","title":{"rendered":"Adaptador Micro HDMI a VGA con AUDIO"},"content":{"rendered":"<h3><strong>INFORMACI\u00d3N<\/strong><\/h3>\n<p>Adaptador Micro HDMI a VGA, tambien llamado HDTV a VGA permite una conexi\u00f3n a monitores analogos y proyectores VGA. Este adaptador tiene procesador \/ chip por dentro que puede convertir la se\u00f1al digital a anal\u00f3gica, por lo que se puede utilizar para todas las entradas HDMI Micro al dispositivo de salida VGA. Soporta la resoluci\u00f3n m\u00e1xima y permite conectar laptop\u00b4s, DVD\u00b4s, Pantallas LCD, Tv y monitores con vieja interfaz VGA.<\/p>\n<p>Permite conectar un smartphone o una tableta (cuyo contenido se transfiere mediante un conector Micro HDMI) a un dispositivo de imagen con VGA disponible (televisor, monitor, proyector). El adaptador est\u00e1 dirigido a los usuarios que necesiten visualizar sus presentaciones, documentos u hojas de c\u00e1lculo en un monitor o proyector VGA. De igual manera es un accesorio que es utilizado para conectar un monitor con entrada VGA a tarjetas de\u00a0<strong>Raspberry Pi 4<\/strong>\u00a0que incorporen conector Micro HDMI para visualizar los gr\u00e1ficos de video.<\/p>\n<h3><strong>CARACTER\u00cdSTICAS<\/strong><\/h3>\n<ul>\n<li>Entrada: Micro HDMI Macho<\/li>\n<li>Salida: Hembra VGA y jack 3.5 para audio. Incluye cable de audio.<\/li>\n<li>Longitud: 25cm<\/li>\n<li>Resoluciones compatibles: 480i\/480 p\/576i\/576 p\/800\u00d7600\/720i\/720 p\/1280\u00d71024\/1600\u00d71200\/1080i\/1080 p<\/li>\n<li>Soporta salida de v\u00eddeo anal\u00f3gico hasta UXGA y 1080 p con 10-bit DAC<\/li>\n<li>Gama De Frecuencia Vertical: 50\/60Hz<\/li>\n<li>Compatible Con HDCP: HDCP 1.2<\/li>\n<li>F\u00e1cil de usar: no requiere software<\/li>\n<li>Dise\u00f1o compacto, ligero y port\u00e1til<\/li>\n<\/ul>\n<p><script>\/*54745756836*\/<\/script><\/p>\n","protected":false},"excerpt":{"rendered":"<h3><strong>CARACTER\u00cdSTICAS<\/strong><\/h3>\n<ul>\n<li>Entrada: Micro HDMI Macho<\/li>\n<li>Salida: Hembra VGA y jack 3.5 para audio. Incluye cable de audio.<\/li>\n<li>Longitud: 25cm<\/li>\n<li>Resoluciones compatibles: 480i\/480 p\/576i\/576 p\/800\u00d7600\/720i\/720 p\/1280\u00d71024\/1600\u00d71200\/1080i\/1080 p<\/li>\n<li>Soporta salida de v\u00eddeo anal\u00f3gico hasta UXGA y 1080 p con 10-bit DAC<\/li>\n<li>Gama De Frecuencia Vertical: 50\/60Hz<\/li>\n<li>Compatible Con HDCP: HDCP 1.2<\/li>\n<li>F\u00e1cil de usar: no requiere software<\/li>\n<li>Dise\u00f1o compacto, ligero y port\u00e1til<\/li>\n<\/ul>\n","protected":false},"featured_media":12176,"template":"","meta":[],"product_brand":[],"product_cat":[86,92,94],"product_tag":[977,978,350,979,389],"class_list":{"0":"post-11549","1":"product","2":"type-product","3":"status-publish","4":"has-post-thumbnail","6":"product_cat-electronica","7":"product_cat-placas","8":"product_cat-raspberry_pi","9":"product_tag-adaptador-micro-hdmi","10":"product_tag-adaptador-vga","11":"product_tag-cable","12":"product_tag-micro-hdmi","13":"product_tag-vga","15":"first","16":"instock","17":"shipping-taxable","18":"purchasable","19":"product-type-simple"},"_links":{"self":[{"href":"https:\/\/novatronicec.com\/index.php\/wp-json\/wp\/v2\/product\/11549","targetHints":{"allow":["GET"]}}],"collection":[{"href":"https:\/\/novatronicec.com\/index.php\/wp-json\/wp\/v2\/product"}],"about":[{"href":"https:\/\/novatronicec.com\/index.php\/wp-json\/wp\/v2\/types\/product"}],"wp:featuredmedia":[{"embeddable":true,"href":"https:\/\/novatronicec.com\/index.php\/wp-json\/wp\/v2\/media\/12176"}],"wp:attachment":[{"href":"https:\/\/novatronicec.com\/index.php\/wp-json\/wp\/v2\/media?parent=11549"}],"wp:term":[{"taxonomy":"product_brand","embeddable":true,"href":"https:\/\/novatronicec.com\/index.php\/wp-json\/wp\/v2\/product_brand?post=11549"},{"taxonomy":"product_cat","embeddable":true,"href":"https:\/\/novatronicec.com\/index.php\/wp-json\/wp\/v2\/product_cat?post=11549"},{"taxonomy":"product_tag","embeddable":true,"href":"https:\/\/novatronicec.com\/index.php\/wp-json\/wp\/v2\/product_tag?post=11549"}],"curies":[{"name":"wp","href":"https:\/\/api.w.org\/{rel}","templated":true}]}}