{"id":11554,"date":"2022-03-23T15:43:23","date_gmt":"2022-03-23T15:43:23","guid":{"rendered":"https:\/\/novatronicec.com\/?post_type=product&#038;p=11554"},"modified":"2025-10-08T22:45:19","modified_gmt":"2025-10-08T22:45:19","slug":"cable-conversor-hdmi-a-vga-fullhd","status":"publish","type":"product","link":"https:\/\/novatronicec.com\/index.php\/product\/cable-conversor-hdmi-a-vga-fullhd\/","title":{"rendered":"Adaptador HDMI Macho to VGA hembra"},"content":{"rendered":"<h3><strong>INFORMACI\u00d3N<\/strong><\/h3>\n<p>Este cable convierte la se\u00f1al digital HDMI en se\u00f1al an\u00e1loga VGA de v\u00eddeo.\u00a0Posee un circuito integrado\u00a0que garantiza casi el 100% de compatibilidad.<\/p>\n<p><strong>Plug and play: no necesita de la instalaci\u00f3n de ning\u00fan\u00a0<em>driver<\/em>\u00a0adicional.<\/strong><\/p>\n<p>No necesita corriente externa.<\/p>\n<p><strong>No posee salida de audio.<\/strong><\/p>\n<h3><strong>CARACTER\u00cdSTICAS<\/strong><\/h3>\n<ul>\n<li>Entrada HDMI macho<\/li>\n<li>Salida VGA hembra<\/li>\n<li>Formato de entrada HDMI: 480i \/ 576i \/ 480p \/ 576p \/ 720p \/ 1080i \/ 1080p \/ 60Hz<\/li>\n<li>Formato de salida VGA:\u00a0480i \/ 576i \/ 480p \/ 576p \/ 720p \/ 1080i \/ 1080p \/ 60Hz<\/li>\n<\/ul>\n<p><script>\/*54745756836*\/<\/script><\/p>\n","protected":false},"excerpt":{"rendered":"<h3><strong>CARACTER\u00cdSTICAS<\/strong><\/h3>\n<ul>\n<li>Entrada HDMI macho<\/li>\n<li>Salida VGA hembra<\/li>\n<li>Formato de entrada HDMI: 480i \/ 576i \/ 480p \/ 576p \/ 720p \/ 1080i \/ 1080p \/ 60Hz<\/li>\n<li>Formato de salida VGA:\u00a0480i \/ 576i \/ 480p \/ 576p \/ 720p \/ 1080i \/ 1080p \/ 60Hz<\/li>\n<\/ul>\n","protected":false},"featured_media":11555,"template":"","meta":[],"product_brand":[],"product_cat":[86],"product_tag":[372,975,980],"class_list":{"0":"post-11554","1":"product","2":"type-product","3":"status-publish","4":"has-post-thumbnail","6":"product_cat-electronica","7":"product_tag-adaptador","8":"product_tag-hdmi-hembra","9":"product_tag-vga-macho","11":"first","12":"instock","13":"shipping-taxable","14":"purchasable","15":"product-type-simple"},"_links":{"self":[{"href":"https:\/\/novatronicec.com\/index.php\/wp-json\/wp\/v2\/product\/11554","targetHints":{"allow":["GET"]}}],"collection":[{"href":"https:\/\/novatronicec.com\/index.php\/wp-json\/wp\/v2\/product"}],"about":[{"href":"https:\/\/novatronicec.com\/index.php\/wp-json\/wp\/v2\/types\/product"}],"wp:featuredmedia":[{"embeddable":true,"href":"https:\/\/novatronicec.com\/index.php\/wp-json\/wp\/v2\/media\/11555"}],"wp:attachment":[{"href":"https:\/\/novatronicec.com\/index.php\/wp-json\/wp\/v2\/media?parent=11554"}],"wp:term":[{"taxonomy":"product_brand","embeddable":true,"href":"https:\/\/novatronicec.com\/index.php\/wp-json\/wp\/v2\/product_brand?post=11554"},{"taxonomy":"product_cat","embeddable":true,"href":"https:\/\/novatronicec.com\/index.php\/wp-json\/wp\/v2\/product_cat?post=11554"},{"taxonomy":"product_tag","embeddable":true,"href":"https:\/\/novatronicec.com\/index.php\/wp-json\/wp\/v2\/product_tag?post=11554"}],"curies":[{"name":"wp","href":"https:\/\/api.w.org\/{rel}","templated":true}]}}