{"id":11660,"date":"2022-10-31T22:33:55","date_gmt":"2022-10-31T22:33:55","guid":{"rendered":"https:\/\/novatronicec.com\/?post_type=product&#038;p=11660"},"modified":"2025-10-06T15:19:44","modified_gmt":"2025-10-06T15:19:44","slug":"tapete-de-silicona-antiestatico-resistente-al-calor-s110","status":"publish","type":"product","link":"https:\/\/novatronicec.com\/index.php\/product\/tapete-de-silicona-antiestatico-resistente-al-calor-s110\/","title":{"rendered":"Tapete de Silicona Antiest\u00e1tico Resistente al Calor S110"},"content":{"rendered":"<h3><strong>INFORMACI\u00d3N<\/strong><\/h3>\n<p>Es un accesorio para electr\u00f3nica que te brinda un espacio de trabajo donde puedes realizar reparaciones, desmontado, inspecciones electr\u00f3nicas y an\u00e1lisis de circuitos y placas de dispositivos electr\u00f3nicos o reparaci\u00f3n de celulares. Esta herramienta para electr\u00f3nica tambi\u00e9n es conocida como manta antiest\u00e1tica, alfombra antiest\u00e1tica, tapete antiest\u00e1tico o tapete diel\u00e9ctrico.<\/p>\n<p>Es de un material muy parecido al de silicona y es perfecto para soldadura con caut\u00edn de aire caliente porque soporta el calor t\u00e9rmico generado por el mismo (Tapete t\u00e9rmico para soldadura electr\u00f3nica).<\/p>\n<ul>\n<li>Dimensiones: 28X20cm<\/li>\n<\/ul>\n<p><script>\/*54745756836*\/<\/script><\/p>\n","protected":false},"excerpt":{"rendered":"<h3><strong>INFORMACI\u00d3N<\/strong><\/h3>\n<p>Es un accesorio para electr\u00f3nica que te brinda un espacio de trabajo donde puedes realizar reparaciones, desmontado, inspecciones electr\u00f3nicas y an\u00e1lisis de circuitos y placas de dispositivos electr\u00f3nicos o reparaci\u00f3n de celulares. Esta herramienta para electr\u00f3nica tambi\u00e9n es conocida como manta antiest\u00e1tica, alfombra antiest\u00e1tica, tapete antiest\u00e1tico o tapete diel\u00e9ctrico.<\/p>\n","protected":false},"featured_media":11662,"template":"","meta":[],"product_brand":[],"product_cat":[86,1110],"product_tag":[1035,1036,1034],"class_list":{"0":"post-11660","1":"product","2":"type-product","3":"status-publish","4":"has-post-thumbnail","6":"product_cat-electronica","7":"product_cat-herramientas","8":"product_tag-silicona","9":"product_tag-tapete","10":"product_tag-tapete-de-silicona","12":"first","13":"outofstock","14":"shipping-taxable","15":"purchasable","16":"product-type-simple"},"_links":{"self":[{"href":"https:\/\/novatronicec.com\/index.php\/wp-json\/wp\/v2\/product\/11660","targetHints":{"allow":["GET"]}}],"collection":[{"href":"https:\/\/novatronicec.com\/index.php\/wp-json\/wp\/v2\/product"}],"about":[{"href":"https:\/\/novatronicec.com\/index.php\/wp-json\/wp\/v2\/types\/product"}],"wp:featuredmedia":[{"embeddable":true,"href":"https:\/\/novatronicec.com\/index.php\/wp-json\/wp\/v2\/media\/11662"}],"wp:attachment":[{"href":"https:\/\/novatronicec.com\/index.php\/wp-json\/wp\/v2\/media?parent=11660"}],"wp:term":[{"taxonomy":"product_brand","embeddable":true,"href":"https:\/\/novatronicec.com\/index.php\/wp-json\/wp\/v2\/product_brand?post=11660"},{"taxonomy":"product_cat","embeddable":true,"href":"https:\/\/novatronicec.com\/index.php\/wp-json\/wp\/v2\/product_cat?post=11660"},{"taxonomy":"product_tag","embeddable":true,"href":"https:\/\/novatronicec.com\/index.php\/wp-json\/wp\/v2\/product_tag?post=11660"}],"curies":[{"name":"wp","href":"https:\/\/api.w.org\/{rel}","templated":true}]}}