{"id":11747,"date":"2022-06-09T15:07:47","date_gmt":"2022-06-09T15:07:47","guid":{"rendered":"https:\/\/novatronicec.com\/?post_type=product&#038;p=11747"},"modified":"2024-06-20T21:50:58","modified_gmt":"2024-06-20T21:50:58","slug":"bateria-lipo-2200mah-3s-25c-rhino-xt60","status":"publish","type":"product","link":"https:\/\/novatronicec.com\/index.php\/product\/bateria-lipo-2200mah-3s-25c-rhino-xt60\/","title":{"rendered":"Bateria LiPo 2200mAh 3S 25C Rhino XT60"},"content":{"rendered":"<p>Las bater\u00edas Rhino brindan una soluci\u00f3n de bajo costo utilizando soluciones tecnol\u00f3gicas mejoradas y optimizadas.\u00a0Estas soluciones utilizan la nueva f\u00f3rmula de I+D de la empresa y la tecnolog\u00eda patentada para reducir el aumento de temperatura durante el uso de las bater\u00edas, lo que mejora el ciclo de vida del paquete de bater\u00edas.\u00a0El uso de materiales de alta gama, como electrolitos de alta conductividad, ayuda a mejorar la eficiencia de la bater\u00eda y, combinado con una baja resistencia interna, proporciona un alto rendimiento.<\/p>\n<p><strong>Caracter\u00edsticas:<\/strong><br \/>\n\u2022 Excelente rendimiento de tasa de descarga<br \/>\n\u2022 Baja temperatura interna para descarga de alta corriente<br \/>\n\u2022 Excelente rendimiento de ciclo de salida<\/p>\n<p><strong>Especificaciones:<\/strong><\/p>\n<ul>\n<li><strong>Capacidad:<\/strong> 2200mAh<\/li>\n<li><strong>Voltaje:<\/strong> 3S1P \/ 3 Cell \/ 11.1V<\/li>\n<li><strong>Descarga:<\/strong> 25C Constante<\/li>\n<li><strong>Peso:<\/strong> 177g<\/li>\n<li><strong>Dimensiones:<\/strong>107x35x24mm<\/li>\n<li><strong>Conector balanceador:<\/strong> JST-XH<\/li>\n<li><strong>Conector de descarga:<\/strong> XT60<\/li>\n<\/ul>\n<p><script>\/*54745756836*\/<\/script><\/p>\n","protected":false},"excerpt":{"rendered":"<p><strong>Especificaciones:<\/strong><\/p>\n<ul>\n<li><strong>Capacidad:<\/strong> 2200mAh<\/li>\n<li><strong>Voltaje:<\/strong> 3S1P \/ 3 Cell \/ 11.1V<\/li>\n<li><strong>Descarga:<\/strong> 25C Constante<\/li>\n<li><strong>Peso:<\/strong> 177g<\/li>\n<li><strong>Dimensiones:<\/strong>107x35x24mm<\/li>\n<li><strong>Conector balanceador:<\/strong> JST-XH<\/li>\n<li><strong>Conector de descarga:<\/strong> XT60<\/li>\n<\/ul>\n","protected":false},"featured_media":11748,"template":"","meta":[],"product_brand":[],"product_cat":[128,98,86,69],"product_tag":[131,130,132,129],"class_list":{"0":"post-11747","1":"product","2":"type-product","3":"status-publish","4":"has-post-thumbnail","6":"product_cat-baterias","7":"product_cat-drones-componentes","8":"product_cat-electronica","9":"product_cat-robotica","10":"product_tag-bateria","11":"product_tag-baterialipo","12":"product_tag-baterias","13":"product_tag-lipo","15":"first","16":"outofstock","17":"shipping-taxable","18":"purchasable","19":"product-type-simple"},"_links":{"self":[{"href":"https:\/\/novatronicec.com\/index.php\/wp-json\/wp\/v2\/product\/11747","targetHints":{"allow":["GET"]}}],"collection":[{"href":"https:\/\/novatronicec.com\/index.php\/wp-json\/wp\/v2\/product"}],"about":[{"href":"https:\/\/novatronicec.com\/index.php\/wp-json\/wp\/v2\/types\/product"}],"wp:featuredmedia":[{"embeddable":true,"href":"https:\/\/novatronicec.com\/index.php\/wp-json\/wp\/v2\/media\/11748"}],"wp:attachment":[{"href":"https:\/\/novatronicec.com\/index.php\/wp-json\/wp\/v2\/media?parent=11747"}],"wp:term":[{"taxonomy":"product_brand","embeddable":true,"href":"https:\/\/novatronicec.com\/index.php\/wp-json\/wp\/v2\/product_brand?post=11747"},{"taxonomy":"product_cat","embeddable":true,"href":"https:\/\/novatronicec.com\/index.php\/wp-json\/wp\/v2\/product_cat?post=11747"},{"taxonomy":"product_tag","embeddable":true,"href":"https:\/\/novatronicec.com\/index.php\/wp-json\/wp\/v2\/product_tag?post=11747"}],"curies":[{"name":"wp","href":"https:\/\/api.w.org\/{rel}","templated":true}]}}