{"id":11757,"date":"2022-06-09T15:28:29","date_gmt":"2022-06-09T15:28:29","guid":{"rendered":"https:\/\/novatronicec.com\/?post_type=product&#038;p=11757"},"modified":"2024-06-07T19:29:07","modified_gmt":"2024-06-07T19:29:07","slug":"bateria-lipo-turnigy-nano-tech-plus-650mah-1s-70c","status":"publish","type":"product","link":"https:\/\/novatronicec.com\/index.php\/product\/bateria-lipo-turnigy-nano-tech-plus-650mah-1s-70c\/","title":{"rendered":"Bateria LiPo Turnigy Nano-Tech Plus 650mAh 1S 70C"},"content":{"rendered":"<p>M\u00e1s que un nombre elegante.\u00a0Las bater\u00edas Lipoly de nanotecnolog\u00eda TURNIGY est\u00e1n dise\u00f1adas desde cero para un rendimiento serio.\u00a0Utilizando un sustrato avanzado de nanotecnolog\u00eda LiCo que permite que los electrones pasen m\u00e1s libremente del \u00e1nodo al c\u00e1todo con menos impedancia interna.\u00a0En breve;\u00a0menos ca\u00edda de voltaje y una tasa de descarga m\u00e1s alta que las bater\u00edas de pol\u00edmero de litio de densidad similar (no nanotecnolog\u00eda).<\/p>\n<p>Para aquellos que aman los gr\u00e1ficos, significa mayor voltaje bajo carga, curvas de descarga m\u00e1s rectas y un excelente rendimiento.\u00a0Para los pilotos, significa golpes de acelerador m\u00e1s fuertes y un rendimiento directo irreal.\u00a0\u00a1Excelentes noticias para los pilotos de 3D!<\/p>\n<p>Desafortunadamente con otras grandes marcas;\u00a0los n\u00fameros, las clasificaciones y los gr\u00e1ficos se pueden modificar.\u00a0\u00a1Tenga la seguridad de que la nanotecnolog\u00eda de TURNIGY es lo mejor y ofrece un rendimiento sin precedentes!<\/p>\n<p><strong>Especificaciones:<\/strong><\/p>\n<ul>\n<li><strong>Capacidad:<\/strong> 650mAh<\/li>\n<li><strong>Voltaje:<\/strong> 1 Cell \/ 3.7V<\/li>\n<li><strong>Descarga:<\/strong> 70C Constante &#8211; 140C Maximo<\/li>\n<li><strong>Peso:<\/strong> 20g<\/li>\n<li><strong>Dimensiones:<\/strong> 53x31x7mm<\/li>\n<li><strong>Conector de descarga:<\/strong> JST-PH 2.0<strong><br \/>\n<\/strong><\/li>\n<\/ul>\n<p><strong>Ventajas sobre las bater\u00edas Lipo tradicionales;<\/strong><br \/>\n\u2022 La densidad de potencia alcanza los 7,5 kw\/kg.<br \/>\n\u2022 Menos ca\u00edda de tensi\u00f3n durante la descarga de alta velocidad, lo que proporciona m\u00e1s potencia bajo carga.<br \/>\n\u2022 La impedancia interna puede llegar a ser tan baja como 1,2 mO en comparaci\u00f3n con los 3 mO de un Lipoly est\u00e1ndar.<br \/>\n\u2022 Mayor control t\u00e9rmico, el paquete no suele superar los 60\u00b0C<br \/>\n\u2022 El hinchamiento durante cargas pesadas no supera el 5%, en comparaci\u00f3n con el 15% de un Lipoly normal.<br \/>\n\u2022 Mayor capacidad durante descargas pesadas.\u00a0M\u00e1s del 90 % al 100 % de tasa C.<br \/>\n\u2022 Capacidad de carga r\u00e1pida, hasta 30C en algunas bater\u00edas.<br \/>\n\u2022 Ciclo de vida m\u00e1s prolongado, casi el doble que el de la tecnolog\u00eda est\u00e1ndar de liposucci\u00f3n.<script>\/*54745756836*\/<\/script><\/p>\n","protected":false},"excerpt":{"rendered":"<p><strong>Especificaciones:<\/strong><\/p>\n<ul>\n<li><strong>Capacidad:<\/strong> 650mAh<\/li>\n<li><strong>Voltaje:<\/strong> 1 Cell \/ 3.7V<\/li>\n<li><strong>Descarga:<\/strong> 70C Constante &#8211; 140C Maximo<\/li>\n<li><strong>Peso:<\/strong> 20g<\/li>\n<li><strong>Dimensiones:<\/strong> 53x31x7mm<\/li>\n<li><strong>Conector de descarga:<\/strong> JST-PH 2.0<\/li>\n<\/ul>\n","protected":false},"featured_media":11758,"template":"","meta":[],"product_brand":[],"product_cat":[128,98,86,69],"product_tag":[131,130,132,129],"class_list":{"0":"post-11757","1":"product","2":"type-product","3":"status-publish","4":"has-post-thumbnail","6":"product_cat-baterias","7":"product_cat-drones-componentes","8":"product_cat-electronica","9":"product_cat-robotica","10":"product_tag-bateria","11":"product_tag-baterialipo","12":"product_tag-baterias","13":"product_tag-lipo","15":"first","16":"outofstock","17":"shipping-taxable","18":"purchasable","19":"product-type-simple"},"_links":{"self":[{"href":"https:\/\/novatronicec.com\/index.php\/wp-json\/wp\/v2\/product\/11757","targetHints":{"allow":["GET"]}}],"collection":[{"href":"https:\/\/novatronicec.com\/index.php\/wp-json\/wp\/v2\/product"}],"about":[{"href":"https:\/\/novatronicec.com\/index.php\/wp-json\/wp\/v2\/types\/product"}],"wp:featuredmedia":[{"embeddable":true,"href":"https:\/\/novatronicec.com\/index.php\/wp-json\/wp\/v2\/media\/11758"}],"wp:attachment":[{"href":"https:\/\/novatronicec.com\/index.php\/wp-json\/wp\/v2\/media?parent=11757"}],"wp:term":[{"taxonomy":"product_brand","embeddable":true,"href":"https:\/\/novatronicec.com\/index.php\/wp-json\/wp\/v2\/product_brand?post=11757"},{"taxonomy":"product_cat","embeddable":true,"href":"https:\/\/novatronicec.com\/index.php\/wp-json\/wp\/v2\/product_cat?post=11757"},{"taxonomy":"product_tag","embeddable":true,"href":"https:\/\/novatronicec.com\/index.php\/wp-json\/wp\/v2\/product_tag?post=11757"}],"curies":[{"name":"wp","href":"https:\/\/api.w.org\/{rel}","templated":true}]}}