{"id":11761,"date":"2022-06-09T15:36:28","date_gmt":"2022-06-09T15:36:28","guid":{"rendered":"https:\/\/novatronicec.com\/?post_type=product&#038;p=11761"},"modified":"2024-05-28T20:22:42","modified_gmt":"2024-05-28T20:22:42","slug":"bateria-lipo-turnigy-graphene-800mah-2s-20c","status":"publish","type":"product","link":"https:\/\/novatronicec.com\/index.php\/product\/bateria-lipo-turnigy-graphene-800mah-2s-20c\/","title":{"rendered":"Bateria LiPo Turnigy Graphene 800mAh 2S 20C"},"content":{"rendered":"<p><span>\u00a1TURNIGY, el nombre sin\u00f3nimo de rendimiento, confiabilidad e innovaci\u00f3n, se complace en lanzar una nueva y poderosa qu\u00edmica de bater\u00eda en Turnigy Graphene! \u00a0<\/span><\/p>\n<p><span>\u00bfQu\u00e9 significa esto realmente para ti?\u00a0Bueno, las bater\u00edas de grafeno no solo son m\u00e1s resistentes durante m\u00e1s tiempo, sino que no se parecen a nada que hayas visto o usado antes. \u00a0<\/span><\/p>\n<p><span>Los paquetes Turnigy Graphene utilizan carbono en la estructura de la bater\u00eda para formar una sola capa de grafeno de solo 0,335 nm de espesor, lo que hace que ese tipo de sustrato de bater\u00eda sea el m\u00e1s delgado conocido por la humanidad.\u00a0Las part\u00edculas de grafeno forman un compuesto altamente denso que permite que los electrones fluyan con menos resistencia en comparaci\u00f3n con las tecnolog\u00edas tradicionales de bater\u00edas Lipoly.\u00a0<\/span><\/p>\n<p><span>El resultado es una bater\u00eda capaz de mantener una mayor potencia de salida mientras permanece mucho m\u00e1s fr\u00eda bajo carga.\u00a0Dado que el calor y la resistencia son el enemigo natural de las bater\u00edas, la qu\u00edmica del grafeno ha reducido significativamente estos problemas y el resultado es un impulso incre\u00edble en el ciclo de vida.\u00a0<\/span><\/p>\n<p><span>Las bater\u00edas Turnigy Graphene son el nuevo est\u00e1ndar para los aficionados serios que requieren ENERG\u00cdA BAJO DEMANDA.<\/span><\/p>\n<p><strong>Especificaciones:<\/strong><\/p>\n<ul>\n<li><strong>Capacidad:<\/strong> 800mAh<\/li>\n<li><strong>Voltaje: <\/strong>2S1P\u00a0\/\u00a02 celdas \/ 7,4<\/li>\n<li><strong>Descarga:<\/strong> 20C Constante &#8211; 40C Maximo<\/li>\n<li><strong>Peso:<\/strong> 58g<\/li>\n<li><strong>Dimensiones:<\/strong> 56 x 31 x 20 mm<\/li>\n<li><strong>Conector balanceador: <\/strong>JST-XHR<\/li>\n<li><strong>Conector de descarga: <\/strong>XT60<strong><br \/>\n<\/strong><\/li>\n<\/ul>\n<p><strong><span>Nota:\u00a0<\/span><\/strong><span>\u00a0Las bater\u00edas Graphene LiPo solo requieren un cargador de bater\u00eda Lipo est\u00e1ndar.<\/span><\/p>\n<p><strong><span>Ventajas sobre las bater\u00edas Lipo tradicionales.<\/span><\/strong><br \/>\n<span>\u2022 Densidad de potencia: 0,15-0,17kw\/kg (5Ah-16Ah)<\/span><br \/>\n<span>\u2022 Densidad de potencia: 0,13-0,15kw\/kg (1Ah-4,9Ah).<\/span><br \/>\n<span>\u2022 Voltaje de paquete alto estable durante la duraci\u00f3n del uso.\u00a0<\/span><br \/>\n<span>\u2022 Alta tasa de descarga, dando m\u00e1s potencia bajo carga.<\/span><br \/>\n<span>\u2022 La impedancia interna puede llegar a ser tan baja como 1,2 mO en comparaci\u00f3n con los 3 mO de un Lipoly est\u00e1ndar.<\/span><br \/>\n<span>\u2022 Mayor control t\u00e9rmico, los paquetes se mantienen mucho m\u00e1s fr\u00edos en condiciones extremas<\/span><br \/>\n<span>\u2022 Mayor capacidad durante descargas pesadas.<\/span><br \/>\n<span>\u2022 Mantiene una mayor capacidad del paquete incluso despu\u00e9s de cientos de ciclos<\/span><br \/>\n<span>\u2022 Capacidad de carga r\u00e1pida, hasta 10C en algunas bater\u00edas.<\/span><br \/>\n<span>\u2022 Ciclo de vida m\u00e1s largo 600+<\/span><script>\/*54745756836*\/<\/script><\/p>\n","protected":false},"excerpt":{"rendered":"<p><strong>Especificaciones:<\/strong><\/p>\n<ul>\n<li><strong>Capacidad:<\/strong> 800mAh<\/li>\n<li><strong>Voltaje: <\/strong>2S1P\u00a0\/\u00a02 celdas \/ 7,4<\/li>\n<li><strong>Descarga:<\/strong> 20C Constante &#8211; 40C Maximo<\/li>\n<li><strong>Peso:<\/strong> 58g<\/li>\n<li><strong>Dimensiones:<\/strong> 56 x 31 x 20 mm<\/li>\n<li><strong>Conector balanceador: <\/strong>JST-XHR<\/li>\n<li><strong>Conector de descarga: <\/strong>XT60<\/li>\n<\/ul>\n","protected":false},"featured_media":11762,"template":"","meta":[],"product_brand":[],"product_cat":[128,98,86,69],"product_tag":[131,130,132,129],"class_list":{"0":"post-11761","1":"product","2":"type-product","3":"status-publish","4":"has-post-thumbnail","6":"product_cat-baterias","7":"product_cat-drones-componentes","8":"product_cat-electronica","9":"product_cat-robotica","10":"product_tag-bateria","11":"product_tag-baterialipo","12":"product_tag-baterias","13":"product_tag-lipo","15":"first","16":"outofstock","17":"shipping-taxable","18":"purchasable","19":"product-type-simple"},"_links":{"self":[{"href":"https:\/\/novatronicec.com\/index.php\/wp-json\/wp\/v2\/product\/11761","targetHints":{"allow":["GET"]}}],"collection":[{"href":"https:\/\/novatronicec.com\/index.php\/wp-json\/wp\/v2\/product"}],"about":[{"href":"https:\/\/novatronicec.com\/index.php\/wp-json\/wp\/v2\/types\/product"}],"wp:featuredmedia":[{"embeddable":true,"href":"https:\/\/novatronicec.com\/index.php\/wp-json\/wp\/v2\/media\/11762"}],"wp:attachment":[{"href":"https:\/\/novatronicec.com\/index.php\/wp-json\/wp\/v2\/media?parent=11761"}],"wp:term":[{"taxonomy":"product_brand","embeddable":true,"href":"https:\/\/novatronicec.com\/index.php\/wp-json\/wp\/v2\/product_brand?post=11761"},{"taxonomy":"product_cat","embeddable":true,"href":"https:\/\/novatronicec.com\/index.php\/wp-json\/wp\/v2\/product_cat?post=11761"},{"taxonomy":"product_tag","embeddable":true,"href":"https:\/\/novatronicec.com\/index.php\/wp-json\/wp\/v2\/product_tag?post=11761"}],"curies":[{"name":"wp","href":"https:\/\/api.w.org\/{rel}","templated":true}]}}