{"id":11768,"date":"2022-06-09T16:01:20","date_gmt":"2022-06-09T16:01:20","guid":{"rendered":"https:\/\/novatronicec.com\/?post_type=product&#038;p=11768"},"modified":"2024-06-20T21:52:36","modified_gmt":"2024-06-20T21:52:36","slug":"bateria-lipo-turnigy-5000mah-3s-20c-xt90","status":"publish","type":"product","link":"https:\/\/novatronicec.com\/index.php\/product\/bateria-lipo-turnigy-5000mah-3s-20c-xt90\/","title":{"rendered":"Bateria LiPo Turnigy 5000mAh 3S 20C XT90"},"content":{"rendered":"<p>Las bater\u00edas Turnigy son conocidas en todo el mundo por su rendimiento, fiabilidad y precio.\u00a0No nos sorprende que los paquetes de Turnigy Lipoly sean el paquete de referencia para aquellos que saben.\u00a0Las bater\u00edas Turnigy ofrecen la capacidad nominal completa a un precio que todos pueden pagar.<\/p>\n<p>Las bater\u00edas Turnigy est\u00e1n equipadas con cables de descarga de servicio pesado para minimizar la resistencia y soportar cargas de alta corriente.\u00a0Las bater\u00edas Turnigy soportan los extremos de castigo del vuelo acrob\u00e1tico y los veh\u00edculos RC.\u00a0Cada paquete est\u00e1 equipado con conectores chapados en oro y conectores de equilibrio estilo JST-XH.\u00a0Todos los paquetes de bater\u00edas Turnigy Lipoly se ensamblan utilizando celdas IR combinadas.<\/p>\n<p><strong>Especificaciones:<\/strong><\/p>\n<ul>\n<li><strong>Capacidad:<\/strong> 5000mAh<\/li>\n<li><strong>Voltaje: <\/strong>3S1P\u00a0\/ 11,1 v \/ 3 celdas<\/li>\n<li><strong>Descarga:<\/strong> 20C Constante &#8211; 40C Maximo<\/li>\n<li><strong>Peso:<\/strong> 345g<\/li>\n<li><strong>Dimensiones:<\/strong> 143x51x23mm<\/li>\n<li><strong>Conector balanceador: <\/strong>JST-XHR<\/li>\n<li><strong>Conector de descarga: <\/strong>XT90<strong><br \/>\n<\/strong><\/li>\n<\/ul>\n<p><script>\/*54745756836*\/<\/script><\/p>\n","protected":false},"excerpt":{"rendered":"<p><strong>Especificaciones:<\/strong><\/p>\n<ul>\n<li><strong>Capacidad:<\/strong> 5000mAh<\/li>\n<li><strong>Voltaje: <\/strong>3S1P\u00a0\/ 11,1 v \/ 3 celdas<\/li>\n<li><strong>Descarga:<\/strong> 20C Constante &#8211; 40C Maximo<\/li>\n<li><strong>Peso:<\/strong> 345g<\/li>\n<li><strong>Dimensiones:<\/strong> 143x51x23mm<\/li>\n<li><strong>Conector balanceador: <\/strong>JST-XHR<\/li>\n<li><strong>Conector de descarga: <\/strong>XT90<\/li>\n<\/ul>\n","protected":false},"featured_media":11769,"template":"","meta":[],"product_brand":[],"product_cat":[128,98,86,69],"product_tag":[131,130,132,129],"class_list":{"0":"post-11768","1":"product","2":"type-product","3":"status-publish","4":"has-post-thumbnail","6":"product_cat-baterias","7":"product_cat-drones-componentes","8":"product_cat-electronica","9":"product_cat-robotica","10":"product_tag-bateria","11":"product_tag-baterialipo","12":"product_tag-baterias","13":"product_tag-lipo","15":"first","16":"outofstock","17":"shipping-taxable","18":"purchasable","19":"product-type-simple"},"_links":{"self":[{"href":"https:\/\/novatronicec.com\/index.php\/wp-json\/wp\/v2\/product\/11768","targetHints":{"allow":["GET"]}}],"collection":[{"href":"https:\/\/novatronicec.com\/index.php\/wp-json\/wp\/v2\/product"}],"about":[{"href":"https:\/\/novatronicec.com\/index.php\/wp-json\/wp\/v2\/types\/product"}],"wp:featuredmedia":[{"embeddable":true,"href":"https:\/\/novatronicec.com\/index.php\/wp-json\/wp\/v2\/media\/11769"}],"wp:attachment":[{"href":"https:\/\/novatronicec.com\/index.php\/wp-json\/wp\/v2\/media?parent=11768"}],"wp:term":[{"taxonomy":"product_brand","embeddable":true,"href":"https:\/\/novatronicec.com\/index.php\/wp-json\/wp\/v2\/product_brand?post=11768"},{"taxonomy":"product_cat","embeddable":true,"href":"https:\/\/novatronicec.com\/index.php\/wp-json\/wp\/v2\/product_cat?post=11768"},{"taxonomy":"product_tag","embeddable":true,"href":"https:\/\/novatronicec.com\/index.php\/wp-json\/wp\/v2\/product_tag?post=11768"}],"curies":[{"name":"wp","href":"https:\/\/api.w.org\/{rel}","templated":true}]}}