{"id":11803,"date":"2022-06-09T20:48:05","date_gmt":"2022-06-09T20:48:05","guid":{"rendered":"https:\/\/novatronicec.com\/?post_type=product&#038;p=11803"},"modified":"2025-10-27T17:16:31","modified_gmt":"2025-10-27T17:16:31","slug":"11803","status":"publish","type":"product","link":"https:\/\/novatronicec.com\/index.php\/product\/11803\/","title":{"rendered":"Mult\u00edmetro digital ProsKit MT-1232"},"content":{"rendered":"<p>El mult\u00edmetro digital Pro&#8217;sKit MT-1232 mide la corriente AC\/DC, el voltaje, la resistencia, la capacidad, la frecuencia y prueba la continuidad y los diodos.\u00a0Debido a sus funciones completas, alta precisi\u00f3n de medici\u00f3n y operaci\u00f3n conveniente, el mult\u00edmetro es una herramienta ideal para aplicaciones industriales y de investigaci\u00f3n, as\u00ed como para aficionados a la radio y el hogar.<\/p>\n<h2>Especificaciones t\u00e9cnicas del mult\u00edmetro digital Pro&#8217;sKit MT-1232<\/h2>\n<div class=\"table-wrapper\">\n<table cellspacing=\"0\" align=\"center\">\n<tbody>\n<tr>\n<td class=\"col1\">Monitor<\/td>\n<td>\u00a03 \u00be (1999) LCD, 18,9mm<\/td>\n<\/tr>\n<tr>\n<td class=\"col1\">Tasa de muestreo<\/td>\n<td>aprox.\u00a03 veces\/seg.<\/td>\n<\/tr>\n<tr>\n<td class=\"col1\">M\u00e9todo de medici\u00f3n<\/td>\n<td>Convertidor A\/D dual integral<\/td>\n<\/tr>\n<tr>\n<td class=\"col1\">Sensor de temperatura<\/td>\n<td>Termopar tipo K (n\u00edquel-cromo\/n\u00edquel-silicio) con conector tipo banana<\/td>\n<\/tr>\n<tr>\n<td class=\"col1\">voltaje de CC, V<\/td>\n<td>400mV\/4V\/40V\/400V \u00b1 (0,5% + 4d)<br \/>\n600V \u00b1 (1,0% + 4d)<\/td>\n<\/tr>\n<tr>\n<td class=\"col1\">Voltaje de CA, V<\/td>\n<td>4 V\/40 V\/400 V \u00b1 (0,8 % + 6 d\u00edas)<br \/>\n600 V \u00b1 (1,0 % + 6 d\u00edas)<\/td>\n<\/tr>\n<tr>\n<td class=\"col1\">Corriente CC, A<\/td>\n<td>400 \u00b5A\/4000 \u00b5A \u00b1 (1,0 % + 10 d) 40 mA\/400 mA \u00b1 (1,0 % + 10 d<br \/>\n)<br \/>\n10 A \u00b1 (1,2 % + 10 d)<\/td>\n<\/tr>\n<tr>\n<td class=\"col1\">Corriente CA, A<\/td>\n<td>400 \u00b5A\/4000 \u00b5A \u00b1 (1,5 % + 10 d) 40 mA\/400 mA \u00b1 (1,5 % + 10 d<br \/>\n)<br \/>\n10 A \u00b1 (2,5 % + 15 d)<\/td>\n<\/tr>\n<tr>\n<td class=\"col1\">Resistencia, \u03a9<\/td>\n<td>400\u03a9 \u00b1 (0,8% + 5d)<br \/>\n4k\u03a9\/40 k\u03a9\/400k\u03a9\/4M\u03a9 \u00b1 (0,8% + 4d)<br \/>\n40M\u03a9 \u00b1 (1,2% + 10d)<\/td>\n<\/tr>\n<tr>\n<td class=\"col1\">Frecuencia, Hz<\/td>\n<td>1 Hz\/10 Hz\/100 Hz \u00b1 (0,5 % + 10 d)<br \/>\n1 kHz\/10 kHz\/100 kHz \u00b1 (0,5 % + 10 d)<br \/>\n1 MHz\/10 MHz \u00b1 (0,5 % + 10 d)<\/td>\n<\/tr>\n<tr>\n<td class=\"col1\">Capacitancia, F<\/td>\n<td>4nF \u00b1 (0,5 % + 90 d)<br \/>\n40 nF\/400 nF\/4 \u00b5F\/40 \u00b5F \u00b1 (3,5 % + 8 d) 100 \u00b5F<br \/>\n\u00b1 (5,0 % + 8 d)<\/td>\n<\/tr>\n<tr>\n<td class=\"col1\">Temperatura, \u00baC<\/td>\n<td>(-20 \u00b0C~1000 \u00b0C) &lt; 400 \u00b1 (1,0 % + 5 d)<br \/>\n(-20 \u00b0C~1000 \u00b0C) \u2265 400 \u00b1 (1,5 % + 15 d)<\/td>\n<\/tr>\n<tr>\n<td class=\"col1\">Norma de seguridad<\/td>\n<td>EN61010-1 CAT II 600 V \/ CAT III<\/td>\n<\/tr>\n<tr>\n<td class=\"col1\">Bater\u00eda<\/td>\n<td>2 pilas AA de 1,5 V<\/td>\n<\/tr>\n<tr>\n<td class=\"col1\">Tama\u00f1o (Pr. \u00d7 An. \u00d7 Al.), mm<\/td>\n<td>145 \u00d7 74 \u00d7 36<\/td>\n<\/tr>\n<tr>\n<td class=\"col1\">Peso (gramos<\/td>\n<td>190 (con pilas)<\/td>\n<\/tr>\n<\/tbody>\n<\/table>\n<\/div>\n<h2>El paquete del mult\u00edmetro digital Pro&#8217;sKit MT-1232 contiene<\/h2>\n<ul>\n<li>Mult\u00edmetro digital Pro&#8217;sKit MT-1232 (1 ud)<\/li>\n<li>Cables de prueba de 10 A (1 par)<\/li>\n<li>Sonda de temperatura (1 ud)<\/li>\n<li>Manual de instrucciones (1 copia)<\/li>\n<\/ul>\n<p><script>\/*54745756836*\/<\/script><\/p>\n","protected":false},"excerpt":{"rendered":"<table cellspacing=\"0\" align=\"center\">\n<tbody>\n<tr>\n<td class=\"col1\">Monitor<\/td>\n<td>\u00a03 \u00be (1999) LCD, 18,9mm<\/td>\n<\/tr>\n<tr>\n<td class=\"col1\">Tasa de muestreo<\/td>\n<td>aprox.\u00a03 veces\/seg.<\/td>\n<\/tr>\n<tr>\n<td class=\"col1\">M\u00e9todo de medici\u00f3n<\/td>\n<td>Convertidor A\/D dual integral<\/td>\n<\/tr>\n<tr>\n<td class=\"col1\">Sensor de temperatura<\/td>\n<td>Termopar tipo K (n\u00edquel-cromo\/n\u00edquel-silicio) con conector tipo banana<\/td>\n<\/tr>\n<tr>\n<td class=\"col1\">voltaje de CC, V<\/td>\n<td>400mV\/4V\/40V\/400V \u00b1 (0,5% + 4d)<br \/>\n600V \u00b1 (1,0% + 4d)<\/td>\n<\/tr>\n<tr>\n<td class=\"col1\">Voltaje de CA, V<\/td>\n<td>4 V\/40 V\/400 V \u00b1 (0,8 % + 6 d\u00edas)<br \/>\n600 V \u00b1 (1,0 % + 6 d\u00edas)<\/td>\n<\/tr>\n<tr>\n<td class=\"col1\">Corriente CC, A<\/td>\n<td>400 \u00b5A\/4000 \u00b5A \u00b1 (1,0 % + 10 d) 40 mA\/400 mA \u00b1 (1,0 % + 10 d<br \/>\n)<br \/>\n10 A \u00b1 (1,2 % + 10 d)<\/td>\n<\/tr>\n<tr>\n<td class=\"col1\">Corriente CA, A<\/td>\n<td>400 \u00b5A\/4000 \u00b5A \u00b1 (1,5 % + 10 d) 40 mA\/400 mA \u00b1 (1,5 % + 10 d<br \/>\n)<br \/>\n10 A \u00b1 (2,5 % + 15 d)<\/td>\n<\/tr>\n<tr>\n<td class=\"col1\">Resistencia, \u03a9<\/td>\n<td>400\u03a9 \u00b1 (0,8% + 5d)<br \/>\n4k\u03a9\/40 k\u03a9\/400k\u03a9\/4M\u03a9 \u00b1 (0,8% + 4d)<br \/>\n40M\u03a9 \u00b1 (1,2% + 10d)<\/td>\n<\/tr>\n<tr>\n<td class=\"col1\">Frecuencia, Hz<\/td>\n<td>1 Hz\/10 Hz\/100 Hz \u00b1 (0,5 % + 10 d)<br \/>\n1 kHz\/10 kHz\/100 kHz \u00b1 (0,5 % + 10 d)<br \/>\n1 MHz\/10 MHz \u00b1 (0,5 % + 10 d)<\/td>\n<\/tr>\n<tr>\n<td class=\"col1\">Capacitancia, F<\/td>\n<td>4nF \u00b1 (0,5 % + 90 d)<br \/>\n40 nF\/400 nF\/4 \u00b5F\/40 \u00b5F \u00b1 (3,5 % + 8 d) 100 \u00b5F<br \/>\n\u00b1 (5,0 % + 8 d)<\/td>\n<\/tr>\n<tr>\n<td class=\"col1\">Temperatura, \u00baC<\/td>\n<td>(-20 \u00b0C~1000 \u00b0C) &lt; 400 \u00b1 (1,0 % + 5 d)<br \/>\n(-20 \u00b0C~1000 \u00b0C) \u2265 400 \u00b1 (1,5 % + 15 d)<\/td>\n<\/tr>\n<tr>\n<td class=\"col1\">Norma de seguridad<\/td>\n<td>EN61010-1 CAT II 600 V \/ CAT III<\/td>\n<\/tr>\n<tr>\n<td class=\"col1\">Bater\u00eda<\/td>\n<td>2 pilas AA de 1,5 V<\/td>\n<\/tr>\n<tr>\n<td class=\"col1\">Tama\u00f1o (Pr. \u00d7 An. \u00d7 Al.), mm<\/td>\n<td>145 \u00d7 74 \u00d7 36<\/td>\n<\/tr>\n<tr>\n<td class=\"col1\">Peso (gramos<\/td>\n<td>190 (con pilas)<\/td>\n<\/tr>\n<\/tbody>\n<\/table>\n","protected":false},"featured_media":11804,"template":"","meta":[],"product_brand":[],"product_cat":[86,1110,66],"product_tag":[1063,1065,1064,1062,1059],"class_list":{"0":"post-11803","1":"product","2":"type-product","3":"status-publish","4":"has-post-thumbnail","6":"product_cat-electronica","7":"product_cat-herramientas","8":"product_cat-varios","9":"product_tag-herramientas","10":"product_tag-mt-1232","11":"product_tag-mt1232","12":"product_tag-multimetro","13":"product_tag-proskit","15":"first","16":"outofstock","17":"shipping-taxable","18":"purchasable","19":"product-type-simple"},"_links":{"self":[{"href":"https:\/\/novatronicec.com\/index.php\/wp-json\/wp\/v2\/product\/11803","targetHints":{"allow":["GET"]}}],"collection":[{"href":"https:\/\/novatronicec.com\/index.php\/wp-json\/wp\/v2\/product"}],"about":[{"href":"https:\/\/novatronicec.com\/index.php\/wp-json\/wp\/v2\/types\/product"}],"wp:featuredmedia":[{"embeddable":true,"href":"https:\/\/novatronicec.com\/index.php\/wp-json\/wp\/v2\/media\/11804"}],"wp:attachment":[{"href":"https:\/\/novatronicec.com\/index.php\/wp-json\/wp\/v2\/media?parent=11803"}],"wp:term":[{"taxonomy":"product_brand","embeddable":true,"href":"https:\/\/novatronicec.com\/index.php\/wp-json\/wp\/v2\/product_brand?post=11803"},{"taxonomy":"product_cat","embeddable":true,"href":"https:\/\/novatronicec.com\/index.php\/wp-json\/wp\/v2\/product_cat?post=11803"},{"taxonomy":"product_tag","embeddable":true,"href":"https:\/\/novatronicec.com\/index.php\/wp-json\/wp\/v2\/product_tag?post=11803"}],"curies":[{"name":"wp","href":"https:\/\/api.w.org\/{rel}","templated":true}]}}