{"id":11853,"date":"2022-06-10T17:04:07","date_gmt":"2022-06-10T17:04:07","guid":{"rendered":"https:\/\/novatronicec.com\/?post_type=product&#038;p=11853"},"modified":"2024-05-28T20:22:44","modified_gmt":"2024-05-28T20:22:44","slug":"placa-para-eje-z-cable-doblado-artillery-x1","status":"publish","type":"product","link":"https:\/\/novatronicec.com\/index.php\/product\/placa-para-eje-z-cable-doblado-artillery-x1\/","title":{"rendered":"Placa para eje Z cable doblado Artillery X1"},"content":{"rendered":"<p>Repuesto original de la Marca Artillery de la placa adaptadora del Eje Z para Sidewinder X1. Esta placa se suele da\u00f1ar por un uso continuo.<br \/>\nSi la impresora 3D no es capaz de mover el eje Z es posible que el cable plano o la placa adaptadora PCB del Eje Z est\u00e9 da\u00f1ada. Placa electr\u00f3nica para Eje Z con ranura para faja 21mm de 30 pines, compatible: Artillery \u2013 SideWinder X1. Placa PCB original de Artillery.<\/p>\n<p class=\"text_text__3oq-D\">\n<p><script>\/*54745756836*\/<\/script><\/p>\n","protected":false},"excerpt":{"rendered":"<p>Repuesto original de la Marca Artillery de la placa adaptadora del Eje Z para Sidewinder X1. Esta placa se suele<\/p>\n","protected":false},"featured_media":11856,"template":"","meta":[],"product_brand":[],"product_cat":[241],"product_tag":[280,411,1075,515],"class_list":{"0":"post-11853","1":"product","2":"type-product","3":"status-publish","4":"has-post-thumbnail","6":"product_cat-repuestos","7":"product_tag-artillery","8":"product_tag-extrusor","9":"product_tag-extrusor-titan","10":"product_tag-repuesto","12":"first","13":"instock","14":"shipping-taxable","15":"purchasable","16":"product-type-simple"},"_links":{"self":[{"href":"https:\/\/novatronicec.com\/index.php\/wp-json\/wp\/v2\/product\/11853","targetHints":{"allow":["GET"]}}],"collection":[{"href":"https:\/\/novatronicec.com\/index.php\/wp-json\/wp\/v2\/product"}],"about":[{"href":"https:\/\/novatronicec.com\/index.php\/wp-json\/wp\/v2\/types\/product"}],"wp:featuredmedia":[{"embeddable":true,"href":"https:\/\/novatronicec.com\/index.php\/wp-json\/wp\/v2\/media\/11856"}],"wp:attachment":[{"href":"https:\/\/novatronicec.com\/index.php\/wp-json\/wp\/v2\/media?parent=11853"}],"wp:term":[{"taxonomy":"product_brand","embeddable":true,"href":"https:\/\/novatronicec.com\/index.php\/wp-json\/wp\/v2\/product_brand?post=11853"},{"taxonomy":"product_cat","embeddable":true,"href":"https:\/\/novatronicec.com\/index.php\/wp-json\/wp\/v2\/product_cat?post=11853"},{"taxonomy":"product_tag","embeddable":true,"href":"https:\/\/novatronicec.com\/index.php\/wp-json\/wp\/v2\/product_tag?post=11853"}],"curies":[{"name":"wp","href":"https:\/\/api.w.org\/{rel}","templated":true}]}}