{"id":11960,"date":"2022-07-26T15:24:22","date_gmt":"2022-07-26T15:24:22","guid":{"rendered":"https:\/\/novatronicec.com\/?post_type=product&#038;p=11960"},"modified":"2024-06-07T19:29:10","modified_gmt":"2024-06-07T19:29:10","slug":"bateria-lipo-turnigy-nano-tech-300mah-2s-35-70c","status":"publish","type":"product","link":"https:\/\/novatronicec.com\/index.php\/product\/bateria-lipo-turnigy-nano-tech-300mah-2s-35-70c\/","title":{"rendered":"Bateria LiPo Turnigy Nano-Tech 300mAh 2S 35-70C"},"content":{"rendered":"<p>M\u00e1s que un nombre elegante.\u00a0Las bater\u00edas Lipoly de nanotecnolog\u00eda TURNIGY est\u00e1n dise\u00f1adas desde cero para un rendimiento serio.\u00a0Utilizando un sustrato avanzado de nanotecnolog\u00eda LiCo que permite que los electrones pasen m\u00e1s libremente del \u00e1nodo al c\u00e1todo con menos impedancia interna.\u00a0En breve;\u00a0menos ca\u00edda de voltaje y una tasa de descarga m\u00e1s alta que las bater\u00edas de pol\u00edmero de litio de densidad similar (no nanotecnolog\u00eda).<\/p>\n<p>Para aquellos que aman los gr\u00e1ficos, significa mayor voltaje bajo carga, curvas de descarga m\u00e1s rectas y un excelente rendimiento.\u00a0Para los pilotos, significa golpes de acelerador m\u00e1s fuertes y un rendimiento directo irreal.\u00a0\u00a1Excelentes noticias para los pilotos de 3D!<\/p>\n<p>Desafortunadamente con otras grandes marcas;\u00a0los n\u00fameros, las clasificaciones y los gr\u00e1ficos se pueden modificar.\u00a0\u00a1Tenga la seguridad de que la nanotecnolog\u00eda de TURNIGY es lo mejor y ofrece un rendimiento sin precedentes!<\/p>\n<p><strong>Especificaciones:<\/strong><\/p>\n<ul>\n<li><strong>Capacidad:<\/strong> 300mAh<\/li>\n<li><strong>Voltaje:<\/strong> 2 Cell \/ 7.4V<\/li>\n<li><strong>Descarga:<\/strong> 35C Constante &#8211; 70C Maximo<\/li>\n<li><strong>Peso:<\/strong> 17g<\/li>\n<li><strong>Dimensiones: <\/strong>44 x 12 x 17mm<\/li>\n<li><strong>Conector de balanceo: <\/strong>JST-XH<\/li>\n<li><strong>Conector de descarga:<\/strong> JST<strong><br \/>\n<\/strong><\/li>\n<\/ul>\n<p><script>\/*54745756836*\/<\/script><\/p>\n","protected":false},"excerpt":{"rendered":"<p><strong>Especificaciones:<\/strong><\/p>\n<ul>\n<li><strong>Capacidad:<\/strong> 300mAh<\/li>\n<li><strong>Voltaje:<\/strong> 2 Cell \/ 7.4V<\/li>\n<li><strong>Descarga:<\/strong> 35C Constante &#8211; 70C Maximo<\/li>\n<li><strong>Peso:<\/strong> 17g<\/li>\n<li><strong>Dimensiones: <\/strong>44 x 12 x 17mm<\/li>\n<li><strong>Conector de balanceo: <\/strong>JST-XH<\/li>\n<li><strong>Conector de descarga:<\/strong> JST<\/li>\n<\/ul>\n","protected":false},"featured_media":11961,"template":"","meta":[],"product_brand":[],"product_cat":[128,98,86,69],"product_tag":[131,130,132,129],"class_list":{"0":"post-11960","1":"product","2":"type-product","3":"status-publish","4":"has-post-thumbnail","6":"product_cat-baterias","7":"product_cat-drones-componentes","8":"product_cat-electronica","9":"product_cat-robotica","10":"product_tag-bateria","11":"product_tag-baterialipo","12":"product_tag-baterias","13":"product_tag-lipo","15":"first","16":"outofstock","17":"shipping-taxable","18":"purchasable","19":"product-type-simple"},"_links":{"self":[{"href":"https:\/\/novatronicec.com\/index.php\/wp-json\/wp\/v2\/product\/11960","targetHints":{"allow":["GET"]}}],"collection":[{"href":"https:\/\/novatronicec.com\/index.php\/wp-json\/wp\/v2\/product"}],"about":[{"href":"https:\/\/novatronicec.com\/index.php\/wp-json\/wp\/v2\/types\/product"}],"wp:featuredmedia":[{"embeddable":true,"href":"https:\/\/novatronicec.com\/index.php\/wp-json\/wp\/v2\/media\/11961"}],"wp:attachment":[{"href":"https:\/\/novatronicec.com\/index.php\/wp-json\/wp\/v2\/media?parent=11960"}],"wp:term":[{"taxonomy":"product_brand","embeddable":true,"href":"https:\/\/novatronicec.com\/index.php\/wp-json\/wp\/v2\/product_brand?post=11960"},{"taxonomy":"product_cat","embeddable":true,"href":"https:\/\/novatronicec.com\/index.php\/wp-json\/wp\/v2\/product_cat?post=11960"},{"taxonomy":"product_tag","embeddable":true,"href":"https:\/\/novatronicec.com\/index.php\/wp-json\/wp\/v2\/product_tag?post=11960"}],"curies":[{"name":"wp","href":"https:\/\/api.w.org\/{rel}","templated":true}]}}