{"id":12052,"date":"2022-08-26T01:56:50","date_gmt":"2022-08-26T01:56:50","guid":{"rendered":"https:\/\/novatronicec.com\/?post_type=product&#038;p=12052"},"modified":"2024-05-28T20:22:45","modified_gmt":"2024-05-28T20:22:45","slug":"nema23-57hd4016-01-motor-paso-a-paso","status":"publish","type":"product","link":"https:\/\/novatronicec.com\/index.php\/product\/nema23-57hd4016-01-motor-paso-a-paso\/","title":{"rendered":"NEMA23 57HD4016-01 Motor paso a paso"},"content":{"rendered":"<p>El motor paso a paso NEMA23, designado 57HD4016-01, se suministra con un voltaje de 5,2 V<\/p>\n<p>Los motores paso a paso NEMA 23 son motores populares utilizados en la construcci\u00f3n de impresoras 3D, fresadoras, plotters y otros dispositivos controlados electr\u00f3nicamente.<\/p>\n<p>Alta velocidad de arranque<br \/>\nObtenga movimientos angulares precisos a un precio razonable<br \/>\nPuede usarse para activar transistores de disco en el orden correcto<br \/>\nLa facilidad de operaci\u00f3n hace que el motor sea c\u00f3modo de usar<br \/>\nMotores con una amplia gama de aplicaciones, usados \u200b\u200ben impresoras 3D, dispositivos de monitoreo, embalaje m\u00e1quinas, iluminaci\u00f3n esc\u00e9nica, etc.<\/p>\n<h3>Caracter\u00edsticas<\/h3>\n<ul>\n<li>Modelo 57HD4016-01<\/li>\n<li>Est\u00e1ndar: NEMA 23<\/li>\n<li>Paso: 1.8\u00ba<\/li>\n<li>N\u00famero de pasos por revoluci\u00f3n: 200<\/li>\n<li>Voltaje: 5.2V<\/li>\n<li>Corriente: 2A\/fase<\/li>\n<li>Resistencia: 2.6 Ohm\/fase (\u00b1 10%)<\/li>\n<li>Inductancia: 9.4 mH\/fase (\u00b1 20%)<\/li>\n<li>Par de retenci\u00f3n: 1.200 mN<\/li>\n<li>Inercia \/ Rotor interia: 280 g \/ cm\u00b2<\/li>\n<li>N\u00famero de hilos: 4<\/li>\n<li>Peso: 690 g<\/li>\n<li>Di\u00e1metro del eje: 8 mm<\/li>\n<li>Dimensiones: 55 x 57 x 57 mm (sin eje)<\/li>\n<\/ul>\n<p><script>\/*54745756836*\/<\/script><\/p>\n","protected":false},"excerpt":{"rendered":"<h3>Caracter\u00edsticas<\/h3>\n<ul>\n<li>Modelo 57HD4016-01<\/li>\n<li>Est\u00e1ndar: NEMA 23<\/li>\n<li>Paso: 1.8\u00ba<\/li>\n<li>N\u00famero de pasos por revoluci\u00f3n: 200<\/li>\n<li>Voltaje: 5.2V<\/li>\n<li>Corriente: 2A\/fase<\/li>\n<li>Resistencia: 2.6 Ohm\/fase (\u00b1 10%)<\/li>\n<li>Inductancia: 9.4 mH\/fase (\u00b1 20%)<\/li>\n<li>Par de retenci\u00f3n: 1.200 mN<\/li>\n<li>Inercia \/ Rotor interia: 280 g \/ cm\u00b2<\/li>\n<li>N\u00famero de hilos: 4<\/li>\n<li>Peso: 690 g<\/li>\n<li>Di\u00e1metro del eje: 8 mm<\/li>\n<li>Dimensiones: 55 x 57 x 57 mm (sin eje)<\/li>\n<\/ul>\n","protected":false},"featured_media":12053,"template":"","meta":[],"product_brand":[],"product_cat":[43,241],"product_tag":[149,232,143,145,161],"class_list":{"0":"post-12052","1":"product","2":"type-product","3":"status-publish","4":"has-post-thumbnail","6":"product_cat-motores-y-actuadores","7":"product_cat-repuestos","8":"product_tag-cnc","9":"product_tag-impresora-3d","10":"product_tag-motor-paso-a-paso","11":"product_tag-motor-stepper","12":"product_tag-stepper-motor","14":"first","15":"outofstock","16":"shipping-taxable","17":"purchasable","18":"product-type-simple"},"_links":{"self":[{"href":"https:\/\/novatronicec.com\/index.php\/wp-json\/wp\/v2\/product\/12052","targetHints":{"allow":["GET"]}}],"collection":[{"href":"https:\/\/novatronicec.com\/index.php\/wp-json\/wp\/v2\/product"}],"about":[{"href":"https:\/\/novatronicec.com\/index.php\/wp-json\/wp\/v2\/types\/product"}],"wp:featuredmedia":[{"embeddable":true,"href":"https:\/\/novatronicec.com\/index.php\/wp-json\/wp\/v2\/media\/12053"}],"wp:attachment":[{"href":"https:\/\/novatronicec.com\/index.php\/wp-json\/wp\/v2\/media?parent=12052"}],"wp:term":[{"taxonomy":"product_brand","embeddable":true,"href":"https:\/\/novatronicec.com\/index.php\/wp-json\/wp\/v2\/product_brand?post=12052"},{"taxonomy":"product_cat","embeddable":true,"href":"https:\/\/novatronicec.com\/index.php\/wp-json\/wp\/v2\/product_cat?post=12052"},{"taxonomy":"product_tag","embeddable":true,"href":"https:\/\/novatronicec.com\/index.php\/wp-json\/wp\/v2\/product_tag?post=12052"}],"curies":[{"name":"wp","href":"https:\/\/api.w.org\/{rel}","templated":true}]}}