{"id":12068,"date":"2022-08-26T02:50:12","date_gmt":"2022-08-26T02:50:12","guid":{"rendered":"https:\/\/novatronicec.com\/?post_type=product&#038;p=12068"},"modified":"2025-06-23T20:13:19","modified_gmt":"2025-06-23T20:13:19","slug":"tacometro-laser-digital-dt-2234c","status":"publish","type":"product","link":"https:\/\/novatronicec.com\/index.php\/product\/tacometro-laser-digital-dt-2234c\/","title":{"rendered":"Tacometro L\u00e1ser digital DT-2234C"},"content":{"rendered":"<p>Este tac\u00f3metro es un instrumento de alta calidad que mide la velocidad de rotaci\u00f3n RPM, con un amplio rango de medici\u00f3n y alta resoluci\u00f3n. Tiempo de medici\u00f3n r\u00e1pido y con una larga distancia de detecci\u00f3n de hasta 500 mm con l\u00e1ser.<\/p>\n<p>Para una mejor lectura aplicar marcas reflectantes y luego apuntar a la marca con el rayo l\u00e1ser.<\/p>\n<p>Este tac\u00f3metro tiene una amplia gama de aplicaciones, incluyendo m\u00e1quinas de medici\u00f3n, motores, modelos de autom\u00f3viles, ruedas, listones de corte de metal o madera, etc.<\/p>\n<h3 class=\"paragraph___H9aJo\" data-testid=\"DescriptionOnProductPage\">Especificaci\u00f3n:<\/h3>\n<ul>\n<li class=\"paragraph___H9aJo\" data-testid=\"DescriptionOnProductPage\">Nombre de producto: DT-2234C Tac\u00f3metro digital sin contacto de alta precisi\u00f3n<\/li>\n<li class=\"paragraph___H9aJo\" data-testid=\"DescriptionOnProductPage\">Color del producto: negro naranja<\/li>\n<li class=\"paragraph___H9aJo\" data-testid=\"DescriptionOnProductPage\">Material del producto: ABS T<\/li>\n<li class=\"paragraph___H9aJo\" data-testid=\"DescriptionOnProductPage\">ama\u00f1o del producto: aproximadamente 131L x 70W x 29D mm<\/li>\n<li class=\"paragraph___H9aJo\" data-testid=\"DescriptionOnProductPage\">Exhibici\u00f3n del producto: Pantalla LCD 5 d\u00edgitos especificaci\u00f3n display<\/li>\n<li class=\"paragraph___H9aJo\" data-testid=\"DescriptionOnProductPage\">Rango de prueba: 2.5 ~ 99,999RPM rateminute<\/li>\n<li class=\"paragraph___H9aJo\" data-testid=\"DescriptionOnProductPage\">Resoluci\u00f3n: 0.1 RPM 2.5 ~ 999.9 RPM<\/li>\n<li class=\"paragraph___H9aJo\" data-testid=\"DescriptionOnProductPage\">Precisi\u00f3n de la medici\u00f3n: 0.05%+1 d\u00edgito.<\/li>\n<li class=\"paragraph___H9aJo\" data-testid=\"DescriptionOnProductPage\">Tiempo de muestreo: 0,8 segundos por encima de 60 rpm<\/li>\n<li class=\"paragraph___H9aJo\" data-testid=\"DescriptionOnProductPage\">Selecci\u00f3n del rango de prueba: Autom\u00e1tico.<\/li>\n<li class=\"paragraph___H9aJo\" data-testid=\"DescriptionOnProductPage\">Datos de memoria: valor m\u00e1ximo, m\u00ednimo y \u00faltimo medido.<\/li>\n<li class=\"paragraph___H9aJo\" data-testid=\"DescriptionOnProductPage\">Distancia de detecci\u00f3n: L\u00e1ser de 50 ~ 500 mm 2 ~ 20 pulgadas.<\/li>\n<li class=\"paragraph___H9aJo\" data-testid=\"DescriptionOnProductPage\">Base de tiempo: cristal de cuarzo<\/li>\n<li class=\"paragraph___H9aJo\" data-testid=\"DescriptionOnProductPage\">Circuito: Circuito LSI de microordenador \u00fanico.<\/li>\n<li class=\"paragraph___H9aJo\" data-testid=\"DescriptionOnProductPage\">Fuente de alimentaci\u00f3n del producto: una sola bater\u00eda 6F22 de 9V(no incluido)<\/li>\n<li class=\"paragraph___H9aJo\" data-testid=\"DescriptionOnProductPage\">Temperatura de trabajo: 0 ~ 50\u00b0C 32 ~ 122\u00b0C.<\/li>\n<\/ul>\n<h3>Incluye:<\/h3>\n<ul>\n<li>Tac\u00f3metro l\u00e1ser sin contacto<\/li>\n<li>Manual en ingl\u00e9s<\/li>\n<li>Malet\u00edn de transporte<\/li>\n<\/ul>\n<p><script>\/*54745756836*\/<\/script><\/p>\n","protected":false},"excerpt":{"rendered":"<h3 class=\"paragraph___H9aJo\" data-testid=\"DescriptionOnProductPage\">Especificaci\u00f3n:<\/h3>\n<ul>\n<li class=\"paragraph___H9aJo\" data-testid=\"DescriptionOnProductPage\">Nombre de producto: DT-2234C Tac\u00f3metro digital sin contacto de alta precisi\u00f3n<\/li>\n<li class=\"paragraph___H9aJo\" data-testid=\"DescriptionOnProductPage\">Color del producto: negro naranja<\/li>\n<li class=\"paragraph___H9aJo\" data-testid=\"DescriptionOnProductPage\">Material del producto: ABS T<\/li>\n<li class=\"paragraph___H9aJo\" data-testid=\"DescriptionOnProductPage\">ama\u00f1o del producto: aproximadamente 131L x 70W x 29D mm<\/li>\n<li class=\"paragraph___H9aJo\" data-testid=\"DescriptionOnProductPage\">Exhibici\u00f3n del producto: Pantalla LCD 5 d\u00edgitos especificaci\u00f3n display<\/li>\n<li class=\"paragraph___H9aJo\" data-testid=\"DescriptionOnProductPage\">Rango de prueba: 2.5 ~ 99,999RPM rateminute<\/li>\n<li class=\"paragraph___H9aJo\" data-testid=\"DescriptionOnProductPage\">Resoluci\u00f3n: 0.1 RPM 2.5 ~ 999.9 RPM<\/li>\n<\/ul>\n","protected":false},"featured_media":12069,"template":"","meta":[],"product_brand":[],"product_cat":[1110,66],"product_tag":[214,741,1091,469,1092],"class_list":{"0":"post-12068","1":"product","2":"type-product","3":"status-publish","4":"has-post-thumbnail","6":"product_cat-herramientas","7":"product_cat-varios","8":"product_tag-infrarrojo","9":"product_tag-laser","10":"product_tag-tacometro","11":"product_tag-velocidad","12":"product_tag-velocimetro","14":"first","15":"outofstock","16":"shipping-taxable","17":"purchasable","18":"product-type-simple"},"_links":{"self":[{"href":"https:\/\/novatronicec.com\/index.php\/wp-json\/wp\/v2\/product\/12068","targetHints":{"allow":["GET"]}}],"collection":[{"href":"https:\/\/novatronicec.com\/index.php\/wp-json\/wp\/v2\/product"}],"about":[{"href":"https:\/\/novatronicec.com\/index.php\/wp-json\/wp\/v2\/types\/product"}],"wp:featuredmedia":[{"embeddable":true,"href":"https:\/\/novatronicec.com\/index.php\/wp-json\/wp\/v2\/media\/12069"}],"wp:attachment":[{"href":"https:\/\/novatronicec.com\/index.php\/wp-json\/wp\/v2\/media?parent=12068"}],"wp:term":[{"taxonomy":"product_brand","embeddable":true,"href":"https:\/\/novatronicec.com\/index.php\/wp-json\/wp\/v2\/product_brand?post=12068"},{"taxonomy":"product_cat","embeddable":true,"href":"https:\/\/novatronicec.com\/index.php\/wp-json\/wp\/v2\/product_cat?post=12068"},{"taxonomy":"product_tag","embeddable":true,"href":"https:\/\/novatronicec.com\/index.php\/wp-json\/wp\/v2\/product_tag?post=12068"}],"curies":[{"name":"wp","href":"https:\/\/api.w.org\/{rel}","templated":true}]}}