{"id":12074,"date":"2022-08-26T03:02:57","date_gmt":"2022-08-26T03:02:57","guid":{"rendered":"https:\/\/novatronicec.com\/?post_type=product&#038;p=12074"},"modified":"2025-06-10T21:13:57","modified_gmt":"2025-06-10T21:13:57","slug":"juego-de-34-tipos-de-engranes-plasticos-de-pinon-y-cremalleras","status":"publish","type":"product","link":"https:\/\/novatronicec.com\/index.php\/product\/juego-de-34-tipos-de-engranes-plasticos-de-pinon-y-cremalleras\/","title":{"rendered":"Juego de 34 tipos de engranes pl\u00e1sticos de pi\u00f1on y cremalleras"},"content":{"rendered":"<p>Juego de 34 tipos de engranajes de motor, correa de polea, tornillo sin fin, engranajes de pl\u00e1stico dobles individuales, en un solo paquete, 41 piezas en total. Perfecta para laboratorios, educaci\u00f3n cient\u00edfica, modelos de bricolaje, reparaci\u00f3n de aviones\/helic\u00f3pteros RC, etc. El producto incluye engranajes, bastidores, poleas, correas y otras piezas de transmisi\u00f3n, y todas las im\u00e1genes de la pantalla se tomaron de la misma manera.<\/p>\n<h3><strong>CARACTER\u00cdSTICAS<\/strong><\/h3>\n<ul>\n<li><strong>Material<\/strong>\u00a0: Pl\u00e1stico<\/li>\n<li><strong>Piezas y accesorios RC<\/strong>\u00a0: accesorios para servos<\/li>\n<li><strong>Para tipo de veh\u00edculo<\/strong>\u00a0: Coches<\/li>\n<li><strong>Uso<\/strong>\u00a0: veh\u00edculos\u00a0<em>y<\/em>\u00a0juguetes\u00a0<em>de control<\/em>\u00a0remoto .<\/li>\n<li><strong>Color<\/strong>\u00a0: como muestran las im\u00e1genes<\/li>\n<li><strong>Material<\/strong>\u00a0: Pl\u00e1stico<\/li>\n<li>Engranaje simple y doble,<\/li>\n<li>8-56 dientes<\/li>\n<li>Engranaje, cremallera, polea, correa, engranaje helicoidal<\/li>\n<\/ul>\n<p><script>\/*54745756836*\/<\/script><\/p>\n","protected":false},"excerpt":{"rendered":"<h3>Caracter\u00edsticas<\/h3>\n<ul>\n<li><strong>Material<\/strong>\u00a0: Pl\u00e1stico<\/li>\n<li><strong>Piezas y accesorios RC<\/strong>\u00a0: accesorios para servos<\/li>\n<li><strong>Para tipo de veh\u00edculo<\/strong>\u00a0: Coches<\/li>\n<li><strong>Uso<\/strong>\u00a0: veh\u00edculos\u00a0<em>y<\/em>\u00a0juguetes\u00a0<em>de control<\/em>\u00a0remoto .<\/li>\n<li><strong>Color<\/strong>\u00a0: como muestran las im\u00e1genes<\/li>\n<li><strong>Material<\/strong>\u00a0: Pl\u00e1stico<\/li>\n<\/ul>\n<p>&nbsp;<\/p>\n","protected":false},"featured_media":12075,"template":"","meta":[],"product_brand":[],"product_cat":[43,69,66],"product_tag":[732,733],"class_list":{"0":"post-12074","1":"product","2":"type-product","3":"status-publish","4":"has-post-thumbnail","6":"product_cat-motores-y-actuadores","7":"product_cat-robotica","8":"product_cat-varios","9":"product_tag-engranes","10":"product_tag-juego-de-engranajes","12":"first","13":"outofstock","14":"shipping-taxable","15":"purchasable","16":"product-type-simple"},"_links":{"self":[{"href":"https:\/\/novatronicec.com\/index.php\/wp-json\/wp\/v2\/product\/12074","targetHints":{"allow":["GET"]}}],"collection":[{"href":"https:\/\/novatronicec.com\/index.php\/wp-json\/wp\/v2\/product"}],"about":[{"href":"https:\/\/novatronicec.com\/index.php\/wp-json\/wp\/v2\/types\/product"}],"wp:featuredmedia":[{"embeddable":true,"href":"https:\/\/novatronicec.com\/index.php\/wp-json\/wp\/v2\/media\/12075"}],"wp:attachment":[{"href":"https:\/\/novatronicec.com\/index.php\/wp-json\/wp\/v2\/media?parent=12074"}],"wp:term":[{"taxonomy":"product_brand","embeddable":true,"href":"https:\/\/novatronicec.com\/index.php\/wp-json\/wp\/v2\/product_brand?post=12074"},{"taxonomy":"product_cat","embeddable":true,"href":"https:\/\/novatronicec.com\/index.php\/wp-json\/wp\/v2\/product_cat?post=12074"},{"taxonomy":"product_tag","embeddable":true,"href":"https:\/\/novatronicec.com\/index.php\/wp-json\/wp\/v2\/product_tag?post=12074"}],"curies":[{"name":"wp","href":"https:\/\/api.w.org\/{rel}","templated":true}]}}