{"id":12081,"date":"2022-08-29T17:11:02","date_gmt":"2022-08-29T17:11:02","guid":{"rendered":"https:\/\/novatronicec.com\/?post_type=product&#038;p=12081"},"modified":"2023-01-03T22:14:24","modified_gmt":"2023-01-03T22:14:24","slug":"kit-diy-balanza-5kg-celda-de-carga-5kg-hx711ad-cable-dupont-shell","status":"publish","type":"product","link":"https:\/\/novatronicec.com\/index.php\/product\/kit-diy-balanza-5kg-celda-de-carga-5kg-hx711ad-cable-dupont-shell\/","title":{"rendered":"Kit DIY Balanza 5KG"},"content":{"rendered":"<p>Esta celda de carga de barra recta de 5 kg (a veces denominada galga extensiom\u00e9trica) con un kit de montaje completo puede traducir hasta 5 kg de presi\u00f3n (fuerza) en una se\u00f1al el\u00e9ctrica.\u00a0Cada celda de carga puede medir la resistencia el\u00e9ctrica que cambia en respuesta a la deformaci\u00f3n (p. ej., presi\u00f3n o fuerza) aplicada a la barra y es proporcional a esta. Esta celda de carga de barra recta est\u00e1 hecha de una aleaci\u00f3n de aluminio y es capaz de leer una capacidad de 0~5KG de peso<\/p>\n<p>Tiene cuatro cables conductores que se pueden conectar al sensor de presi\u00f3n HX711 A\/D\u00a0.\u00a0Es f\u00e1cil de usar con voltaje de conducci\u00f3n de 5-10 V y produce el voltaje de salida seg\u00fan los cambios de fuerza sobre \u00e9l.<\/p>\n<h3><strong>Caracteristicas:<\/strong><\/h3>\n<ul>\n<li>Rango de voltaje de funcionamiento: 2,6 ~ 5,5 V<\/li>\n<li>Rango de temperatura de funcionamiento: -20 ~ + 85 \u2103<\/li>\n<li>Consumo de energ\u00eda (incluido el circuito de suministro de energ\u00eda): Corriente de funcionamiento t\u00edpica: &lt;1,7 mA, corriente de apagado: &lt;1 \u03bcA Tasa de datos de<\/li>\n<li>salida: 10 Hz o 80 Hz Huella de\u00a0chip<\/li>\n<li>Tama\u00f1o de 16 pines: 12,7 x 12,7 x 75 mm<\/li>\n<\/ul>\n<h3><strong>Diagrama de conexi\u00f3n con Arduino a trav\u00e9s de HX711:<\/strong><\/h3>\n<p><img decoding=\"async\" class=\"aligncenter\" src=\"https:\/\/robu.in\/wp-content\/uploads\/2017\/04\/robu-1-28.jpg\" width=\"739\" height=\"283\" \/><\/p>\n<ol class=\"a-unordered-list a-vertical a-spacing-mini\">\n<li><span class=\"a-list-item\">PGA activo de bajo ruido en chip con ganancia seleccionable de 3264 y 128<\/span><\/li>\n<li><span class=\"a-list-item\">Control digital simple e interfaz en serie: se necesita programaci\u00f3n de controles controlados por clavijas<\/span><\/li>\n<li><span class=\"a-list-item\">Debe conectar la celda de carga con el m\u00f3dulo HX711 de esta manera, rojo a E+, negro a E-, verde a A+, blanco a A-<\/span><\/li>\n<li><span class=\"a-list-item\">Este m\u00f3dulo HX711 utiliza 24 chips convertidores A\/D de alta precisi\u00f3n hx711.<\/span><\/li>\n<\/ol>\n<h3><strong>Incluye:<\/strong><\/h3>\n<ul>\n<li>1 celda de carga de 5 kg<\/li>\n<li>1 M\u00f3dulo HX711AD<\/li>\n<li>Carcasa<\/li>\n<li>Kit de cables DuPont 4P<\/li>\n<\/ul>\n<p><script>\/*54745756836*\/<\/script><\/p>\n","protected":false},"excerpt":{"rendered":"<h3><strong>Caracteristicas:<\/strong><\/h3>\n<ul>\n<li>Rango de voltaje de funcionamiento: 2,6 ~ 5,5 V<\/li>\n<li>Rango de temperatura de funcionamiento: -20 ~ + 85 \u2103<\/li>\n<li>Consumo de energ\u00eda (incluido el circuito de suministro de energ\u00eda): Corriente de funcionamiento t\u00edpica: &lt;1,7 mA, corriente de apagado: &lt;1 \u03bcA Tasa de datos de<\/li>\n<li>Salida: 10 Hz o 80 Hz Huella de chip<\/li>\n<\/ul>\n","protected":false},"featured_media":12083,"template":"","meta":[],"product_brand":[],"product_cat":[45],"product_tag":[88,1095,700,1094,1093,207],"class_list":{"0":"post-12081","1":"product","2":"type-product","3":"status-publish","4":"has-post-thumbnail","6":"product_cat-sensores","7":"product_tag-arduino","8":"product_tag-balanza","9":"product_tag-hx711","10":"product_tag-peso","11":"product_tag-presion","12":"product_tag-sensor","14":"first","15":"outofstock","16":"shipping-taxable","17":"purchasable","18":"product-type-simple"},"_links":{"self":[{"href":"https:\/\/novatronicec.com\/index.php\/wp-json\/wp\/v2\/product\/12081","targetHints":{"allow":["GET"]}}],"collection":[{"href":"https:\/\/novatronicec.com\/index.php\/wp-json\/wp\/v2\/product"}],"about":[{"href":"https:\/\/novatronicec.com\/index.php\/wp-json\/wp\/v2\/types\/product"}],"wp:featuredmedia":[{"embeddable":true,"href":"https:\/\/novatronicec.com\/index.php\/wp-json\/wp\/v2\/media\/12083"}],"wp:attachment":[{"href":"https:\/\/novatronicec.com\/index.php\/wp-json\/wp\/v2\/media?parent=12081"}],"wp:term":[{"taxonomy":"product_brand","embeddable":true,"href":"https:\/\/novatronicec.com\/index.php\/wp-json\/wp\/v2\/product_brand?post=12081"},{"taxonomy":"product_cat","embeddable":true,"href":"https:\/\/novatronicec.com\/index.php\/wp-json\/wp\/v2\/product_cat?post=12081"},{"taxonomy":"product_tag","embeddable":true,"href":"https:\/\/novatronicec.com\/index.php\/wp-json\/wp\/v2\/product_tag?post=12081"}],"curies":[{"name":"wp","href":"https:\/\/api.w.org\/{rel}","templated":true}]}}