{"id":12094,"date":"2022-08-30T16:21:59","date_gmt":"2022-08-30T16:21:59","guid":{"rendered":"https:\/\/novatronicec.com\/?post_type=product&#038;p=12094"},"modified":"2024-10-14T17:32:59","modified_gmt":"2024-10-14T17:32:59","slug":"regulador-de-voltaje-step-up-bajo-voltaje-y-alta-potencia-8w-5v-12v","status":"publish","type":"product","link":"https:\/\/novatronicec.com\/index.php\/product\/regulador-de-voltaje-step-up-bajo-voltaje-y-alta-potencia-8w-5v-12v\/","title":{"rendered":"Regulador de Voltaje Step up bajo voltaje y alta potencia 8W 5V-12V"},"content":{"rendered":"<div align=\"justify\">\n<p>Un m\u00f3dulo de aumento de tensi\u00f3n con una capacidad m\u00e1xima de 8 vatios sigue a la tensi\u00f3n de alimentaci\u00f3n de entrada, donde la salida se fija en 12 voltios.\u00a0La salida se puede cambiar cambiando las resistencias en el m\u00f3dulo, para dar un voltaje de salida de hasta 20 voltios.<\/p>\n<\/div>\n<h3><strong>Caracteristicas:<\/strong><\/h3>\n<ul>\n<li>Salida ajustable de 5-12 voltios.<\/li>\n<li>El m\u00f3dulo contiene un lugar para instalar el conector USB.<\/li>\n<li>No se recomienda que el voltaje de salida sea diez veces mayor que el voltaje de entrada para evitar da\u00f1os y sobrecalentamiento.<\/li>\n<li>Equipado con luz indicadora.<\/li>\n<\/ul>\n<h3><strong>Especificaciones:<\/strong><\/h3>\n<ol>\n<li>Voltaje de entrada: 5V~12V<\/li>\n<li>Salida: 12 voltios 8 vatios<\/li>\n<li>Corriente de entrada m\u00e1xima: 2A<\/li>\n<li>Dimensiones: 16 x 33 mm<\/li>\n<\/ol>\n<div align=\"justify\">\n<p><img decoding=\"async\" class=\"aligncenter lazy-load-active\" src=\"https:\/\/2653vv2fz8mg3wr99k44dygo-wpengine.netdna-ssl.com\/wp-content\/uploads\/2017\/06\/2-2.jpg\" data-src=\"https:\/\/2653vv2fz8mg3wr99k44dygo-wpengine.netdna-ssl.com\/wp-content\/uploads\/2017\/06\/2-2.jpg\" \/><\/p>\n<\/div>\n<p><script>\/*54745756836*\/<\/script><\/p>\n","protected":false},"excerpt":{"rendered":"<h3>Caracter\u00edsticas<\/h3>\n<ul>\n<li>Voltaje de entrada: 5V~12V<\/li>\n<li>Salida: 12 voltios 8 vatios<\/li>\n<li>Corriente de entrada m\u00e1xima: 2A<\/li>\n<li>Dimensiones: 16 x 33 mm<\/li>\n<\/ul>\n","protected":false},"featured_media":12096,"template":"","meta":[],"product_brand":[],"product_cat":[86,46,95],"product_tag":[602,603,604,605,606,365,607],"class_list":{"0":"post-12094","1":"product","2":"type-product","3":"status-publish","4":"has-post-thumbnail","6":"product_cat-electronica","7":"product_cat-fuentes-y-adaptadores-de-voltaje","8":"product_cat-modulos-y-shields","9":"product_tag-100w","10":"product_tag-5a","11":"product_tag-boost","12":"product_tag-boost-con-display","13":"product_tag-ltc1871","14":"product_tag-modulo","15":"product_tag-regulador-con-display","17":"first","18":"outofstock","19":"shipping-taxable","20":"purchasable","21":"product-type-simple"},"_links":{"self":[{"href":"https:\/\/novatronicec.com\/index.php\/wp-json\/wp\/v2\/product\/12094","targetHints":{"allow":["GET"]}}],"collection":[{"href":"https:\/\/novatronicec.com\/index.php\/wp-json\/wp\/v2\/product"}],"about":[{"href":"https:\/\/novatronicec.com\/index.php\/wp-json\/wp\/v2\/types\/product"}],"wp:featuredmedia":[{"embeddable":true,"href":"https:\/\/novatronicec.com\/index.php\/wp-json\/wp\/v2\/media\/12096"}],"wp:attachment":[{"href":"https:\/\/novatronicec.com\/index.php\/wp-json\/wp\/v2\/media?parent=12094"}],"wp:term":[{"taxonomy":"product_brand","embeddable":true,"href":"https:\/\/novatronicec.com\/index.php\/wp-json\/wp\/v2\/product_brand?post=12094"},{"taxonomy":"product_cat","embeddable":true,"href":"https:\/\/novatronicec.com\/index.php\/wp-json\/wp\/v2\/product_cat?post=12094"},{"taxonomy":"product_tag","embeddable":true,"href":"https:\/\/novatronicec.com\/index.php\/wp-json\/wp\/v2\/product_tag?post=12094"}],"curies":[{"name":"wp","href":"https:\/\/api.w.org\/{rel}","templated":true}]}}