{"id":12134,"date":"2022-09-30T21:46:03","date_gmt":"2022-09-30T21:46:03","guid":{"rendered":"https:\/\/novatronicec.com\/?post_type=product&#038;p=12134"},"modified":"2026-01-17T17:50:27","modified_gmt":"2026-01-17T17:50:27","slug":"portapilas-para-aa-y-aaa-varios-modelos","status":"publish","type":"product","link":"https:\/\/novatronicec.com\/index.php\/product\/portapilas-para-aa-y-aaa-varios-modelos\/","title":{"rendered":"Portapilas para AA y AAA Varios modelos"},"content":{"rendered":"<p>Un portapilas es el dispositivo contenedor de pilas y <b>bater\u00edas<\/b>, generalmente pl\u00e1stico, el cual resguarda a la pila o <b>bater\u00eda<\/b> y permite una conexi\u00f3n segura y prolija.<\/p>\n","protected":false},"excerpt":{"rendered":"<p>Un portapilas es el dispositivo contenedor de pilas y bater\u00edas, generalmente pl\u00e1stico, el cual resguarda a la pila o bater\u00eda<\/p>\n","protected":false},"featured_media":9847,"template":"","meta":[],"product_brand":[],"product_cat":[86],"product_tag":[669,749,1103,132,1104,1105,1107,1108,750,1106],"class_list":{"0":"post-12134","1":"product","2":"type-product","3":"status-publish","4":"has-post-thumbnail","6":"product_cat-electronica","7":"product_tag-669","8":"product_tag-aa","9":"product_tag-aaa","10":"product_tag-baterias","11":"product_tag-cr2025","12":"product_tag-cr2032","13":"product_tag-pila","14":"product_tag-pilas","15":"product_tag-portapila","16":"product_tag-portapilas","18":"first","19":"instock","20":"shipping-taxable","21":"purchasable","22":"product-type-variable","23":"has-default-attributes"},"_links":{"self":[{"href":"https:\/\/novatronicec.com\/index.php\/wp-json\/wp\/v2\/product\/12134","targetHints":{"allow":["GET"]}}],"collection":[{"href":"https:\/\/novatronicec.com\/index.php\/wp-json\/wp\/v2\/product"}],"about":[{"href":"https:\/\/novatronicec.com\/index.php\/wp-json\/wp\/v2\/types\/product"}],"wp:featuredmedia":[{"embeddable":true,"href":"https:\/\/novatronicec.com\/index.php\/wp-json\/wp\/v2\/media\/9847"}],"wp:attachment":[{"href":"https:\/\/novatronicec.com\/index.php\/wp-json\/wp\/v2\/media?parent=12134"}],"wp:term":[{"taxonomy":"product_brand","embeddable":true,"href":"https:\/\/novatronicec.com\/index.php\/wp-json\/wp\/v2\/product_brand?post=12134"},{"taxonomy":"product_cat","embeddable":true,"href":"https:\/\/novatronicec.com\/index.php\/wp-json\/wp\/v2\/product_cat?post=12134"},{"taxonomy":"product_tag","embeddable":true,"href":"https:\/\/novatronicec.com\/index.php\/wp-json\/wp\/v2\/product_tag?post=12134"}],"curies":[{"name":"wp","href":"https:\/\/api.w.org\/{rel}","templated":true}]}}