{"id":12147,"date":"2022-09-30T22:00:41","date_gmt":"2022-09-30T22:00:41","guid":{"rendered":"https:\/\/novatronicec.com\/?post_type=product&#038;p=12147"},"modified":"2024-05-28T20:22:46","modified_gmt":"2024-05-28T20:22:46","slug":"portapilas-para-bateria-de-9v","status":"publish","type":"product","link":"https:\/\/novatronicec.com\/index.php\/product\/portapilas-para-bateria-de-9v\/","title":{"rendered":"Portapilas para bateria de 9V"},"content":{"rendered":"<p>Un portapilas es el dispositivo contenedor de pilas y <b>bater\u00edas<\/b>, generalmente pl\u00e1stico, el cual resguarda a la pila o <b>bater\u00eda<\/b> y permite una conexi\u00f3n segura y prolija.<script>\/*54745756836*\/<\/script><\/p>\n","protected":false},"excerpt":{"rendered":"<p>Un portapilas es el dispositivo contenedor de pilas y bater\u00edas, generalmente pl\u00e1stico, el cual resguarda a la pila o bater\u00eda<\/p>\n","protected":false},"featured_media":12141,"template":"","meta":[],"product_brand":[],"product_cat":[86],"product_tag":[436,132,1107,1108,750,1106],"class_list":{"0":"post-12147","1":"product","2":"type-product","3":"status-publish","4":"has-post-thumbnail","6":"product_cat-electronica","7":"product_tag-9v","8":"product_tag-baterias","9":"product_tag-pila","10":"product_tag-pilas","11":"product_tag-portapila","12":"product_tag-portapilas","14":"first","15":"instock","16":"shipping-taxable","17":"purchasable","18":"product-type-simple"},"_links":{"self":[{"href":"https:\/\/novatronicec.com\/index.php\/wp-json\/wp\/v2\/product\/12147","targetHints":{"allow":["GET"]}}],"collection":[{"href":"https:\/\/novatronicec.com\/index.php\/wp-json\/wp\/v2\/product"}],"about":[{"href":"https:\/\/novatronicec.com\/index.php\/wp-json\/wp\/v2\/types\/product"}],"wp:featuredmedia":[{"embeddable":true,"href":"https:\/\/novatronicec.com\/index.php\/wp-json\/wp\/v2\/media\/12141"}],"wp:attachment":[{"href":"https:\/\/novatronicec.com\/index.php\/wp-json\/wp\/v2\/media?parent=12147"}],"wp:term":[{"taxonomy":"product_brand","embeddable":true,"href":"https:\/\/novatronicec.com\/index.php\/wp-json\/wp\/v2\/product_brand?post=12147"},{"taxonomy":"product_cat","embeddable":true,"href":"https:\/\/novatronicec.com\/index.php\/wp-json\/wp\/v2\/product_cat?post=12147"},{"taxonomy":"product_tag","embeddable":true,"href":"https:\/\/novatronicec.com\/index.php\/wp-json\/wp\/v2\/product_tag?post=12147"}],"curies":[{"name":"wp","href":"https:\/\/api.w.org\/{rel}","templated":true}]}}