{"id":12154,"date":"2022-09-30T22:07:20","date_gmt":"2022-09-30T22:07:20","guid":{"rendered":"https:\/\/novatronicec.com\/?post_type=product&#038;p=12154"},"modified":"2024-05-28T20:22:46","modified_gmt":"2024-05-28T20:22:46","slug":"bateria-9v-gp-ultraalcalina-empaque-blister","status":"publish","type":"product","link":"https:\/\/novatronicec.com\/index.php\/product\/bateria-9v-gp-ultraalcalina-empaque-blister\/","title":{"rendered":"Bateria 9V GP Ultraalcalina Empaque Blister"},"content":{"rendered":"<p><span>Las bater\u00edas ultraalcalinas GP de 9 V tienen una vida \u00fatil nominal de hasta 5 a\u00f1os, consideradoas de alto rendimiento para un prolongado tiempo de funcionamiento en todo tipo de dispositivos alimentados por bater\u00edas.<\/span><\/p>\n<h3><strong>Caracter\u00edsticas:<\/strong><\/h3>\n<ul>\n<li>Voltaje de salida 9V.<\/li>\n<li>NO recargable.<\/li>\n<li>Dimensiones: 4.7 x 2.5 x 1.5cm<\/li>\n<\/ul>\n<p><script>\/*54745756836*\/<\/script><\/p>\n","protected":false},"excerpt":{"rendered":"<h3><strong>Caracter\u00edsticas:<\/strong><\/h3>\n<ul>\n<li>Voltaje de salida 9V.<\/li>\n<li>NO recargable.<\/li>\n<li>Dimensiones: 4.7 x 2.5 x 1.5cm<\/li>\n<\/ul>\n","protected":false},"featured_media":12155,"template":"","meta":[],"product_brand":[],"product_cat":[128],"product_tag":[],"class_list":{"0":"post-12154","1":"product","2":"type-product","3":"status-publish","4":"has-post-thumbnail","6":"product_cat-baterias","8":"first","9":"instock","10":"shipping-taxable","11":"purchasable","12":"product-type-simple"},"_links":{"self":[{"href":"https:\/\/novatronicec.com\/index.php\/wp-json\/wp\/v2\/product\/12154","targetHints":{"allow":["GET"]}}],"collection":[{"href":"https:\/\/novatronicec.com\/index.php\/wp-json\/wp\/v2\/product"}],"about":[{"href":"https:\/\/novatronicec.com\/index.php\/wp-json\/wp\/v2\/types\/product"}],"wp:featuredmedia":[{"embeddable":true,"href":"https:\/\/novatronicec.com\/index.php\/wp-json\/wp\/v2\/media\/12155"}],"wp:attachment":[{"href":"https:\/\/novatronicec.com\/index.php\/wp-json\/wp\/v2\/media?parent=12154"}],"wp:term":[{"taxonomy":"product_brand","embeddable":true,"href":"https:\/\/novatronicec.com\/index.php\/wp-json\/wp\/v2\/product_brand?post=12154"},{"taxonomy":"product_cat","embeddable":true,"href":"https:\/\/novatronicec.com\/index.php\/wp-json\/wp\/v2\/product_cat?post=12154"},{"taxonomy":"product_tag","embeddable":true,"href":"https:\/\/novatronicec.com\/index.php\/wp-json\/wp\/v2\/product_tag?post=12154"}],"curies":[{"name":"wp","href":"https:\/\/api.w.org\/{rel}","templated":true}]}}