{"id":12156,"date":"2022-09-30T22:08:42","date_gmt":"2022-09-30T22:08:42","guid":{"rendered":"https:\/\/novatronicec.com\/?post_type=product&#038;p=12156"},"modified":"2024-05-28T20:22:46","modified_gmt":"2024-05-28T20:22:46","slug":"bateria-9v-kodak-zincempaque-blister","status":"publish","type":"product","link":"https:\/\/novatronicec.com\/index.php\/product\/bateria-9v-kodak-zincempaque-blister\/","title":{"rendered":"Bateria 9V 650mAh Recargable MicroUSB"},"content":{"rendered":"<p>Dise\u00f1o de entrada USB: bater\u00edas de 9 V con dise\u00f1o de entrada USB, f\u00e1cil de cargar, no necesita cargador de bater\u00eda adicional. Mientras se carga, solo conecta el lado tipo microusb del cable (viene con cable de carga 2 en 1) en la parte inferior de la bater\u00eda, el otro lado se conecta al adaptador con puerto USB como banco de energ\u00eda, adaptador USB, etc.<\/p>\n<p><span class=\"a-list-item\">Descarga de voltaje constante de 1,5 V: las bater\u00edas recargables de 9 V son superiores en rendimiento de salida de voltaje en comparaci\u00f3n con las bater\u00edas recargables NiMH tradicionales. Estas bater\u00edas de litio proporcionan mantener una salida de voltaje de 1,5 V en todo el proceso hasta que la energ\u00eda se agote.<\/span><\/p>\n<p><span class=\"a-list-item\">Carga r\u00e1pida: tecnolog\u00eda de carga r\u00e1pida adoptada, estas bater\u00edas recargables de 9 V se cargan completamente en 2 horas. Bater\u00eda de alto rendimiento con funci\u00f3n de baja autodescarga, sin efecto memoria. Nota: carga la bater\u00eda primero para que se pueda activar antes de su uso.<\/span><\/p>\n<p><span class=\"a-list-item\">Protecci\u00f3n m\u00faltiple: la bater\u00eda de litio de 9 V es un chip inteligente integrado, que puede prevenir eficazmente sobrecorriente, sobretensi\u00f3n, sobrecarga, sobrecalentamiento y cortocircuito. Adem\u00e1s, la bater\u00eda de 9 V ha pasado la certificaci\u00f3n de CE, FCC, RoSH. Seguridad e inteligente.<\/span><\/p>\n<h3><strong>Caracter\u00edsticas:<\/strong><\/h3>\n<ul>\n<li>Voltaje de salida 9V.<\/li>\n<li>Recargable via micro usb.<\/li>\n<li>Descarga constante 1.5V<\/li>\n<\/ul>\n","protected":false},"excerpt":{"rendered":"<h3><strong>Caracter\u00edsticas:<\/strong><\/h3>\n<ul>\n<li>Voltaje de salida 9V.<\/li>\n<li>Recargable via micro usb.<\/li>\n<li>Descarga constante 1.5V<\/li>\n<\/ul>\n","protected":false},"featured_media":13979,"template":"","meta":[],"product_brand":[],"product_cat":[128],"product_tag":[],"class_list":{"0":"post-12156","1":"product","2":"type-product","3":"status-publish","4":"has-post-thumbnail","6":"product_cat-baterias","8":"first","9":"instock","10":"shipping-taxable","11":"purchasable","12":"product-type-simple"},"_links":{"self":[{"href":"https:\/\/novatronicec.com\/index.php\/wp-json\/wp\/v2\/product\/12156","targetHints":{"allow":["GET"]}}],"collection":[{"href":"https:\/\/novatronicec.com\/index.php\/wp-json\/wp\/v2\/product"}],"about":[{"href":"https:\/\/novatronicec.com\/index.php\/wp-json\/wp\/v2\/types\/product"}],"wp:featuredmedia":[{"embeddable":true,"href":"https:\/\/novatronicec.com\/index.php\/wp-json\/wp\/v2\/media\/13979"}],"wp:attachment":[{"href":"https:\/\/novatronicec.com\/index.php\/wp-json\/wp\/v2\/media?parent=12156"}],"wp:term":[{"taxonomy":"product_brand","embeddable":true,"href":"https:\/\/novatronicec.com\/index.php\/wp-json\/wp\/v2\/product_brand?post=12156"},{"taxonomy":"product_cat","embeddable":true,"href":"https:\/\/novatronicec.com\/index.php\/wp-json\/wp\/v2\/product_cat?post=12156"},{"taxonomy":"product_tag","embeddable":true,"href":"https:\/\/novatronicec.com\/index.php\/wp-json\/wp\/v2\/product_tag?post=12156"}],"curies":[{"name":"wp","href":"https:\/\/api.w.org\/{rel}","templated":true}]}}