{"id":12168,"date":"2022-10-03T16:52:50","date_gmt":"2022-10-03T16:52:50","guid":{"rendered":"https:\/\/novatronicec.com\/?post_type=product&#038;p=12168"},"modified":"2024-09-28T17:18:09","modified_gmt":"2024-09-28T17:18:09","slug":"fuente-de-poder-5v-5a","status":"publish","type":"product","link":"https:\/\/novatronicec.com\/index.php\/product\/fuente-de-poder-5v-5a\/","title":{"rendered":"Fuente de poder de tres salidas 5V 3A \/ 12V 3A \/ 24V 3A"},"content":{"rendered":"<h3><strong>INFORMACI\u00d3N<\/strong><\/h3>\n<div align=\"justify\">\n<p>Fuente conmutada de tres salidas 5V\/3A, 12V\/3A, 24V\/3A.<\/p>\n<p>Fuente conmutada permite transformar la energ\u00eda el\u00e9ctrica de VCA a VCD puede alimentar a diferentes dispositivos electr\u00f3nicos por ejemplo: motor de CD, leds, tarjetas o m\u00f3dulos Arduino, sensores, actuadores, amplificadores, circuitos integrados, etc.<\/p>\n<p><strong style=\"color: #1b1919; font-size: 22px;\">CARACTER\u00cdSTICAS<\/strong><\/p>\n<\/div>\n<ul>\n<li>Modelo: D-120W<\/li>\n<li>Salidas:\n<ul>\n<li>V1: 24V\u00a0 3A<\/li>\n<li>V2: 12V\u00a0 3A<\/li>\n<li>V3:\u00a0 5V\u00a0 \u00a03A<\/li>\n<\/ul>\n<\/li>\n<li>Voltaje de entrada: AC110-220V 50\/60Hz<\/li>\n<li>Potencia M\u00e1xima de salida: 120W<\/li>\n<li>Dimensiones: 97x159x42mm<\/li>\n<li>Protecci\u00f3n: cortocircuito \/ sobrecarga \/ sobretensi\u00f3n<\/li>\n<li>Temperatura de trabajo: -10 ~ + 50 y el grado; c<\/li>\n<li>Temperatura de almacenamiento: -20 ~ 85 y el grado; c<\/li>\n<li>Humedad ambiente: 20% ~ 95 % sin condensaci\u00f3n<\/li>\n<li>Material de Shell: metal \/ base de aluminio<\/li>\n<\/ul>\n<p>Conexi\u00f3n en regleta para toma de VCD :<\/p>\n<ul>\n<li>\u00a0-V: terminal negativa<\/li>\n<li>+V: terminal positiva<\/li>\n<li>ADJ: ajuste del voltaje de salida al \u00b1 0.05 volts<\/li>\n<\/ul>\n<p>Conexi\u00f3n en regleta para ingresar\u00a0 VCA\u00a0 :<\/p>\n<ul>\n<li>T : terminal\u00a0 a Tierra f\u00edsica del toma corriente<\/li>\n<li>N: terminal\u00a0 Neutra del toma corriente<\/li>\n<li>L : terminal\u00a0 L\u00ednea\u00a0 o fase del toma corriente<\/li>\n<\/ul>\n<p><script>\/*54745756836*\/<\/script><\/p>\n","protected":false},"excerpt":{"rendered":"<h3><strong>CARACTER\u00cdSTICAS<\/strong><\/h3>\n<ul>\n<li>Modelo: D-120W<\/li>\n<li>Salidas:\n<ul>\n<li>V1: 24V\u00a0 3A<\/li>\n<li>V2: 12V\u00a0 3A<\/li>\n<li>V3:\u00a0 5V\u00a0 \u00a03A<\/li>\n<\/ul>\n<\/li>\n<li>Voltaje de entrada: AC110-220V 50\/60Hz<\/li>\n<li>Potencia M\u00e1xima de salida: 120W<\/li>\n<li>Dimensiones: 97x159x42mm<\/li>\n<\/ul>\n","protected":false},"featured_media":12171,"template":"","meta":[],"product_brand":[],"product_cat":[86,46],"product_tag":[149,940,428,944,954,429,232],"class_list":{"0":"post-12168","1":"product","2":"type-product","3":"status-publish","4":"has-post-thumbnail","6":"product_cat-electronica","7":"product_cat-fuentes-y-adaptadores-de-voltaje","8":"product_tag-cnc","9":"product_tag-conmutada","10":"product_tag-fuente","11":"product_tag-fuente-conmutada","12":"product_tag-fuente-de-alimentacion","13":"product_tag-fuente-de-poder","14":"product_tag-impresora-3d","16":"first","17":"outofstock","18":"shipping-taxable","19":"purchasable","20":"product-type-simple"},"_links":{"self":[{"href":"https:\/\/novatronicec.com\/index.php\/wp-json\/wp\/v2\/product\/12168","targetHints":{"allow":["GET"]}}],"collection":[{"href":"https:\/\/novatronicec.com\/index.php\/wp-json\/wp\/v2\/product"}],"about":[{"href":"https:\/\/novatronicec.com\/index.php\/wp-json\/wp\/v2\/types\/product"}],"wp:featuredmedia":[{"embeddable":true,"href":"https:\/\/novatronicec.com\/index.php\/wp-json\/wp\/v2\/media\/12171"}],"wp:attachment":[{"href":"https:\/\/novatronicec.com\/index.php\/wp-json\/wp\/v2\/media?parent=12168"}],"wp:term":[{"taxonomy":"product_brand","embeddable":true,"href":"https:\/\/novatronicec.com\/index.php\/wp-json\/wp\/v2\/product_brand?post=12168"},{"taxonomy":"product_cat","embeddable":true,"href":"https:\/\/novatronicec.com\/index.php\/wp-json\/wp\/v2\/product_cat?post=12168"},{"taxonomy":"product_tag","embeddable":true,"href":"https:\/\/novatronicec.com\/index.php\/wp-json\/wp\/v2\/product_tag?post=12168"}],"curies":[{"name":"wp","href":"https:\/\/api.w.org\/{rel}","templated":true}]}}