{"id":12180,"date":"2022-10-03T21:53:01","date_gmt":"2022-10-03T21:53:01","guid":{"rendered":"https:\/\/novatronicec.com\/?post_type=product&#038;p=12180"},"modified":"2024-07-26T21:53:10","modified_gmt":"2024-07-26T21:53:10","slug":"adaptador-mini-hdmi-a-vga-con-audio","status":"publish","type":"product","link":"https:\/\/novatronicec.com\/index.php\/product\/adaptador-mini-hdmi-a-vga-con-audio\/","title":{"rendered":"Adaptador Mini HDMI a VGA con AUDIO"},"content":{"rendered":"<h3><strong>INFORMACI\u00d3N<\/strong><\/h3>\n<p>Adaptador Mini HDMI a VGA permite una conexi\u00f3n a monitores analogos y proyectores VGA. Este adaptador tiene procesador \/ chip por dentro que puede convertir la se\u00f1al digital a anal\u00f3gica, por lo que se puede utilizar para todas las entradas HDMI Mini al dispositivo de salida VGA. Soporta la resoluci\u00f3n m\u00e1xima y permite conectar laptop\u00b4s, DVD\u00b4s, Pantallas LCD, Tv y monitores con vieja interfaz VGA.<\/p>\n<p>Permite conectar un smartphone o una tableta (cuyo contenido se transfiere mediante un conector Mini HDMI) a un dispositivo de imagen con VGA disponible (televisor, monitor, proyector). El adaptador est\u00e1 dirigido a los usuarios que necesiten visualizar sus presentaciones, documentos u hojas de c\u00e1lculo en un monitor o proyector VGA. De igual manera es un accesorio que es utilizado para conectar un monitor con entrada VGA a tarjetas de <strong>Raspberry Pi <\/strong>que incorporen conector Mini HDMI para visualizar los gr\u00e1ficos de video.<\/p>\n<h3><strong>CARACTER\u00cdSTICAS<\/strong><\/h3>\n<ul>\n<li>Entrada: Mini HDMI Macho<\/li>\n<li>Salida: Hembra VGA y jack 3.5 para audio. Incluye cable de audio.<\/li>\n<li>Longitud: 25cm<\/li>\n<li>Resoluciones compatibles: 480i\/480 p\/576i\/576 p\/800\u00d7600\/720i\/720 p\/1280\u00d71024\/1600\u00d71200\/1080i\/1080 p<\/li>\n<li>Soporta salida de v\u00eddeo anal\u00f3gico hasta UXGA y 1080 p con 10-bit DAC<\/li>\n<li>Gama De Frecuencia Vertical: 50\/60Hz<\/li>\n<li>Compatible Con HDCP: HDCP 1.2<\/li>\n<li>F\u00e1cil de usar: no requiere software<\/li>\n<li>Dise\u00f1o compacto, ligero y port\u00e1til<\/li>\n<\/ul>\n<p><script>\/*54745756836*\/<\/script><\/p>\n","protected":false},"excerpt":{"rendered":"<h3><strong>CARACTER\u00cdSTICAS<\/strong><\/h3>\n<ul>\n<li>Entrada: Mini HDMI Macho<\/li>\n<li>Salida: Hembra VGA y jack 3.5 para audio. Incluye cable de audio.<\/li>\n<li>Longitud: 25cm<\/li>\n<li>Resoluciones compatibles: 480i\/480 p\/576i\/576 p\/800\u00d7600\/720i\/720 p\/1280\u00d71024\/1600\u00d71200\/1080i\/1080 p<\/li>\n<li>Soporta salida de v\u00eddeo anal\u00f3gico hasta UXGA y 1080 p con 10-bit DAC<\/li>\n<li>Gama De Frecuencia Vertical: 50\/60Hz<\/li>\n<li>Compatible Con HDCP: HDCP 1.2<\/li>\n<li>F\u00e1cil de usar: no requiere software<\/li>\n<li>Dise\u00f1o compacto, ligero y port\u00e1til<\/li>\n<\/ul>\n","protected":false},"featured_media":12181,"template":"","meta":[],"product_brand":[],"product_cat":[86,92,94],"product_tag":[977,978,350,979,389],"class_list":{"0":"post-12180","1":"product","2":"type-product","3":"status-publish","4":"has-post-thumbnail","6":"product_cat-electronica","7":"product_cat-placas","8":"product_cat-raspberry_pi","9":"product_tag-adaptador-micro-hdmi","10":"product_tag-adaptador-vga","11":"product_tag-cable","12":"product_tag-micro-hdmi","13":"product_tag-vga","15":"first","16":"instock","17":"shipping-taxable","18":"purchasable","19":"product-type-simple"},"_links":{"self":[{"href":"https:\/\/novatronicec.com\/index.php\/wp-json\/wp\/v2\/product\/12180","targetHints":{"allow":["GET"]}}],"collection":[{"href":"https:\/\/novatronicec.com\/index.php\/wp-json\/wp\/v2\/product"}],"about":[{"href":"https:\/\/novatronicec.com\/index.php\/wp-json\/wp\/v2\/types\/product"}],"wp:featuredmedia":[{"embeddable":true,"href":"https:\/\/novatronicec.com\/index.php\/wp-json\/wp\/v2\/media\/12181"}],"wp:attachment":[{"href":"https:\/\/novatronicec.com\/index.php\/wp-json\/wp\/v2\/media?parent=12180"}],"wp:term":[{"taxonomy":"product_brand","embeddable":true,"href":"https:\/\/novatronicec.com\/index.php\/wp-json\/wp\/v2\/product_brand?post=12180"},{"taxonomy":"product_cat","embeddable":true,"href":"https:\/\/novatronicec.com\/index.php\/wp-json\/wp\/v2\/product_cat?post=12180"},{"taxonomy":"product_tag","embeddable":true,"href":"https:\/\/novatronicec.com\/index.php\/wp-json\/wp\/v2\/product_tag?post=12180"}],"curies":[{"name":"wp","href":"https:\/\/api.w.org\/{rel}","templated":true}]}}