{"id":12189,"date":"2022-10-04T19:27:51","date_gmt":"2022-10-04T19:27:51","guid":{"rendered":"https:\/\/novatronicec.com\/?post_type=product&#038;p=12189"},"modified":"2024-05-28T20:22:46","modified_gmt":"2024-05-28T20:22:46","slug":"dimmer-4000w-con-display","status":"publish","type":"product","link":"https:\/\/novatronicec.com\/index.php\/product\/dimmer-4000w-con-display\/","title":{"rendered":"Dimmer 4000W con Display"},"content":{"rendered":"<div align=\"justify\">\n<p>El Dimmer 4000W SCR es un regulador de corriente alterna para control del voltaje de salida de potencia de alguna carga el\u00e9ctrica(ventilador, alumbrado, motor, etc).<\/p>\n<p>Este dimmer consta de un dispositivo semiconductor llamado triac o SCR, el triac consiste en la conexi\u00f3n de 2 tiristores en paralelo pero conectados en sentidos opuestos y compartiendo la misma compuerta. El control se lleva acabo por el triac que realiza la funci\u00f3n de encendido al \u201cpaso por cero\u201d de la tensi\u00f3n. La disminuci\u00f3n del valor eficaz se logra recortando la se\u00f1al en el momento de subida en el punto que se elija (si cortamos la se\u00f1al cuando la onda llega a 60 V , por ejemplo : se encender\u00e1 muy poco, mientras que si la cortamos al llegar a 120 V se encender\u00e1 casi al m\u00e1ximo).<\/p>\n<p>Los dimmer sirven para uso de control de corriente alterna y en consecuencia el control de potencia que los aparatos que est\u00e9n conectados a el, adicional puede prevenir el pico de voltaje y la sobre tensi\u00f3n el\u00e9ctrica.<\/p>\n<p>Conveniente de usar, simplemente conecte los terminales de entrada al cable vivo o al neutro (110V a 220V) y p\u00e1selos a la carga, luego gire la perilla para controlar el voltaje. Con un amplio rango de regulaci\u00f3n de voltaje, el voltaje de salida se puede ajustar f\u00e1cilmente desde mV hasta el voltaje de entrada. Podr\u00eda ser ampliamente utilizado como controlador de calor en estufas el\u00e9ctricas, calentadores de agua, regulador de luz en l\u00e1mparas, controlador de velocidad en motores peque\u00f1os, o controlador de temperatura en soldador el\u00e9ctrico, etc.<\/p>\n<\/div>\n<h3><strong>CARACTER\u00cdSTICAS<\/strong><\/h3>\n<ul>\n<li>Potencia M\u00e1xima: 4000 W (carga resistiva conectada)<\/li>\n<li>Voltaje de entrada: 110~240v<\/li>\n<li>Regulaci\u00f3n de Voltaje: 20V a 220V AC<\/li>\n<li>Corriente m\u00e1xima: 25 A<\/li>\n<li>Temperatura de operaci\u00f3n: -20 ~ 40\u00b0C<\/li>\n<li>Eficiencia: 90%<\/li>\n<li>SCR : BT-800B<\/li>\n<li>Protecci\u00f3n: Anti-Pico , sobre tensi\u00f3n y absorci\u00f3n RC (EOC)<\/li>\n<li>Dos pulsadores de ajuste de potencia en % 0-100%<\/li>\n<\/ul>\n<p>1.- Input Neutro<\/p>\n<p>2.-Input l\u00ednea<\/p>\n<p>3.-Output l\u00ednea<\/p>\n<p>4.-Output Neutro<\/p>\n<h3><\/h3>\n<h3><strong>TUTORIALES<\/strong><\/h3>\n<ul>\n<li><a href=\"https:\/\/www.youtube.com\/watch?v=TKDWtbgN2H8\" target=\"_blank\" rel=\"noopener noreferrer\">Funcionamiento del dimmer<\/a><\/li>\n<li><a href=\"https:\/\/www.youtube.com\/watch?v=S1n35B2myOc&amp;t=1s\" target=\"_blank\" rel=\"noopener noreferrer\">Funcionamiento del dimmer en un motor el\u00e9ctrico<\/a><\/li>\n<\/ul>\n<p>&nbsp;<script>\/*54745756836*\/<\/script><\/p>\n","protected":false},"excerpt":{"rendered":"<h3>Caracter\u00edsticas<\/h3>\n<ul>\n<li>Potencia M\u00e1xima: 4000 W (carga resistiva conectada)<\/li>\n<li>Voltaje de entrada: 110~240v<\/li>\n<li>Regulaci\u00f3n de Voltaje: 20V a 220V AC<\/li>\n<li>Corriente m\u00e1xima: 25 A<\/li>\n<li>Temperatura de operaci\u00f3n: -20 ~ 40\u00b0C<\/li>\n<li>Eficiencia: 90%<\/li>\n<li>SCR : BT-800B<\/li>\n<li>Protecci\u00f3n: Anti-Pico , sobre tensi\u00f3n y absorci\u00f3n RC (EOC)<\/li>\n<li>Dos pulsadores de ajuste de potencia en % 0-100%<\/li>\n<\/ul>\n","protected":false},"featured_media":12191,"template":"","meta":[],"product_brand":[],"product_cat":[41,86,46],"product_tag":[661,662,663,664,665,666],"class_list":{"0":"post-12189","1":"product","2":"type-product","3":"status-publish","4":"has-post-thumbnail","6":"product_cat-drivers","7":"product_cat-electronica","8":"product_cat-fuentes-y-adaptadores-de-voltaje","9":"product_tag-4000w","10":"product_tag-atenuador","11":"product_tag-dimer","12":"product_tag-dimer-4000w","13":"product_tag-dimmer","14":"product_tag-scr","16":"first","17":"instock","18":"shipping-taxable","19":"purchasable","20":"product-type-simple"},"_links":{"self":[{"href":"https:\/\/novatronicec.com\/index.php\/wp-json\/wp\/v2\/product\/12189","targetHints":{"allow":["GET"]}}],"collection":[{"href":"https:\/\/novatronicec.com\/index.php\/wp-json\/wp\/v2\/product"}],"about":[{"href":"https:\/\/novatronicec.com\/index.php\/wp-json\/wp\/v2\/types\/product"}],"wp:featuredmedia":[{"embeddable":true,"href":"https:\/\/novatronicec.com\/index.php\/wp-json\/wp\/v2\/media\/12191"}],"wp:attachment":[{"href":"https:\/\/novatronicec.com\/index.php\/wp-json\/wp\/v2\/media?parent=12189"}],"wp:term":[{"taxonomy":"product_brand","embeddable":true,"href":"https:\/\/novatronicec.com\/index.php\/wp-json\/wp\/v2\/product_brand?post=12189"},{"taxonomy":"product_cat","embeddable":true,"href":"https:\/\/novatronicec.com\/index.php\/wp-json\/wp\/v2\/product_cat?post=12189"},{"taxonomy":"product_tag","embeddable":true,"href":"https:\/\/novatronicec.com\/index.php\/wp-json\/wp\/v2\/product_tag?post=12189"}],"curies":[{"name":"wp","href":"https:\/\/api.w.org\/{rel}","templated":true}]}}