{"id":12230,"date":"2022-10-29T17:32:50","date_gmt":"2022-10-29T17:32:50","guid":{"rendered":"https:\/\/novatronicec.com\/?post_type=product&#038;p=12230"},"modified":"2024-05-28T20:22:47","modified_gmt":"2024-05-28T20:22:47","slug":"ventilador-4010-5v-40x40x10mm","status":"publish","type":"product","link":"https:\/\/novatronicec.com\/index.php\/product\/ventilador-4010-5v-40x40x10mm\/","title":{"rendered":"Ventilador 4010 5V 40x40x10mm"},"content":{"rendered":"<h3><strong>INFORMACI\u00d3N<\/strong><\/h3>\n<div align=\"justify\">Ventilador 4010 5V sin escobillas con dimensiones de 40x40x10mm, ideal para proyectos, lo podr\u00e1s usar como disipador t\u00e9rmico, refrigeraci\u00f3n por enfriador para impresora 3D, de igual manera te puede servir como repuesto para cambiar el ventilador aberiado.<\/div>\n<div align=\"justify\"><\/div>\n<h3><strong>CARACTER\u00cdSTICAS<\/strong><\/h3>\n<ul>\n<li>Tipo: 4010 ventilador<\/li>\n<li><span style=\"font-family: Arial;\">Voltaje Nominal: 5VDC<\/span><\/li>\n<li><span style=\"font-family: Arial;\">Corriente Nominal: 0.25A<\/span><\/li>\n<li><span style=\"font-family: Arial;\">Velocidad: 4200RPM 5%<\/span><\/li>\n<li><span style=\"font-family: Arial;\">Ruido: 22dBA<\/span><\/li>\n<li><span style=\"font-family: Arial;\">Vida \u00fatil esperada: 28000 horas a 40\u00b0C<\/span><\/li>\n<li><span style=\"font-family: Arial;\">Consumo de energ\u00eda: 1,05W<\/span><\/li>\n<li><span style=\"font-family: Arial;\">Rango de Temperatura de Operaci\u00f3n: -10 a 60\u00b0C<\/span><\/li>\n<li><span style=\"font-family: Arial;\">Dimensiones: 40 x 40 x 10 mm<\/span><\/li>\n<li><span style=\"font-family: Arial;\">Peso: 12.9g<\/span><\/li>\n<\/ul>\n<p><script>\/*54745756836*\/<\/script><\/p>\n","protected":false},"excerpt":{"rendered":"<h3><strong>CARACTER\u00cdSTICAS<\/strong><\/h3>\n<ul>\n<li>Tipo: 4010 ventilador<\/li>\n<li><span style=\"font-family: Arial;\">Voltaje Nominal: 5VDC<\/span><\/li>\n<li><span style=\"font-family: Arial;\">Corriente Nominal: 0.25A<\/span><\/li>\n<li><span style=\"font-family: Arial;\">Velocidad: 4200RPM 5%<\/span><\/li>\n<li><span style=\"font-family: Arial;\">Ruido: 22dBA<\/span><\/li>\n<li><span style=\"font-family: Arial;\">Vida \u00fatil esperada: 28000 horas a 40\u00b0C<\/span><\/li>\n<li><span style=\"font-family: Arial;\">Consumo de energ\u00eda: 1,05W<\/span><\/li>\n<li><span style=\"font-family: Arial;\">Rango de Temperatura de Operaci\u00f3n: -10 a 60\u00b0C<\/span><\/li>\n<li><span style=\"font-family: Arial;\">Dimensiones: 40 x 40 x 10 mm<\/span><\/li>\n<li><span style=\"font-family: Arial;\">Peso: 12.9g<\/span><\/li>\n<\/ul>\n","protected":false},"featured_media":12231,"template":"","meta":[],"product_brand":[],"product_cat":[86,43],"product_tag":[435,409,982,983,984,232,985,986],"class_list":{"0":"post-12230","1":"product","2":"type-product","3":"status-publish","4":"has-post-thumbnail","6":"product_cat-electronica","7":"product_cat-motores-y-actuadores","8":"product_tag-12v","9":"product_tag-409","10":"product_tag-4010-12v","11":"product_tag-cooler","12":"product_tag-extractor-de-aire","13":"product_tag-impresora-3d","14":"product_tag-reprap","15":"product_tag-ventilador-4010","17":"first","18":"instock","19":"shipping-taxable","20":"purchasable","21":"product-type-simple"},"_links":{"self":[{"href":"https:\/\/novatronicec.com\/index.php\/wp-json\/wp\/v2\/product\/12230","targetHints":{"allow":["GET"]}}],"collection":[{"href":"https:\/\/novatronicec.com\/index.php\/wp-json\/wp\/v2\/product"}],"about":[{"href":"https:\/\/novatronicec.com\/index.php\/wp-json\/wp\/v2\/types\/product"}],"wp:featuredmedia":[{"embeddable":true,"href":"https:\/\/novatronicec.com\/index.php\/wp-json\/wp\/v2\/media\/12231"}],"wp:attachment":[{"href":"https:\/\/novatronicec.com\/index.php\/wp-json\/wp\/v2\/media?parent=12230"}],"wp:term":[{"taxonomy":"product_brand","embeddable":true,"href":"https:\/\/novatronicec.com\/index.php\/wp-json\/wp\/v2\/product_brand?post=12230"},{"taxonomy":"product_cat","embeddable":true,"href":"https:\/\/novatronicec.com\/index.php\/wp-json\/wp\/v2\/product_cat?post=12230"},{"taxonomy":"product_tag","embeddable":true,"href":"https:\/\/novatronicec.com\/index.php\/wp-json\/wp\/v2\/product_tag?post=12230"}],"curies":[{"name":"wp","href":"https:\/\/api.w.org\/{rel}","templated":true}]}}