{"id":12232,"date":"2022-10-29T17:39:00","date_gmt":"2022-10-29T17:39:00","guid":{"rendered":"https:\/\/novatronicec.com\/?post_type=product&#038;p=12232"},"modified":"2025-01-23T20:46:17","modified_gmt":"2025-01-23T20:46:17","slug":"ventilador-dc-5010-12v-50x50x10mm-0-18a","status":"publish","type":"product","link":"https:\/\/novatronicec.com\/index.php\/product\/ventilador-dc-5010-12v-50x50x10mm-0-18a\/","title":{"rendered":"Ventilador DC 5010 12V 50x50x10mm 0.18A"},"content":{"rendered":"<h3><strong>INFORMACI\u00d3N<\/strong><\/h3>\n<div align=\"justify\">Ventilador 4010 12V sin escobillas con dimensiones de 50x50x10mm, ideal para proyectos, lo podr\u00e1s usar como disipador t\u00e9rmico, refrigeraci\u00f3n por enfriador para impresora 3D, de igual manera te puede servir como repuesto para cambiar el ventilador aberiado.<\/div>\n<div align=\"justify\"><\/div>\n<h3><strong>CARACTER\u00cdSTICAS<\/strong><\/h3>\n<ul>\n<li>Tipo: 5010 ventilador<\/li>\n<li><span style=\"font-family: Arial;\">Voltaje de Operaci\u00f3n: 12V DC<\/span><\/li>\n<li><span style=\"font-family: Arial;\">Corriente de Operaci\u00f3n: 0.18A<\/span><\/li>\n<li><span style=\"font-family: Arial;\">Velocidad:\u00a04500 \u00b1 10% RPM<\/span><\/li>\n<li><span style=\"font-family: Arial;\">Ruido: 18 dBA<\/span><\/li>\n<li><span style=\"font-family: Arial;\">Tipo de motor: brushless<\/span><\/li>\n<li><span style=\"font-family: Arial;\">Velocidad de Viento: 1.5 M\/s<\/span><\/li>\n<li><span style=\"font-family: Arial;\">Vol\u00famen de Aire: 15.5 CFM<\/span><\/li>\n<li><span style=\"font-family: Arial;\">Rodamiento: oil bearing<\/span><\/li>\n<li><span style=\"font-family: Arial;\">Vida \u00fatil: 30000 hours<\/span><\/li>\n<li><span style=\"font-family: Arial;\">Largo de cable: 27cm aprox.<\/span><\/li>\n<li><span style=\"font-family: Arial;\">Dimensiones: 50mm \u00a0x 50mm x 10mm(L x W x H)<\/span><\/li>\n<\/ul>\n<p><script>\/*54745756836*\/<\/script><\/p>\n","protected":false},"excerpt":{"rendered":"<h3><strong>CARACTER\u00cdSTICAS<\/strong><\/h3>\n<ul>\n<li>Tipo: 5010 ventilador<\/li>\n<li><span style=\"font-family: Arial;\">Voltaje de Operaci\u00f3n: 12V DC<\/span><\/li>\n<li><span style=\"font-family: Arial;\">Corriente de Operaci\u00f3n: 0.18A<\/span><\/li>\n<li><span style=\"font-family: Arial;\">Velocidad:\u00a04500 \u00b1 10% RPM<\/span><\/li>\n<li><span style=\"font-family: Arial;\">Ruido: 18 dBA<\/span><\/li>\n<li><span style=\"font-family: Arial;\">Tipo de motor: brushless<\/span><\/li>\n<li><span style=\"font-family: Arial;\">Velocidad de Viento: 1.5 M\/s<\/span><\/li>\n<li><span style=\"font-family: Arial;\">Vol\u00famen de Aire: 15.5 CFM<\/span><\/li>\n<li><span style=\"font-family: Arial;\">Rodamiento: oil bearing<\/span><\/li>\n<li><span style=\"font-family: Arial;\">Vida \u00fatil: 30000 hours<\/span><\/li>\n<li><span style=\"font-family: Arial;\">Largo de cable: 27cm aprox.<\/span><\/li>\n<li><span style=\"font-family: Arial;\">Dimensiones: 50mm \u00a0x 50mm x 10mm(L x W x H)<\/span><\/li>\n<\/ul>\n","protected":false},"featured_media":15859,"template":"","meta":[],"product_brand":[],"product_cat":[86,43],"product_tag":[435,409,982,983,984,232,985,986],"class_list":{"0":"post-12232","1":"product","2":"type-product","3":"status-publish","4":"has-post-thumbnail","6":"product_cat-electronica","7":"product_cat-motores-y-actuadores","8":"product_tag-12v","9":"product_tag-409","10":"product_tag-4010-12v","11":"product_tag-cooler","12":"product_tag-extractor-de-aire","13":"product_tag-impresora-3d","14":"product_tag-reprap","15":"product_tag-ventilador-4010","17":"first","18":"instock","19":"shipping-taxable","20":"purchasable","21":"product-type-simple"},"_links":{"self":[{"href":"https:\/\/novatronicec.com\/index.php\/wp-json\/wp\/v2\/product\/12232","targetHints":{"allow":["GET"]}}],"collection":[{"href":"https:\/\/novatronicec.com\/index.php\/wp-json\/wp\/v2\/product"}],"about":[{"href":"https:\/\/novatronicec.com\/index.php\/wp-json\/wp\/v2\/types\/product"}],"wp:featuredmedia":[{"embeddable":true,"href":"https:\/\/novatronicec.com\/index.php\/wp-json\/wp\/v2\/media\/15859"}],"wp:attachment":[{"href":"https:\/\/novatronicec.com\/index.php\/wp-json\/wp\/v2\/media?parent=12232"}],"wp:term":[{"taxonomy":"product_brand","embeddable":true,"href":"https:\/\/novatronicec.com\/index.php\/wp-json\/wp\/v2\/product_brand?post=12232"},{"taxonomy":"product_cat","embeddable":true,"href":"https:\/\/novatronicec.com\/index.php\/wp-json\/wp\/v2\/product_cat?post=12232"},{"taxonomy":"product_tag","embeddable":true,"href":"https:\/\/novatronicec.com\/index.php\/wp-json\/wp\/v2\/product_tag?post=12232"}],"curies":[{"name":"wp","href":"https:\/\/api.w.org\/{rel}","templated":true}]}}