{"id":12234,"date":"2022-10-29T17:42:15","date_gmt":"2022-10-29T17:42:15","guid":{"rendered":"https:\/\/novatronicec.com\/?post_type=product&#038;p=12234"},"modified":"2024-05-28T20:22:47","modified_gmt":"2024-05-28T20:22:47","slug":"ventilador-3010-5v-30x30x10mm","status":"publish","type":"product","link":"https:\/\/novatronicec.com\/index.php\/product\/ventilador-3010-5v-30x30x10mm\/","title":{"rendered":"Ventilador 3010 5V 30x30x10mm"},"content":{"rendered":"<h3><strong>INFORMACI\u00d3N<\/strong><\/h3>\n<div align=\"justify\">Ventilador 4010 12V sin escobillas con dimensiones de 40x40x10mm, ideal para proyectos, lo podr\u00e1s usar como disipador t\u00e9rmico, refrigeraci\u00f3n por enfriador para impresora 3D, de igual manera te puede servir como repuesto para cambiar el ventilador aberiado.<\/div>\n<div align=\"justify\"><\/div>\n<h3><strong>CARACTER\u00cdSTICAS<\/strong><\/h3>\n<ul>\n<li><span style=\"font-family: Arial;\">Voltaje de Operaci\u00f3n: 5Vdc<\/span><\/li>\n<li><span style=\"font-family: Arial;\">Consumo de corriente: 0.2 A<\/span><\/li>\n<li><span style=\"font-family: Arial;\">Tipo de ventilador: Brushless DC fan<\/span><\/li>\n<li><span style=\"font-family: Arial;\">Dimensiones: 30mm x 30mm x 10mm<\/span><\/li>\n<li><span style=\"font-family: Arial;\">Largo de Cable: 28cm<\/span><\/li>\n<li><span style=\"font-family: Arial;\">Peso: 6.2g<\/span><\/li>\n<\/ul>\n<p><script>\/*54745756836*\/<\/script><\/p>\n","protected":false},"excerpt":{"rendered":"<h3><strong>CARACTER\u00cdSTICAS<\/strong><\/h3>\n<ul>\n<li><span style=\"font-family: Arial;\">Voltaje de Operaci\u00f3n: 5Vdc<\/span><\/li>\n<li><span style=\"font-family: Arial;\">Consumo de corriente: 0.2 A<\/span><\/li>\n<li><span style=\"font-family: Arial;\">Tipo de ventilador: Brushless DC fan<\/span><\/li>\n<li><span style=\"font-family: Arial;\">Dimensiones: 30mm x 30mm x 10mm<\/span><\/li>\n<li><span style=\"font-family: Arial;\">Largo de Cable: 28cm<\/span><\/li>\n<li><span style=\"font-family: Arial;\">Peso: 6.2g<\/span><\/li>\n<\/ul>\n<p>&nbsp;<\/p>\n","protected":false},"featured_media":12235,"template":"","meta":[],"product_brand":[],"product_cat":[86,43],"product_tag":[435,409,982,983,984,232,985,986],"class_list":{"0":"post-12234","1":"product","2":"type-product","3":"status-publish","4":"has-post-thumbnail","6":"product_cat-electronica","7":"product_cat-motores-y-actuadores","8":"product_tag-12v","9":"product_tag-409","10":"product_tag-4010-12v","11":"product_tag-cooler","12":"product_tag-extractor-de-aire","13":"product_tag-impresora-3d","14":"product_tag-reprap","15":"product_tag-ventilador-4010","17":"first","18":"instock","19":"shipping-taxable","20":"purchasable","21":"product-type-simple"},"_links":{"self":[{"href":"https:\/\/novatronicec.com\/index.php\/wp-json\/wp\/v2\/product\/12234","targetHints":{"allow":["GET"]}}],"collection":[{"href":"https:\/\/novatronicec.com\/index.php\/wp-json\/wp\/v2\/product"}],"about":[{"href":"https:\/\/novatronicec.com\/index.php\/wp-json\/wp\/v2\/types\/product"}],"wp:featuredmedia":[{"embeddable":true,"href":"https:\/\/novatronicec.com\/index.php\/wp-json\/wp\/v2\/media\/12235"}],"wp:attachment":[{"href":"https:\/\/novatronicec.com\/index.php\/wp-json\/wp\/v2\/media?parent=12234"}],"wp:term":[{"taxonomy":"product_brand","embeddable":true,"href":"https:\/\/novatronicec.com\/index.php\/wp-json\/wp\/v2\/product_brand?post=12234"},{"taxonomy":"product_cat","embeddable":true,"href":"https:\/\/novatronicec.com\/index.php\/wp-json\/wp\/v2\/product_cat?post=12234"},{"taxonomy":"product_tag","embeddable":true,"href":"https:\/\/novatronicec.com\/index.php\/wp-json\/wp\/v2\/product_tag?post=12234"}],"curies":[{"name":"wp","href":"https:\/\/api.w.org\/{rel}","templated":true}]}}