{"id":12302,"date":"2022-10-31T22:24:01","date_gmt":"2022-10-31T22:24:01","guid":{"rendered":"https:\/\/novatronicec.com\/?post_type=product&#038;p=12302"},"modified":"2024-05-28T20:22:48","modified_gmt":"2024-05-28T20:22:48","slug":"soporte-para-cautin-incluye-limpiador","status":"publish","type":"product","link":"https:\/\/novatronicec.com\/index.php\/product\/soporte-para-cautin-incluye-limpiador\/","title":{"rendered":"Soporte para caut\u00edn incluye limpiador"},"content":{"rendered":"<p>Esta pr\u00e1ctica base le permite sostener su caut\u00edn sin riesgo a que se caiga y\/o provoque accidentes. Est\u00e1 fabricado en metal para evitar la deformaci\u00f3n por golpes. Adem\u00e1s, cuenta con un recubrimiento externo en espiral para evitar el contacto de la zona caliente con el usuario.<br \/>\nEs compatible con la mayor\u00eda de cautines de l\u00e1piz.<\/p>\n<p>&nbsp;<script>\/*54745756836*\/<\/script><\/p>\n","protected":false},"excerpt":{"rendered":"<p>Soporte met\u00e1lico que disipa el calor y sostiene el caut\u00edn cuando no est\u00e1 en uso<\/p>\n","protected":false},"featured_media":12303,"template":"","meta":[],"product_brand":[],"product_cat":[86,1110],"product_tag":[1002,1109,577,892],"class_list":{"0":"post-12302","1":"product","2":"type-product","3":"status-publish","4":"has-post-thumbnail","6":"product_cat-electronica","7":"product_cat-herramientas","8":"product_tag-base","9":"product_tag-base-para-cautin","10":"product_tag-cautin","11":"product_tag-soporte","13":"first","14":"instock","15":"shipping-taxable","16":"purchasable","17":"product-type-simple"},"_links":{"self":[{"href":"https:\/\/novatronicec.com\/index.php\/wp-json\/wp\/v2\/product\/12302","targetHints":{"allow":["GET"]}}],"collection":[{"href":"https:\/\/novatronicec.com\/index.php\/wp-json\/wp\/v2\/product"}],"about":[{"href":"https:\/\/novatronicec.com\/index.php\/wp-json\/wp\/v2\/types\/product"}],"wp:featuredmedia":[{"embeddable":true,"href":"https:\/\/novatronicec.com\/index.php\/wp-json\/wp\/v2\/media\/12303"}],"wp:attachment":[{"href":"https:\/\/novatronicec.com\/index.php\/wp-json\/wp\/v2\/media?parent=12302"}],"wp:term":[{"taxonomy":"product_brand","embeddable":true,"href":"https:\/\/novatronicec.com\/index.php\/wp-json\/wp\/v2\/product_brand?post=12302"},{"taxonomy":"product_cat","embeddable":true,"href":"https:\/\/novatronicec.com\/index.php\/wp-json\/wp\/v2\/product_cat?post=12302"},{"taxonomy":"product_tag","embeddable":true,"href":"https:\/\/novatronicec.com\/index.php\/wp-json\/wp\/v2\/product_tag?post=12302"}],"curies":[{"name":"wp","href":"https:\/\/api.w.org\/{rel}","templated":true}]}}