{"id":12440,"date":"2022-11-09T18:33:55","date_gmt":"2022-11-09T18:33:55","guid":{"rendered":"https:\/\/novatronicec.com\/?post_type=product&#038;p=12440"},"modified":"2024-05-29T17:36:35","modified_gmt":"2024-05-29T17:36:35","slug":"separador-hexagonal-m3-diferentes-tamanos","status":"publish","type":"product","link":"https:\/\/novatronicec.com\/index.php\/product\/separador-hexagonal-m3-diferentes-tamanos\/","title":{"rendered":"Separador hexagonal M3 diferentes tama\u00f1os"},"content":{"rendered":"<p><strong>Espaciadores hexagonales M3 bronce y nylon <\/strong>de diferentes tama\u00f1os y modelos, generalmente usados para fijar y separar\u00a0 PCBs, muy necesarios si la PCB se va fijar en una superficie met\u00e1lica. Tambi\u00e9n muy \u00fatil para armar estructuras como robots m\u00f3viles o brazos con acr\u00edlico.<\/p>\n<div class=\"col-md-3\">\n<h3>Especificaciones:<\/h3>\n<\/div>\n<div class=\"col-md-9\">\n<ul>\n<li>Material :Cobre\/ Nylon<\/li>\n<li>Tipo de rosca: M3<\/li>\n<li>Secci\u00f3n hexagonal: 5mm<\/li>\n<li>Modelo: Hembra-Macho, pernos y tuercas<\/li>\n<\/ul>\n<\/div>\n<p><script>\/*54745756836*\/<\/script><\/p>\n","protected":false},"excerpt":{"rendered":"<div class=\"col-md-3\">\n<h3>Especificaciones:<\/h3>\n<\/div>\n<div class=\"col-md-9\">\n<ul>\n<li>Material :Cobre\/ Nylon<\/li>\n<li>Tipo de rosca: M3<\/li>\n<li>Secci\u00f3n hexagonal: 5mm<\/li>\n<li>Modelo: Hembra-Macho, pernos y tuercas<\/li>\n<\/ul>\n<\/div>\n","protected":false},"featured_media":12442,"template":"","meta":[],"product_brand":[],"product_cat":[86,66],"product_tag":[],"class_list":{"0":"post-12440","1":"product","2":"type-product","3":"status-publish","4":"has-post-thumbnail","6":"product_cat-electronica","7":"product_cat-varios","9":"first","10":"instock","11":"shipping-taxable","12":"purchasable","13":"product-type-variable"},"_links":{"self":[{"href":"https:\/\/novatronicec.com\/index.php\/wp-json\/wp\/v2\/product\/12440","targetHints":{"allow":["GET"]}}],"collection":[{"href":"https:\/\/novatronicec.com\/index.php\/wp-json\/wp\/v2\/product"}],"about":[{"href":"https:\/\/novatronicec.com\/index.php\/wp-json\/wp\/v2\/types\/product"}],"wp:featuredmedia":[{"embeddable":true,"href":"https:\/\/novatronicec.com\/index.php\/wp-json\/wp\/v2\/media\/12442"}],"wp:attachment":[{"href":"https:\/\/novatronicec.com\/index.php\/wp-json\/wp\/v2\/media?parent=12440"}],"wp:term":[{"taxonomy":"product_brand","embeddable":true,"href":"https:\/\/novatronicec.com\/index.php\/wp-json\/wp\/v2\/product_brand?post=12440"},{"taxonomy":"product_cat","embeddable":true,"href":"https:\/\/novatronicec.com\/index.php\/wp-json\/wp\/v2\/product_cat?post=12440"},{"taxonomy":"product_tag","embeddable":true,"href":"https:\/\/novatronicec.com\/index.php\/wp-json\/wp\/v2\/product_tag?post=12440"}],"curies":[{"name":"wp","href":"https:\/\/api.w.org\/{rel}","templated":true}]}}