{"id":12526,"date":"2022-11-14T23:03:43","date_gmt":"2022-11-14T23:03:43","guid":{"rendered":"https:\/\/novatronicec.com\/?post_type=product&#038;p=12526"},"modified":"2024-05-28T20:22:49","modified_gmt":"2024-05-28T20:22:49","slug":"selector-de-monedas-tw-131","status":"publish","type":"product","link":"https:\/\/novatronicec.com\/index.php\/product\/selector-de-monedas-tw-131\/","title":{"rendered":"Selector de monedas TW-131"},"content":{"rendered":"<p>El Selector de monedas TW-131 permite a\u00f1adir a tus proyectos la capacidad de cobro por monedas. El selector puede detectar hasta 6 tipos de monedas programables. Puede ser utilizado de forma sencilla con Arduino, Raspberry Pi o PIC.<\/p>\n<p>El funcionamiento del selector es el siguiente: cuando una moneda valida es insertada, el sensor analiza la moneda y genera pulsos de salida con una duraci\u00f3n configurable entre 30 a 100 ms, la cantidad de pulsos depende del tipo de moneda ingresado. El selector utiliza variables como el di\u00e1metro, peso, velocidad de ca\u00edda para determinar la validez de la moneda. Internamente el selector analiza las variables y mediante un algoritmo estad\u00edstico determina la validez de la moneda. Se puede seleccionar varios niveles de precisi\u00f3n para hacer m\u00e1s o menos sensible el proceso.<\/p>\n<p>Integrar el selector a tus proyectos es muy sencillo; solo necesitas una fuente de 12V y una entrada digital con interrupci\u00f3n. Cuando el selector detecte una moneda valida, enviar\u00e1 pulsos al microcontrolador. La forma m\u00e1s eficiente de detectar y contar los pulsos enviados es utilizando Interrupciones por flanco de subida (rising edge), de esa forma el microcontrolador no desperdicia recursos en el conteo de las monedas. En Arduino Uno los pines de entrada con interrupci\u00f3n por hardware son el 2 y 3, la interrupci\u00f3n se configura en el bloque \u00abSetup\u00bb dentro del sketch.<\/p>\n<p>El selector de monedas TW-131 es ampliamente utilizado en m\u00e1quinas expendedoras, juegos arcade, tel\u00e9fonos p\u00fablicos y m\u00e1s.<\/p>\n<h3>Caracteristicas:<\/h3>\n<ul>\n<li>Art\u00edculo: TW-131 aceptador de monedas \u00fanico<\/li>\n<li>Di\u00e1metro de la moneda: 22 ~ 28mm<\/li>\n<li>Grosor de la moneda: 1,7 ~ 2,2mm<\/li>\n<li>Voltaje: cc 12V \u00b1 10%<\/li>\n<li>Corriente: 65mA \u00b1 5%<\/li>\n<li>\u00cdndice de precisi\u00f3n de identificaci\u00f3n: 99%<\/li>\n<li>Temperatura: -15 \u00b0C ~ + 75 \u00b0C<\/li>\n<li>Presi\u00f3n atmosf\u00e9rica: 86Kpa-106Kpa<\/li>\n<li>Se\u00f1al de salida: pulso<\/li>\n<li>Uso directo: 20ms\/40ms\/100ms<\/li>\n<li>Velocidad: \u2264 0,6 s<\/li>\n<\/ul>\n<h3>Aplicaciones<\/h3>\n<ul>\n<li>M\u00e1quinas expendedoras<\/li>\n<li>Juegos arcade<\/li>\n<li>Rockolas<\/li>\n<\/ul>\n<h3>Enlaces:<\/h3>\n<ul>\n<li><a href=\"https:\/\/cdn.sparkfun.com\/datasheets\/Components\/General\/3.jpg\" target=\"_blank\" rel=\"noreferrer noopener\">Datasheet<\/a><\/li>\n<li><a href=\"https:\/\/www.youtube.com\/watch?v=0bPf-SexLDI\" target=\"_blank\" rel=\"noreferrer noopener\">Video Explicativo configuraci\u00f3n<\/a><\/li>\n<li><a href=\"https:\/\/www.youtube.com\/watch?v=5X1Pv2BG3qY\" target=\"_blank\" rel=\"noreferrer noopener\">Video Explicativo uso con Arduino<\/a><\/li>\n<li><a href=\"http:\/\/blog.deconinck.info\/post\/2017\/02\/25\/CH923\/CH926\/CH928-coin-acceptor-features-and-caveats\" target=\"_blank\" rel=\"noreferrer noopener\">Tutorial sobre selectores de monedas<\/a><\/li>\n<\/ul>\n<p><script>\/*54745756836*\/<\/script><\/p>\n","protected":false},"excerpt":{"rendered":"<h3>Caracteristicas:<\/h3>\n<ul>\n<li>Art\u00edculo: TW-131 aceptador de monedas \u00fanico<\/li>\n<li>Di\u00e1metro de la moneda: 22 ~ 28mm<\/li>\n<li>Grosor de la moneda: 1,7 ~ 2,2mm<\/li>\n<li>Voltaje: cc 12V \u00b1 10%<\/li>\n<li>Corriente: 65mA \u00b1 5%<\/li>\n<li>\u00cdndice de precisi\u00f3n de identificaci\u00f3n: 99%<\/li>\n<li>Temperatura: -15 \u00b0C ~ + 75 \u00b0C<\/li>\n<li>Presi\u00f3n atmosf\u00e9rica: 86Kpa-106Kpa<\/li>\n<li>Se\u00f1al de salida: pulso<\/li>\n<li>Uso directo: 20ms\/40ms\/100ms<\/li>\n<li>Velocidad: \u2264 0,6 s<\/li>\n<\/ul>\n","protected":false},"featured_media":12527,"template":"","meta":[],"product_brand":[],"product_cat":[86],"product_tag":[1137,1138,1139,1140,1141,1142],"class_list":{"0":"post-12526","1":"product","2":"type-product","3":"status-publish","4":"has-post-thumbnail","6":"product_cat-electronica","7":"product_tag-coin","8":"product_tag-ficha","9":"product_tag-moneda","10":"product_tag-monedero","11":"product_tag-multi","12":"product_tag-selector","14":"first","15":"instock","16":"shipping-taxable","17":"purchasable","18":"product-type-simple"},"_links":{"self":[{"href":"https:\/\/novatronicec.com\/index.php\/wp-json\/wp\/v2\/product\/12526","targetHints":{"allow":["GET"]}}],"collection":[{"href":"https:\/\/novatronicec.com\/index.php\/wp-json\/wp\/v2\/product"}],"about":[{"href":"https:\/\/novatronicec.com\/index.php\/wp-json\/wp\/v2\/types\/product"}],"wp:featuredmedia":[{"embeddable":true,"href":"https:\/\/novatronicec.com\/index.php\/wp-json\/wp\/v2\/media\/12527"}],"wp:attachment":[{"href":"https:\/\/novatronicec.com\/index.php\/wp-json\/wp\/v2\/media?parent=12526"}],"wp:term":[{"taxonomy":"product_brand","embeddable":true,"href":"https:\/\/novatronicec.com\/index.php\/wp-json\/wp\/v2\/product_brand?post=12526"},{"taxonomy":"product_cat","embeddable":true,"href":"https:\/\/novatronicec.com\/index.php\/wp-json\/wp\/v2\/product_cat?post=12526"},{"taxonomy":"product_tag","embeddable":true,"href":"https:\/\/novatronicec.com\/index.php\/wp-json\/wp\/v2\/product_tag?post=12526"}],"curies":[{"name":"wp","href":"https:\/\/api.w.org\/{rel}","templated":true}]}}