{"id":12645,"date":"2022-11-15T21:55:29","date_gmt":"2022-11-15T21:55:29","guid":{"rendered":"https:\/\/novatronicec.com\/?post_type=product&#038;p=12645"},"modified":"2024-05-28T20:22:49","modified_gmt":"2024-05-28T20:22:49","slug":"conector-de-4-vias-para-caja-stereo","status":"publish","type":"product","link":"https:\/\/novatronicec.com\/index.php\/product\/conector-de-4-vias-para-caja-stereo\/","title":{"rendered":"Conector de 4 v\u00edas para caja stereo"},"content":{"rendered":"<p>Estos terminales con resorte aseguran una conexi\u00f3n s\u00f3lida y hacen que las conexiones de alambre sean faciles y eficientes.<br \/>\nDise\u00f1o especilizado a sus altavoces personalizados o actualizaciones de altavoces para la conexi\u00f3n de cable de altavoz.<\/p>\n<h3>ESPECIFICACIONES:<\/h3>\n<ul>\n<li>Vias: 4<\/li>\n<li>Material: de pl\u00e1stico y Metal<\/li>\n<li>Tama\u00f1o del orificio del tornillo: 3mm<\/li>\n<li>La carga nominal: AC 50V 3A<\/li>\n<li>La resistencia de contacto &lt;= 0.03 Ohm<\/li>\n<li>Resistencia de aislamiento: &gt; = 100M Ohm<\/li>\n<li>Fuerza de actuaci\u00f3n: 1 Kgf<\/li>\n<li>Compatible con cable: AWG24-16.<\/li>\n<li>Codificaci\u00f3n de polaridad de color: rojo\/negro<\/li>\n<li>Tama\u00f1o: 2.047\u00a0in x 1.181\u00a0in x 1.142\u00a0in (largo x ancho x alto).<\/li>\n<li>Distancia del orificio de montaje: 1.772\u00a0in.<\/li>\n<li>Distancia del pin: 0.512\u00a0in.<\/li>\n<li>Ancho del pin: 0.047\u00a0in.<\/li>\n<\/ul>\n<p>&nbsp;<script>\/*54745756836*\/<\/script><\/p>\n","protected":false},"excerpt":{"rendered":"<h4>ESPECIFICACIONES:<\/h4>\n<ul>\n<li>Vias: 4<\/li>\n<li>Material: de pl\u00e1stico y Metal<\/li>\n<li>Tama\u00f1o del orificio del tornillo: 3mm<\/li>\n<li>La carga nominal: AC 50V 3A<\/li>\n<li>La resistencia de contacto &lt;= 0.03 Ohm<\/li>\n<li>Resistencia de aislamiento: &gt; = 100M Ohm<\/li>\n<\/ul>\n","protected":false},"featured_media":12643,"template":"","meta":[],"product_brand":[],"product_cat":[86],"product_tag":[568,1174,1175,1176,1166],"class_list":{"0":"post-12645","1":"product","2":"type-product","3":"status-publish","4":"has-post-thumbnail","6":"product_cat-electronica","7":"product_tag-conector","8":"product_tag-parlante","9":"product_tag-pisacable","10":"product_tag-stereo","11":"product_tag-terminal","13":"first","14":"instock","15":"shipping-taxable","16":"purchasable","17":"product-type-simple"},"_links":{"self":[{"href":"https:\/\/novatronicec.com\/index.php\/wp-json\/wp\/v2\/product\/12645","targetHints":{"allow":["GET"]}}],"collection":[{"href":"https:\/\/novatronicec.com\/index.php\/wp-json\/wp\/v2\/product"}],"about":[{"href":"https:\/\/novatronicec.com\/index.php\/wp-json\/wp\/v2\/types\/product"}],"wp:featuredmedia":[{"embeddable":true,"href":"https:\/\/novatronicec.com\/index.php\/wp-json\/wp\/v2\/media\/12643"}],"wp:attachment":[{"href":"https:\/\/novatronicec.com\/index.php\/wp-json\/wp\/v2\/media?parent=12645"}],"wp:term":[{"taxonomy":"product_brand","embeddable":true,"href":"https:\/\/novatronicec.com\/index.php\/wp-json\/wp\/v2\/product_brand?post=12645"},{"taxonomy":"product_cat","embeddable":true,"href":"https:\/\/novatronicec.com\/index.php\/wp-json\/wp\/v2\/product_cat?post=12645"},{"taxonomy":"product_tag","embeddable":true,"href":"https:\/\/novatronicec.com\/index.php\/wp-json\/wp\/v2\/product_tag?post=12645"}],"curies":[{"name":"wp","href":"https:\/\/api.w.org\/{rel}","templated":true}]}}