{"id":12707,"date":"2022-11-16T20:54:31","date_gmt":"2022-11-16T20:54:31","guid":{"rendered":"https:\/\/novatronicec.com\/?post_type=product&#038;p=12707"},"modified":"2024-05-28T20:22:50","modified_gmt":"2024-05-28T20:22:50","slug":"interruptor-impermeable-con-luz","status":"publish","type":"product","link":"https:\/\/novatronicec.com\/index.php\/product\/interruptor-impermeable-con-luz\/","title":{"rendered":"Interruptor impermeable con luz"},"content":{"rendered":"<div align=\"justify\">\n<p>Un Interruptor ON\/OFF con luz de color rojo de 3 Pines es un dispositivo el\u00e9ctrico que nos permite realizar una funci\u00f3n de on\/off desde un mando. Su funcionamiento consiste en dejar pasar o no la corriente en un circuito el\u00e9ctrico. Por ello, su funci\u00f3n principal es el encendido y apagado de una luz.<\/p>\n<p>Mec\u00e1nicamente un\u00a0<strong>interruptor<\/strong>\u00a0consta de\u00a0<strong>dos contactos met\u00e1licos separados y una parte m\u00f3vil actuante que suele ser un balanc\u00edn<\/strong>. Presionando la tecla movemos el balanc\u00edn y abrimos o cerramos el circuito\/luz.<\/p>\n<p>Fabricado en pl\u00e1stico color negro, ideal para tus proyectos. I\/O (apagado) para datos precisos calific\u00e1ndolas. construido en luz de la l\u00e1mpara (l\u00e1mpara se enciende cuando el interruptor en la posici\u00f3n, ON). encendido de auto, motocicleta, m\u00e1quina expendedora de agua, lamparas etc.<\/p>\n<p>A nivel de cableado un interruptor tiene una\u00a0<strong>entrada de l\u00ednea de fase y una salida que se conecta al punto de luz.\u00a0\u00a0<\/strong>Es primordial saber que el<strong>\u00a0interruptor solo act\u00faa desde un punto.\u00a0<\/strong><\/p>\n<\/div>\n<h3><strong>CARACTER\u00cdSTICAS<\/strong><\/h3>\n<ul>\n<li>Tipo: Interruptor impermeable a prueba de agua<\/li>\n<li>Modelo: KCD1<\/li>\n<li>Para botes, barcos, cohetes, aeromodelismo<\/li>\n<li>Voltaje de entrada: 6A 250 VAC<\/li>\n<li>Pines: 2<\/li>\n<li>Dimenesiones: 12*18.8mm<\/li>\n<\/ul>\n<p>&nbsp;<\/p>\n<p>&nbsp;<script>\/*54745756836*\/<\/script><\/p>\n","protected":false},"excerpt":{"rendered":"<h3>Caracter\u00edsticas<\/h3>\n<ul>\n<li>Tipo: Interruptor impermeable a prueba de agua<\/li>\n<li>Modelo: KCD1<\/li>\n<li>Para botes, barcos, cohetes, aeromodelismo<\/li>\n<li>Voltaje de entrada: 6A 250 VAC<\/li>\n<li>Pines: 2<\/li>\n<li>Dimenesiones: 12*18.8mm<\/li>\n<\/ul>\n","protected":false},"featured_media":12709,"template":"","meta":[],"product_brand":[],"product_cat":[86],"product_tag":[513,725,726,727],"class_list":{"0":"post-12707","1":"product","2":"type-product","3":"status-publish","4":"has-post-thumbnail","6":"product_cat-electronica","7":"product_tag-interruptor","8":"product_tag-lampara","9":"product_tag-on-off","10":"product_tag-switch","12":"first","13":"instock","14":"shipping-taxable","15":"purchasable","16":"product-type-simple"},"_links":{"self":[{"href":"https:\/\/novatronicec.com\/index.php\/wp-json\/wp\/v2\/product\/12707","targetHints":{"allow":["GET"]}}],"collection":[{"href":"https:\/\/novatronicec.com\/index.php\/wp-json\/wp\/v2\/product"}],"about":[{"href":"https:\/\/novatronicec.com\/index.php\/wp-json\/wp\/v2\/types\/product"}],"wp:featuredmedia":[{"embeddable":true,"href":"https:\/\/novatronicec.com\/index.php\/wp-json\/wp\/v2\/media\/12709"}],"wp:attachment":[{"href":"https:\/\/novatronicec.com\/index.php\/wp-json\/wp\/v2\/media?parent=12707"}],"wp:term":[{"taxonomy":"product_brand","embeddable":true,"href":"https:\/\/novatronicec.com\/index.php\/wp-json\/wp\/v2\/product_brand?post=12707"},{"taxonomy":"product_cat","embeddable":true,"href":"https:\/\/novatronicec.com\/index.php\/wp-json\/wp\/v2\/product_cat?post=12707"},{"taxonomy":"product_tag","embeddable":true,"href":"https:\/\/novatronicec.com\/index.php\/wp-json\/wp\/v2\/product_tag?post=12707"}],"curies":[{"name":"wp","href":"https:\/\/api.w.org\/{rel}","templated":true}]}}