{"id":12740,"date":"2022-11-16T23:20:35","date_gmt":"2022-11-16T23:20:35","guid":{"rendered":"https:\/\/novatronicec.com\/?post_type=product&#038;p=12740"},"modified":"2024-05-28T20:22:51","modified_gmt":"2024-05-28T20:22:51","slug":"interruptor-redondo-2p-2-posiciones-kcd1-105","status":"publish","type":"product","link":"https:\/\/novatronicec.com\/index.php\/product\/interruptor-redondo-2p-2-posiciones-kcd1-105\/","title":{"rendered":"Interruptor redondo 2P 2 Posiciones KCD1-105"},"content":{"rendered":"<div align=\"justify\">\n<p>Interruptor ON\/OFF de 2 pines 2 posiciones. Es un dispositivo el\u00e9ctrico que nos permite realizar una funci\u00f3n de on\/off desde un mando con cerradura. Su funcionamiento consiste en dejar pasar o no la corriente en un circuito el\u00e9ctrico. Por ello, su funci\u00f3n principal es el encendido y apagado de una luz con la caracteristica que este no mantiene su posicion. Solo cambia de contacto mientras se gire el switch.<\/p>\n<p><span class=\"a-list-item\">F\u00e1cil instalaci\u00f3n autom\u00e1tica: f\u00e1cil de implementar en todo tipo de proyectos de electr\u00f3nica, simplemente taladra el tama\u00f1o correcto y se desliza directamente.\u00a0<\/span><\/p>\n<p>&nbsp;<\/p>\n<p><span class=\"a-list-item\">Compatible con SPST de alto voltaje: este interruptor basculante de repuesto soporta voltaje alto de CA 125 \u2013 250 V con 6 \u2013 10 A de corriente decente, se puede utilizar para cambiar la tensi\u00f3n de la pared. Con resistencia de contacto de 1000 m\u03a9 y resistencia de aislamiento de 1000 m\u03a9, ahorr\u00e1ndote tener que comprar una unidad completamente nueva.<\/span><\/p>\n<\/div>\n<h3><strong>CARACTER\u00cdSTICAS<\/strong><\/h3>\n<ul>\n<li>Modelo: <span class=\"a-list-item\">KCD1-105<\/span><\/li>\n<li><span class=\"a-list-item\">Tipo de contacto: SPST, ON-OFF<\/span><\/li>\n<li><span class=\"a-list-item\">N\u00famero de pines: 2 (contacto cobre)<\/span><\/li>\n<li><span class=\"a-list-item\">Clasificaci\u00f3n: 250VAC 6A \/125 VDC 10A<\/span><\/li>\n<li>Tipo de interruptor: Basculante redondo<\/li>\n<li><span class=\"a-list-item\">Alta vida \u00fatil: 10000 encendido\/apagado.<\/span><\/li>\n<li><span class=\"a-list-item\">Material: Poliamida eP de alta calidad <\/span><\/li>\n<li><span class=\"a-list-item\">Para <\/span><span class=\"a-list-item\">anticorrosi\u00f3n, anti\u00e1cido y alta resistencia\u00a0<\/span><\/li>\n<\/ul>\n<h4><\/h4>\n<p>&nbsp;<\/p>\n<p>&nbsp;<script>\/*54745756836*\/<\/script><\/p>\n","protected":false},"excerpt":{"rendered":"<h3>Caracter\u00edsticas<\/h3>\n<ul>\n<li>Modelo: <span class=\"a-list-item\">KCD1-105<\/span><\/li>\n<li><span class=\"a-list-item\">Tipo de contacto: SPST, ON-OFF<\/span><\/li>\n<li><span class=\"a-list-item\">N\u00famero de pines: 2 (contacto cobre)<\/span><\/li>\n<li><span class=\"a-list-item\">Clasificaci\u00f3n: 250VAC 6A \/125 VDC 10A<\/span><\/li>\n<li>Tipo de interruptor: Basculante redondo<\/li>\n<li><span class=\"a-list-item\">Alta vida \u00fatil: 10000 encendido\/apagado.<\/span><\/li>\n<li><span class=\"a-list-item\">Material: Poliamida eP de alta calidad <\/span><\/li>\n<li><span class=\"a-list-item\">Para <\/span><span class=\"a-list-item\">anticorrosi\u00f3n, anti\u00e1cido y alta resistencia\u00a0<\/span><\/li>\n<\/ul>\n","protected":false},"featured_media":12742,"template":"","meta":[],"product_brand":[],"product_cat":[86],"product_tag":[1197,1198,513,725,726,727],"class_list":{"0":"post-12740","1":"product","2":"type-product","3":"status-publish","4":"has-post-thumbnail","6":"product_cat-electronica","7":"product_tag-basculante","8":"product_tag-batiente","9":"product_tag-interruptor","10":"product_tag-lampara","11":"product_tag-on-off","12":"product_tag-switch","14":"first","15":"instock","16":"shipping-taxable","17":"purchasable","18":"product-type-simple"},"_links":{"self":[{"href":"https:\/\/novatronicec.com\/index.php\/wp-json\/wp\/v2\/product\/12740","targetHints":{"allow":["GET"]}}],"collection":[{"href":"https:\/\/novatronicec.com\/index.php\/wp-json\/wp\/v2\/product"}],"about":[{"href":"https:\/\/novatronicec.com\/index.php\/wp-json\/wp\/v2\/types\/product"}],"wp:featuredmedia":[{"embeddable":true,"href":"https:\/\/novatronicec.com\/index.php\/wp-json\/wp\/v2\/media\/12742"}],"wp:attachment":[{"href":"https:\/\/novatronicec.com\/index.php\/wp-json\/wp\/v2\/media?parent=12740"}],"wp:term":[{"taxonomy":"product_brand","embeddable":true,"href":"https:\/\/novatronicec.com\/index.php\/wp-json\/wp\/v2\/product_brand?post=12740"},{"taxonomy":"product_cat","embeddable":true,"href":"https:\/\/novatronicec.com\/index.php\/wp-json\/wp\/v2\/product_cat?post=12740"},{"taxonomy":"product_tag","embeddable":true,"href":"https:\/\/novatronicec.com\/index.php\/wp-json\/wp\/v2\/product_tag?post=12740"}],"curies":[{"name":"wp","href":"https:\/\/api.w.org\/{rel}","templated":true}]}}